{"id":13472,"date":"2015-04-29T10:19:35","date_gmt":"2015-04-29T10:19:35","guid":{"rendered":"http:\/\/www2.intecsaindustrial.com\/?page_id=13472"},"modified":"2023-02-07T10:12:18","modified_gmt":"2023-02-07T10:12:18","slug":"salud-seguridad-medioambiente-2","status":"publish","type":"page","link":"https:\/\/www.intecsaindustrial.com\/es\/salud-seguridad-medioambiente-2\/","title":{"rendered":"Salud, Seguridad y Medioambiente"},"content":{"rendered":"<div class=\"fusion-fullwidth fullwidth-box fusion-builder-row-1 hundred-percent-fullwidth non-hundred-percent-height-scrolling\" style=\"--awb-border-radius-top-left:0px;--awb-border-radius-top-right:0px;--awb-border-radius-bottom-right:0px;--awb-border-radius-bottom-left:0px;--awb-overflow:visible;--awb-flex-wrap:wrap;\" ><div class=\"fusion-builder-row fusion-row\"><div class=\"fusion-layout-column fusion_builder_column fusion-builder-column-0 fusion_builder_column_1_6 1_6 fusion-one-sixth fusion-column-first\" style=\"--awb-bg-size:cover;width:13.3333%; margin-right: 4%;\"><div class=\"fusion-column-wrapper fusion-flex-column-wrapper-legacy\"><div class=\"fusion-image-element fusion-image-align-right in-legacy-container\" style=\"text-align:right;--awb-caption-title-font-family:var(--h2_typography-font-family);--awb-caption-title-font-weight:var(--h2_typography-font-weight);--awb-caption-title-font-style:var(--h2_typography-font-style);--awb-caption-title-size:var(--h2_typography-font-size);--awb-caption-title-transform:var(--h2_typography-text-transform);--awb-caption-title-line-height:var(--h2_typography-line-height);--awb-caption-title-letter-spacing:var(--h2_typography-letter-spacing);\"><span class=\" fusion-imageframe imageframe-none imageframe-1 hover-type-none\" style=\"margin-left:25px;float:right;\"><img decoding=\"async\" src=\"https:\/\/www.intecsaindustrial.com\/wp-content\/uploads\/2015\/04\/circulo-salud.png\" alt class=\"img-responsive\"\/><\/span><\/div><div class=\"fusion-clearfix\"><\/div><\/div><\/div><div class=\"fusion-layout-column fusion_builder_column fusion-builder-column-1 fusion_builder_column_1_3 1_3 fusion-one-third\" style=\"--awb-bg-size:cover;width:30.6666%; margin-right: 4%;\"><div class=\"fusion-column-wrapper fusion-flex-column-wrapper-legacy\"><div class=\"fusion-text fusion-text-1\"><p style=\"text-align: center;\">Identificar los Peligros y Evaluar los Riesgos para la Salud son la base de una acertada y eficaz Protecci\u00f3n de la Salud desde la fase inicial del proyecto.<\/p>\n<p style=\"text-align: center;\">Nuestro compromiso con la Salud y el Bienestar de todas las personas que participan en nuestros proyectos, se materializa a trav\u00e9s del desarrollo de Programas Espec\u00edficos para la Protecci\u00f3n de la Salud.<\/p>\n<pre id=\"tw-target-text\" class=\"tw-data-text vk_txt tw-ta tw-text-small\" dir=\"ltr\" data-placeholder=\"Traducci\u00f3n\" data-fulltext=\"\"><\/pre>\n<\/div><div class=\"fusion-sep-clear\"><\/div><div class=\"fusion-separator fusion-full-width-sep\" style=\"margin-left: auto;margin-right: auto;margin-top:5px;margin-bottom:5px;width:100%;\"><\/div><div class=\"fusion-sep-clear\"><\/div><div class=\"fusion-aligncenter\"><a class=\"fusion-button button-flat fusion-button-default-size button-custom fusion-button-default button-1 fusion-button-default-span fusion-button-default-type fusion-has-button-gradient\" style=\"--button_accent_color:#ffffff;--button_border_color:#ffffff;--button_accent_hover_color:#105378;--button_border_hover_color:#105378;--button_border_width-top:1px;--button_border_width-right:1px;--button_border_width-bottom:1px;--button_border_width-left:1px;--button_gradient_top_color:#0064cd;--button_gradient_bottom_color:#003d7e;--button_gradient_top_color_hover:#5aabd6;--button_gradient_bottom_color_hover:#90c9e8;\" target=\"_self\" href=\"#\" data-toggle=\"modal\" data-target=\".fusion-modal.Healthmodal\"><span class=\"fusion-button-text awb-button__text awb-button__text--default\">C\u00f3mo Conseguirlo<\/span><\/a><\/div><div class=\"fusion-modal modal fade modal-1 Healthmodal\" tabindex=\"-1\" role=\"dialog\" aria-labelledby=\"modal-heading-1\" aria-hidden=\"true\" style=\"--awb-border-color:#ebebeb;--awb-background:#f6f6f6;\"><div class=\"modal-dialog modal-lg\" role=\"document\"><div class=\"modal-content fusion-modal-content\"><div class=\"modal-header\"><button class=\"close\" type=\"button\" data-dismiss=\"modal\" aria-hidden=\"true\" aria-label=\"Close\">&times;<\/button><h3 class=\"modal-title\" id=\"modal-heading-1\" data-dismiss=\"modal\" aria-hidden=\"true\"><\/h3><\/div><div class=\"modal-body fusion-clearfix\">\n<p style=\"text-align: center;\"><img decoding=\"async\" class=\"alignnone wp-image-14031 size-full\" src=\"https:\/\/www.intecsaindustrial.com\/wp-content\/uploads\/2015\/04\/cir-salud-g.jpg\" alt=\"\" width=\"670\" height=\"349\" \/><\/p>\n<p style=\"text-align: center;\"><span style=\"color: #003355;\"><strong>Evitar el riesgo<\/strong><\/span> en su <strong><span style=\"color: #003355;\">origen<\/span><\/strong> mediante el desarrollo de <span style=\"color: #003355;\"><strong>Estudios de Salud Laboral.<\/strong><\/span><\/p>\n<p style=\"text-align: center;\"><span style=\"color: #003355;\"><strong>Eliminar,<\/strong><\/span> o si no fuera posible, <span style=\"color: #003355;\"><strong>Reducir la Exposici\u00f3n a Agentes F\u00edsicos y Qu\u00edmicos<\/strong><\/span> a\u00a0niveles tolerables.<\/p>\n<p style=\"text-align: center;\">Desarrollo de <span style=\"color: #003355;\"><strong>Programas de Protecci\u00f3n y vigilancia de la Salud.<\/strong><\/span><\/p>\n<p style=\"text-align: center;\">Proporcionar los <span style=\"color: #003355;\"><strong>Equipos de Protecci\u00f3n Personal m\u00e1s adecuados<\/strong><\/span> para reducir el riesgo al m\u00ednimo.<\/p>\n<p style=\"text-align: center;\">Garantizar la<strong><span style=\"color: #003355;\"> Asistencia M\u00e9dica Avanzada<\/span><\/strong> para todo el personal involucrado en nuestros proyectos.<\/p>\n<\/div><\/div><\/div><\/div><div class=\"fusion-clearfix\"><\/div><\/div><\/div><div class=\"fusion-layout-column fusion_builder_column fusion-builder-column-2 fusion_builder_column_1_3 1_3 fusion-one-third\" style=\"--awb-bg-size:cover;width:30.6666%; margin-right: 4%;\"><div class=\"fusion-column-wrapper fusion-flex-column-wrapper-legacy\"><div class=\"fusion-text fusion-text-2\"><p style=\"text-align: center;\">Alcanzar los niveles de desempe\u00f1o\/cumplimiento m\u00e1s altos, seg\u00fan la Legislaci\u00f3n Local y los est\u00e1ndares aplicables, es el \u00fanico camino hacia el \u00e9xito.<\/p>\n<p style=\"text-align: center;\">La dedicaci\u00f3n completa de profesionales altamente cualificados en todas las fases del proyecto, junto con la mejora continua, el an\u00e1lisis de\u00a0los indicadores clave (KPI) y la\u00a0toma de medidas preventivas necesarias.<\/p>\n<\/div><div class=\"fusion-sep-clear\"><\/div><div class=\"fusion-separator fusion-full-width-sep\" style=\"margin-left: auto;margin-right: auto;margin-top:5px;margin-bottom:5px;width:100%;\"><\/div><div class=\"fusion-sep-clear\"><\/div><div class=\"fusion-aligncenter\"><a class=\"fusion-button button-flat fusion-button-default-size button-custom fusion-button-default button-2 fusion-button-default-span fusion-button-default-type fusion-has-button-gradient\" style=\"--button_accent_color:#ffffff;--button_border_color:#ffffff;--button_accent_hover_color:#105378;--button_border_hover_color:#105378;--button_border_width-top:1px;--button_border_width-right:1px;--button_border_width-bottom:1px;--button_border_width-left:1px;--button_gradient_top_color:#f7921e;--button_gradient_bottom_color:#f5801f;--button_gradient_top_color_hover:#5aabd6;--button_gradient_bottom_color_hover:#90c9e8;\" target=\"_self\" href=\"#\" data-toggle=\"modal\" data-target=\".fusion-modal.seguridadmodal\"><span class=\"fusion-button-text awb-button__text awb-button__text--default\">C\u00f3mo Conseguirlo<\/span><\/a><\/div><div class=\"fusion-modal modal fade modal-2 seguridadmodal\" tabindex=\"-1\" role=\"dialog\" aria-labelledby=\"modal-heading-2\" aria-hidden=\"true\" style=\"--awb-border-color:#ebebeb;--awb-background:#f6f6f6;\"><div class=\"modal-dialog modal-lg\" role=\"document\"><div class=\"modal-content fusion-modal-content\"><div class=\"modal-header\"><button class=\"close\" type=\"button\" data-dismiss=\"modal\" aria-hidden=\"true\" aria-label=\"Close\">&times;<\/button><h3 class=\"modal-title\" id=\"modal-heading-2\" data-dismiss=\"modal\" aria-hidden=\"true\"><\/h3><\/div><div class=\"modal-body fusion-clearfix\">\n<p style=\"text-align: center;\"><a href=\"http:\/\/www2.intecsaindustrial.com\/wp-content\/uploads\/2015\/04\/Safety-circle.png\"><img decoding=\"async\" class=\"aligncenter wp-image-13475 size-full\" src=\"https:\/\/www.intecsaindustrial.com\/wp-content\/uploads\/2015\/04\/Safety-circle.png\" alt=\"\" width=\"582\" height=\"359\" \/><\/a><\/p>\n<p style=\"text-align: center;\">Desarrollo e implementaci\u00f3n de <strong><span style=\"color: #f5801f;\">Programas, Planes y Procedimientos<\/span><\/strong> de Seguridad, hechos <strong><span style=\"color: #f5801f;\">\u201ca\u00a0medida\u201d<\/span><\/strong> para todas las fases del proyecto.<\/p>\n<p style=\"text-align: center;\"><span style=\"color: #f5801f;\"><strong>Evaluaci\u00f3n de Riesgos Contin\u00faa<\/strong><\/span> de todas las actividades del proyecto.<\/p>\n<p style=\"text-align: center;\">Fomentar y difundir una cultura de seguridad a trav\u00e9s de <span style=\"color: #f5801f;\"><strong>Programas de Formaci\u00f3n y Programas de Incentivos.<\/strong><\/span><\/p>\n<p style=\"text-align: center;\"><span style=\"color: #f5801f;\"><strong>Sin permiso de trabajo, no se trabaja.<\/strong><\/span><\/p>\n<p style=\"text-align: center;\"><span style=\"color: #f5801f;\"><strong>Inspecciones y Auditorias peri\u00f3dicas<\/strong><\/span> de todas las actividades del proyecto.<\/p>\n<p style=\"text-align: center;\">Investigaci\u00f3n de todos los incidentes y casi-accidentes, como parte de nuestro <span style=\"color: #f5801f;\"><strong>Proceso de Mejora Continua.<\/strong><\/span><\/p>\n<\/div><\/div><\/div><\/div><div class=\"fusion-clearfix\"><\/div><\/div><\/div><div class=\"fusion-layout-column fusion_builder_column fusion-builder-column-3 fusion_builder_column_1_6 1_6 fusion-one-sixth fusion-column-last\" style=\"--awb-bg-size:cover;width:13.3333%;\"><div class=\"fusion-column-wrapper fusion-flex-column-wrapper-legacy\"><div class=\"fusion-image-element fusion-image-align-left in-legacy-container\" style=\"text-align:left;--awb-caption-title-font-family:var(--h2_typography-font-family);--awb-caption-title-font-weight:var(--h2_typography-font-weight);--awb-caption-title-font-style:var(--h2_typography-font-style);--awb-caption-title-size:var(--h2_typography-font-size);--awb-caption-title-transform:var(--h2_typography-text-transform);--awb-caption-title-line-height:var(--h2_typography-line-height);--awb-caption-title-letter-spacing:var(--h2_typography-letter-spacing);\"><span class=\" fusion-imageframe imageframe-none imageframe-2 hover-type-none\" style=\"margin-right:25px;float:left;\"><img decoding=\"async\" width=\"100\" height=\"120\" title=\"Safety-circle-e1427284613693\" src=\"https:\/\/www.intecsaindustrial.com\/wp-content\/uploads\/2015\/03\/Safety-circle-e1427284613693.png\" alt class=\"img-responsive wp-image-18909\"\/><\/span><\/div><div class=\"fusion-clearfix\"><\/div><\/div><\/div><div class=\"fusion-layout-column fusion_builder_column fusion-builder-column-4 fusion_builder_column_1_1 1_1 fusion-one-full fusion-column-first fusion-column-last fusion-column-no-min-height\" style=\"--awb-bg-size:cover;--awb-margin-bottom:0px;\"><div class=\"fusion-column-wrapper fusion-flex-column-wrapper-legacy\"><div class=\"fusion-sep-clear\"><\/div><div class=\"fusion-separator fusion-full-width-sep\" style=\"margin-left: auto;margin-right: auto;margin-top:25px;margin-bottom:25px;width:100%;\"><\/div><div class=\"fusion-sep-clear\"><\/div><div class=\"fusion-clearfix\"><\/div><\/div><\/div><div class=\"fusion-layout-column fusion_builder_column fusion-builder-column-5 fusion_builder_column_1_3 1_3 fusion-one-third fusion-column-first\" style=\"--awb-bg-size:cover;width:30.6666%; margin-right: 4%;\"><div class=\"fusion-column-wrapper fusion-flex-column-wrapper-legacy\"><div class=\"fusion-clearfix\"><\/div><\/div><\/div><div class=\"fusion-layout-column fusion_builder_column fusion-builder-column-6 fusion_builder_column_1_3 1_3 fusion-one-third\" style=\"--awb-bg-size:cover;width:30.6666%; margin-right: 4%;\"><div class=\"fusion-column-wrapper fusion-flex-column-wrapper-legacy\"><div class=\"fusion-image-element fusion-image-align-center in-legacy-container\" style=\"text-align:center;--awb-caption-title-font-family:var(--h2_typography-font-family);--awb-caption-title-font-weight:var(--h2_typography-font-weight);--awb-caption-title-font-style:var(--h2_typography-font-style);--awb-caption-title-size:var(--h2_typography-font-size);--awb-caption-title-transform:var(--h2_typography-text-transform);--awb-caption-title-line-height:var(--h2_typography-line-height);--awb-caption-title-letter-spacing:var(--h2_typography-letter-spacing);\"><div class=\"imageframe-align-center\"><span class=\" fusion-imageframe imageframe-none imageframe-3 hover-type-none\"><img decoding=\"async\" width=\"96\" height=\"120\" title=\"Environment-circle-p-esp\" src=\"https:\/\/www.intecsaindustrial.com\/wp-content\/uploads\/2015\/04\/Environment-circle-p-esp-e1430305075129.png\" alt class=\"img-responsive wp-image-18839\"\/><\/span><\/div><\/div><div class=\"fusion-sep-clear\"><\/div><div class=\"fusion-separator fusion-full-width-sep\" style=\"margin-left: auto;margin-right: auto;margin-top:5px;margin-bottom:5px;width:100%;\"><\/div><div class=\"fusion-sep-clear\"><\/div><div class=\"fusion-text fusion-text-3\"><p style=\"text-align: center;\">La consideraci\u00f3n de nuestro planeta como sustento de la vida y no como un almac\u00e9n de recursos ni como un vertedero, y la firme convicci\u00f3n de que la gesti\u00f3n adecuada de los impactos ambientales de la actividad humana es clave para lograr la sostenibilidad, son los principios fundamentales en el desarrollo de nuestro negocio<\/p>\n<\/div><div class=\"fusion-sep-clear\"><\/div><div class=\"fusion-separator fusion-full-width-sep\" style=\"margin-left: auto;margin-right: auto;margin-top:5px;margin-bottom:5px;width:100%;\"><\/div><div class=\"fusion-sep-clear\"><\/div><div class=\"fusion-aligncenter\"><a class=\"fusion-button button-flat fusion-button-default-size button-custom fusion-button-default button-3 fusion-button-default-span fusion-button-default-type fusion-has-button-gradient\" style=\"--button_accent_color:#ffffff;--button_border_color:#ffffff;--button_accent_hover_color:#105378;--button_border_hover_color:#105378;--button_border_width-top:1px;--button_border_width-right:1px;--button_border_width-bottom:1px;--button_border_width-left:1px;--button_gradient_top_color:#84c03e;--button_gradient_bottom_color:#49993b;--button_gradient_top_color_hover:#5aabd6;--button_gradient_bottom_color_hover:#90c9e8;\" target=\"_self\" href=\"#\" data-toggle=\"modal\" data-target=\".fusion-modal.Environmentmodal\"><span class=\"fusion-button-text awb-button__text awb-button__text--default\">C\u00f3mo conseguirlo<\/span><\/a><\/div><div class=\"fusion-modal modal fade modal-3 Environmentmodal\" tabindex=\"-1\" role=\"dialog\" aria-labelledby=\"modal-heading-3\" aria-hidden=\"true\" style=\"--awb-border-color:#ebebeb;--awb-background:#f6f6f6;\"><div class=\"modal-dialog modal-lg\" role=\"document\"><div class=\"modal-content fusion-modal-content\"><div class=\"modal-header\"><button class=\"close\" type=\"button\" data-dismiss=\"modal\" aria-hidden=\"true\" aria-label=\"Close\">&times;<\/button><h3 class=\"modal-title\" id=\"modal-heading-3\" data-dismiss=\"modal\" aria-hidden=\"true\"><\/h3><\/div><div class=\"modal-body fusion-clearfix\">\n<p style=\"text-align: center;\"><a href=\"http:\/\/www2.intecsaindustrial.com\/wp-content\/uploads\/2015\/04\/Environment-circle-esp.png\"><img decoding=\"async\" class=\"aligncenter wp-image-13477 size-full\" src=\"http:\/\/www2.intecsaindustrial.com\/wp-content\/uploads\/2015\/04\/Environment-circle-esp.png\" alt=\"\" width=\"702\" height=\"361\" srcset=\"https:\/\/www.intecsaindustrial.com\/wp-content\/uploads\/2015\/04\/Environment-circle-esp-700x361.png 700w, https:\/\/www.intecsaindustrial.com\/wp-content\/uploads\/2015\/04\/Environment-circle-esp.png 702w\" sizes=\"(max-width: 702px) 100vw, 702px\" \/><\/a><\/p>\n<p style=\"text-align: center;\">Asegurar el cumplimiento de la Legislaci\u00f3n Ambiental Local y los Est\u00e1ndares Internacionales, <strong><span style=\"color: #49993b;\">es un deber.<\/span><\/strong><\/p>\n<p style=\"text-align: center;\">Identificaci\u00f3n y Evaluaci\u00f3n de todas las <span style=\"color: #49993b;\"><strong>Emisiones, Residuos y Otros Impactos Ambientales relacionados<\/strong><\/span> con un proyecto.<\/p>\n<p style=\"text-align: center;\"><span style=\"color: #49993b;\"><strong>Uso de las Mejores Tecnolog\u00edas Disponibles<\/strong> <\/span>como prioridad para minimizar los impactos sobre el medio ambiente.<\/p>\n<p style=\"text-align: center;\">Implantaci\u00f3n de <strong><span style=\"color: #49993b;\">Planes y Procedimientos de Gesti\u00f3n Ambiental \u201chechos a medida\u201d,<\/span><\/strong> para todas las fases de un proyecto.<\/p>\n<p style=\"text-align: center;\">Desarrollo de <span style=\"color: #49993b;\"><strong>Planes de Gesti\u00f3n de Residuos<\/strong><\/span><\/p>\n<p style=\"text-align: center;\">Implementaci\u00f3n de <span style=\"color: #49993b;\"><strong>Programas de Seguimiento y Vigilancia Ambiental.<\/strong><\/span><\/p>\n<p style=\"text-align: center;\"><span style=\"color: #49993b;\"><strong>Concienciaci\u00f3n Ambiental Continua,<\/strong><\/span> de todo nuestro personal y el de nuestros subcontratistas.<\/p>\n<\/div><\/div><\/div><\/div><div class=\"fusion-clearfix\"><\/div><\/div><\/div><div class=\"fusion-layout-column fusion_builder_column fusion-builder-column-7 fusion_builder_column_1_3 1_3 fusion-one-third fusion-column-last\" style=\"--awb-bg-size:cover;width:30.6666%;\"><div class=\"fusion-column-wrapper fusion-flex-column-wrapper-legacy\"><div class=\"fusion-clearfix\"><\/div><\/div><\/div><\/div><\/div>\n","protected":false},"excerpt":{"rendered":"","protected":false},"author":2,"featured_media":0,"parent":0,"menu_order":0,"comment_status":"open","ping_status":"open","template":"100-width.php","meta":{"footnotes":""},"class_list":["post-13472","page","type-page","status-publish","hentry"],"_links":{"self":[{"href":"https:\/\/www.intecsaindustrial.com\/es\/wp-json\/wp\/v2\/pages\/13472","targetHints":{"allow":["GET"]}}],"collection":[{"href":"https:\/\/www.intecsaindustrial.com\/es\/wp-json\/wp\/v2\/pages"}],"about":[{"href":"https:\/\/www.intecsaindustrial.com\/es\/wp-json\/wp\/v2\/types\/page"}],"author":[{"embeddable":true,"href":"https:\/\/www.intecsaindustrial.com\/es\/wp-json\/wp\/v2\/users\/2"}],"replies":[{"embeddable":true,"href":"https:\/\/www.intecsaindustrial.com\/es\/wp-json\/wp\/v2\/comments?post=13472"}],"version-history":[{"count":54,"href":"https:\/\/www.intecsaindustrial.com\/es\/wp-json\/wp\/v2\/pages\/13472\/revisions"}],"predecessor-version":[{"id":22224,"href":"https:\/\/www.intecsaindustrial.com\/es\/wp-json\/wp\/v2\/pages\/13472\/revisions\/22224"}],"wp:attachment":[{"href":"https:\/\/www.intecsaindustrial.com\/es\/wp-json\/wp\/v2\/media?parent=13472"}],"curies":[{"name":"wp","href":"https:\/\/api.w.org\/{rel}","templated":true}]}}