{"id":17914,"date":"2022-08-02T09:42:21","date_gmt":"2022-08-02T09:42:21","guid":{"rendered":"https:\/\/www.intecsaindustrial.com\/es\/?page_id=17914"},"modified":"2022-08-03T10:11:15","modified_gmt":"2022-08-03T10:11:15","slug":"upstream-petroleo-gas","status":"publish","type":"page","link":"https:\/\/www.intecsaindustrial.com\/es\/upstream-petroleo-gas\/","title":{"rendered":"Upstream Petr\u00f3leo y Gas"},"content":{"rendered":"<p><div class=\"fusion-fullwidth fullwidth-box fusion-builder-row-1 nonhundred-percent-fullwidth non-hundred-percent-height-scrolling\" style=\"--awb-border-radius-top-left:0px;--awb-border-radius-top-right:0px;--awb-border-radius-bottom-right:0px;--awb-border-radius-bottom-left:0px;--awb-flex-wrap:wrap;\" ><div class=\"fusion-builder-row fusion-row\"><div class=\"fusion-layout-column fusion_builder_column fusion-builder-column-0 fusion_builder_column_1_1 1_1 fusion-one-full fusion-column-first fusion-column-last\" style=\"--awb-bg-size:cover;\"><div class=\"fusion-column-wrapper fusion-flex-column-wrapper-legacy\"><div class=\"fusion-text fusion-text-1\"><p style=\"text-align: justify;\">Hemos entregado con \u00e9xito proyectos de petr\u00f3leo y gas en Oriente Medio, \u00c1frica, Mar del Norte, Asia y las Am\u00e9ricas, incluyendo algunos de los desarrollos m\u00e1s importantes del mundo para la explotaci\u00f3n y procesamiento de gas.<\/p>\n<p style=\"text-align: justify;\"><strong>Intecsa Industrial<\/strong> ha participado en proyectos de Ingenier\u00eda, Compra y Construcci\u00f3n para instalaciones terrestres incluyendo el desarrollo de yacimientos, terminales de proceso de petr\u00f3leo y gas, y almacenamiento subterr\u00e1neo de gas.<\/p>\n<p style=\"text-align: justify;\">Los tipos de instalaciones incluyen, pero no se limitan a:<\/p>\n<ul>\n<li style=\"text-align: justify;\">Terminales de acopio y oleoductos<\/li>\n<li style=\"text-align: justify;\">Separaci\u00f3n de petr\u00f3leo \/ gas \/ agua<\/li>\n<li style=\"text-align: justify;\">Deshidrataci\u00f3n y desalado del crudo<\/li>\n<li style=\"text-align: justify;\">Tratamiento de gas y l\u00edquidos<\/li>\n<li style=\"text-align: justify;\">Compresi\u00f3n y secado del gas<\/li>\n<li style=\"text-align: justify;\">Deshidrataci\u00f3n, desulfuraci\u00f3n y desazufrado de gas<\/li>\n<li style=\"text-align: justify;\">Tratamiento y limpieza de agua de proceso<\/li>\n<li style=\"text-align: justify;\">Proceso de recuperaci\u00f3n de L\u00edquidos del Gas Natural (NGL)<\/li>\n<li style=\"text-align: justify;\">Tratamiento de aguas residuales, protecci\u00f3n del medio ambiente (cero quema) y sistemas de descarga a antorcha de emergencia<\/li>\n<li style=\"text-align: justify;\">Control y sistemas de seguridad: automatizaci\u00f3n, SCADA (Control de Supervisi\u00f3n y Adquisici\u00f3n de Datos)<\/li>\n<\/ul>\n<\/div><div class=\"fusion-clearfix\"><\/div><\/div><\/div><\/div><\/div><div class=\"fusion-fullwidth fullwidth-box fusion-builder-row-2 nonhundred-percent-fullwidth non-hundred-percent-height-scrolling\" style=\"--awb-background-position:left top;--awb-border-radius-top-left:0px;--awb-border-radius-top-right:0px;--awb-border-radius-bottom-right:0px;--awb-border-radius-bottom-left:0px;--awb-padding-top:0px;--awb-padding-right:0px;--awb-padding-bottom:0px;--awb-padding-left:0px;--awb-margin-bottom:30px;--awb-border-sizes-top:0px;--awb-border-sizes-bottom:0px;--awb-flex-wrap:wrap;\" ><div class=\"fusion-builder-row fusion-row\"><div class=\"fusion-layout-column fusion_builder_column fusion-builder-column-1 fusion_builder_column_1_2 1_2 fusion-one-half fusion-column-first\" style=\"--awb-bg-size:cover;width:48%; margin-right: 4%;\"><div class=\"fusion-column-wrapper fusion-flex-column-wrapper-legacy\"><div class=\"fusion-title title fusion-title-1 fusion-sep-none fusion-title-text fusion-title-size-three\" style=\"--awb-margin-top-small:10px;--awb-margin-right-small:0px;--awb-margin-bottom-small:10px;--awb-margin-left-small:0px;--awb-sep-color:#ffffff;\"><h3 class=\"fusion-title-heading title-heading-left fusion-responsive-typography-calculated\" style=\"margin:0;--fontSize:17;--minFontSize:17;line-height:1.41;\"><h2><strong><span style=\"color: #004289; font-size: 2.0em; font-family: Lato, Arial, Helvetica, sans-serif;\">Procesamiento de Gas<\/span><\/strong><\/h2><\/h3><\/div><div class=\"fusion-text fusion-text-2\"><p style=\"text-align: justify;\"><strong>Intecsa Industrial<\/strong> est\u00e1 especializada en el dise\u00f1o y construcci\u00f3n de complejos para el tratamiento de gas a escala mundial.<\/p>\n<p style=\"text-align: justify;\">Nuestra experiencia t\u00e9cnica se consolida en el desarrollo de proyectos de procesamiento de gas para unidades de producci\u00f3n en instalaciones tanto terrestres como mar\u00edtimas, incluyendo:<\/p>\n<ul>\n<li style=\"text-align: justify;\">Plantas de procesamiento de gas y recuperaci\u00f3n de azufre, extracci\u00f3n de componentes org\u00e1nicos y de azufre en el gas natural mediante disolventes qu\u00edmicos o f\u00edsicos.<\/li>\n<li style=\"text-align: justify;\">Trenes de recolecci\u00f3n de lodos.<\/li>\n<li style=\"text-align: justify;\">Regeneraci\u00f3n de aminas.<\/li>\n<li style=\"text-align: justify;\">Deshidrataci\u00f3n del gas.<\/li>\n<li style=\"text-align: justify;\">Desazufrado del gas.<\/li>\n<li style=\"text-align: justify;\">Extracci\u00f3n de Gas y condensados del mercurio.<\/li>\n<li style=\"text-align: justify;\">Estaciones de compresi\u00f3n con capacidades de dise\u00f1o de hasta 1,000 MM SCFD.<\/li>\n<\/ul>\n<\/div><div class=\"fusion-clearfix\"><\/div><\/div><\/div><div class=\"fusion-layout-column fusion_builder_column fusion-builder-column-2 fusion_builder_column_1_2 1_2 fusion-one-half fusion-column-last\" style=\"--awb-bg-size:cover;width:48%;\"><div class=\"fusion-column-wrapper fusion-flex-column-wrapper-legacy\"><div class=\"fusion-title title fusion-title-2 fusion-sep-none fusion-title-text fusion-title-size-three\" style=\"--awb-margin-top-small:10px;--awb-margin-right-small:0px;--awb-margin-bottom-small:10px;--awb-margin-left-small:0px;--awb-sep-color:#ffffff;\"><h3 class=\"fusion-title-heading title-heading-left fusion-responsive-typography-calculated\" style=\"margin:0;--fontSize:17;--minFontSize:17;line-height:1.41;\"><h2><strong><span style=\"color: #004289; font-size: 2.0em; font-family: Lato, Arial, Helvetica, sans-serif;\">Producci\u00f3n de Petr\u00f3leo<\/span><\/strong><\/h2><\/h3><\/div><div class=\"fusion-text fusion-text-3\"><p style=\"text-align: justify;\">Nuestros servicios en este \u00e1rea se centran principalmente en soluciones EPC para contratos llave en mano.<\/p>\n<p style=\"text-align: justify;\">Intecsa Industrial dise\u00f1a y construye todo tipo de instalaciones para el desarrollo y explotaci\u00f3n de yacimientos de petr\u00f3leo y gas en tierra: De pozo a centros de tratamiento, y desde el transporte de producto a las instalaciones de exportaci\u00f3n, abarcando:<\/p>\n<ul>\n<li style=\"text-align: justify;\">L\u00edneas de distribuci\u00f3n.<\/li>\n<li style=\"text-align: justify;\">Colectores.<\/li>\n<li style=\"text-align: justify;\">Plantas separadoras de gas-oil (GOSPs).<\/li>\n<li style=\"text-align: justify;\">Estaciones de bombeo y compresi\u00f3n.<\/li>\n<li style=\"text-align: justify;\">Terminales de almacenamiento y descarga de petr\u00f3leo.<\/li>\n<li style=\"text-align: justify;\">Procesamiento de crudo y gas.<\/li>\n<li style=\"text-align: justify;\">Procesamiento y tratamiento de gas natural.<\/li>\n<\/ul>\n<\/div><div class=\"fusion-clearfix\"><\/div><\/div><\/div><\/div><\/div><div class=\"fusion-fullwidth fullwidth-box fusion-builder-row-3 hundred-percent-fullwidth non-hundred-percent-height-scrolling\" style=\"--awb-background-position:left top;--awb-border-radius-top-left:0px;--awb-border-radius-top-right:0px;--awb-border-radius-bottom-right:0px;--awb-border-radius-bottom-left:0px;--awb-padding-top:0px;--awb-padding-right:0px;--awb-padding-bottom:0px;--awb-padding-left:0px;--awb-border-sizes-top:0px;--awb-border-sizes-bottom:0px;--awb-flex-wrap:wrap;\" ><div class=\"fusion-builder-row fusion-row\"><div class=\"fusion-layout-column fusion_builder_column fusion-builder-column-3 fusion_builder_column_1_1 1_1 fusion-one-full fusion-column-first fusion-column-last fusion-column-no-min-height\" style=\"--awb-padding-top:50px;--awb-padding-bottom:50px;--awb-bg-color:#ededed;--awb-bg-color-hover:#ededed;--awb-bg-size:cover;--awb-margin-bottom:30px;\"><div class=\"fusion-column-wrapper fusion-flex-column-wrapper-legacy\"><div class=\"fusion-title title fusion-title-3 fusion-title-center fusion-title-text fusion-title-size-three\" style=\"--awb-margin-bottom:0px;--awb-margin-top-small:10px;--awb-margin-right-small:0px;--awb-margin-bottom-small:10px;--awb-margin-left-small:0px;--awb-sep-color:#003355;\"><div class=\"title-sep-container title-sep-container-left\"><div class=\"title-sep sep-single sep-solid\" style=\"border-color:#003355;\"><\/div><\/div><span class=\"awb-title-spacer\"><\/span><h3 class=\"fusion-title-heading title-heading-center fusion-responsive-typography-calculated\" style=\"margin:0;--fontSize:17;--minFontSize:17;line-height:1.41;\"><span style=\"color: #004289; font-size: 3.0em;\"><strong>Proyectos destacados de Upstream Oil &amp; Gas<\/strong><\/span><\/h3><span class=\"awb-title-spacer\"><\/span><div class=\"title-sep-container title-sep-container-right\"><div class=\"title-sep sep-single sep-solid\" style=\"border-color:#003355;\"><\/div><\/div><\/div><div class=\"fusion-clearfix\"><\/div><\/div><\/div><\/div><\/div><div class=\"fusion-fullwidth fullwidth-box fusion-builder-row-4 hundred-percent-fullwidth non-hundred-percent-height-scrolling\" style=\"--awb-border-radius-top-left:0px;--awb-border-radius-top-right:0px;--awb-border-radius-bottom-right:0px;--awb-border-radius-bottom-left:0px;--awb-flex-wrap:wrap;\" ><div class=\"fusion-builder-row fusion-row\"><div class=\"fusion-layout-column fusion_builder_column fusion-builder-column-4 fusion_builder_column_1_1 1_1 fusion-one-full fusion-column-first fusion-column-last\" style=\"--awb-bg-size:cover;--awb-margin-top:30px;--awb-margin-bottom:0px;\"><div class=\"fusion-column-wrapper fusion-flex-column-wrapper-legacy\"><div class=\"fusion-recent-works fusion-portfolio-element fusion-portfolio fusion-portfolio-1 fusion-portfolio-carousel fusion-portfolio-paging-infinite recent-works-carousel portfolio-carousel picture-size-auto fusion-portfolio-rollover\" data-id=\"-rw-1\"><div class=\"awb-carousel awb-swiper awb-swiper-carousel\" style=\"--awb-columns:4;\" data-autoplay=\"no\" data-columns=\"4\" data-itemmargin=\"12\" data-itemwidth=\"180\" data-touchscroll=\"no\" data-imagesize=\"auto\"><div class=\"swiper-wrapper\"><div class=\"swiper-slide\"><div class=\"fusion-carousel-item-wrapper\"><span class=\"entry-title rich-snippet-hidden\">ESTACI\u00d3N DE COMPRESI\u00d3N DE GAS<\/span><span class=\"vcard rich-snippet-hidden\"><span class=\"fn\"><a href=\"https:\/\/www.intecsaindustrial.com\/es\/author\/intecsa-industrial\/\" title=\"Entradas de Intecsa Industrial\" rel=\"author\">Intecsa Industrial<\/a><\/span><\/span><span class=\"updated rich-snippet-hidden\">2023-10-03T14:02:13+02:00<\/span><div  class=\"fusion-image-wrapper\" aria-haspopup=\"true\">\n\t\t\t\t<img decoding=\"async\" width=\"940\" height=\"600\" src=\"https:\/\/www.intecsaindustrial.com\/wp-content\/uploads\/2014\/12\/Sonatrach-Gas-Compression.jpg\" class=\"attachment-full size-full wp-post-image\" alt=\"\" \/><div class=\"fusion-rollover\">\n\t<div class=\"fusion-rollover-content\">\n\n\t\t\t\t\n\t\t\n\t\t\t\t\t\t\t\t\t\t\t\t<h4 class=\"fusion-rollover-title\">\n\t\t\t\t\t<a class=\"fusion-rollover-title-link\" href=\"https:\/\/www.intecsaindustrial.com\/es\/servicios-ingenieria-industrial\/estacion-de-compresion-de-gas\/\">\n\t\t\t\t\t\tESTACI\u00d3N DE COMPRESI\u00d3N DE GAS\t\t\t\t\t<\/a>\n\t\t\t\t<\/h4>\n\t\t\t\n\t\t\t\t\t\t\t\t\n\t\t\n\t\t\t\t\t\t<a class=\"fusion-link-wrapper\" href=\"https:\/\/www.intecsaindustrial.com\/es\/servicios-ingenieria-industrial\/estacion-de-compresion-de-gas\/\" aria-label=\"ESTACI\u00d3N DE COMPRESI\u00d3N DE GAS\"><\/a>\n\t<\/div>\n<\/div>\n<\/div>\n<\/div><\/div><div class=\"swiper-slide\"><div class=\"fusion-carousel-item-wrapper\"><span class=\"entry-title rich-snippet-hidden\">ALMACENAMIENTO SUBTERR\u00c1NEO DE GAS INSTALACI\u00d3N DE SUPERFICIE<\/span><span class=\"vcard rich-snippet-hidden\"><span class=\"fn\"><a href=\"https:\/\/www.intecsaindustrial.com\/es\/author\/intecsa-industrial\/\" title=\"Entradas de Intecsa Industrial\" rel=\"author\">Intecsa Industrial<\/a><\/span><\/span><span class=\"updated rich-snippet-hidden\">2023-10-19T16:35:19+02:00<\/span><div  class=\"fusion-image-wrapper\" aria-haspopup=\"true\">\n\t\t\t\t<img decoding=\"async\" width=\"940\" height=\"600\" src=\"https:\/\/www.intecsaindustrial.com\/wp-content\/uploads\/2015\/02\/Enagas-Yela.jpg\" class=\"attachment-full size-full wp-post-image\" alt=\"\" \/><div class=\"fusion-rollover\">\n\t<div class=\"fusion-rollover-content\">\n\n\t\t\t\t\n\t\t\n\t\t\t\t\t\t\t\t\t\t\t\t<h4 class=\"fusion-rollover-title\">\n\t\t\t\t\t<a class=\"fusion-rollover-title-link\" href=\"https:\/\/www.intecsaindustrial.com\/es\/servicios-ingenieria-industrial\/instalaciones-de-almacenamiento-de-gas-subterraneo\/\">\n\t\t\t\t\t\tALMACENAMIENTO SUBTERR\u00c1NEO DE GAS INSTALACI\u00d3N DE SUPERFICIE\t\t\t\t\t<\/a>\n\t\t\t\t<\/h4>\n\t\t\t\n\t\t\t\t\t\t\t\t\n\t\t\n\t\t\t\t\t\t<a class=\"fusion-link-wrapper\" href=\"https:\/\/www.intecsaindustrial.com\/es\/servicios-ingenieria-industrial\/instalaciones-de-almacenamiento-de-gas-subterraneo\/\" aria-label=\"ALMACENAMIENTO SUBTERR\u00c1NEO DE GAS INSTALACI\u00d3N DE SUPERFICIE\"><\/a>\n\t<\/div>\n<\/div>\n<\/div>\n<\/div><\/div><div class=\"swiper-slide\"><div class=\"fusion-carousel-item-wrapper\"><span class=\"entry-title rich-snippet-hidden\">INSTALACIONES DE EXPORTACI\u00d3N DE GAS Y LGN<\/span><span class=\"vcard rich-snippet-hidden\"><span class=\"fn\"><a href=\"https:\/\/www.intecsaindustrial.com\/es\/author\/intecsa-industrial\/\" title=\"Entradas de Intecsa Industrial\" rel=\"author\">Intecsa Industrial<\/a><\/span><\/span><span class=\"updated rich-snippet-hidden\">2023-07-19T17:48:30+02:00<\/span><div  class=\"fusion-image-wrapper\" aria-haspopup=\"true\">\n\t\t\t\t<img decoding=\"async\" width=\"940\" height=\"600\" src=\"https:\/\/www.intecsaindustrial.com\/wp-content\/uploads\/2014\/12\/KJO-UpStream.jpg\" class=\"attachment-full size-full wp-post-image\" alt=\"\" \/><div class=\"fusion-rollover\">\n\t<div class=\"fusion-rollover-content\">\n\n\t\t\t\t\n\t\t\n\t\t\t\t\t\t\t\t\t\t\t\t<h4 class=\"fusion-rollover-title\">\n\t\t\t\t\t<a class=\"fusion-rollover-title-link\" href=\"https:\/\/www.intecsaindustrial.com\/es\/servicios-ingenieria-industrial\/planta-de-exportacion-de-gas-y-ngl\/\">\n\t\t\t\t\t\tINSTALACIONES DE EXPORTACI\u00d3N DE GAS Y LGN\t\t\t\t\t<\/a>\n\t\t\t\t<\/h4>\n\t\t\t\n\t\t\t\t\t\t\t\t\n\t\t\n\t\t\t\t\t\t<a class=\"fusion-link-wrapper\" href=\"https:\/\/www.intecsaindustrial.com\/es\/servicios-ingenieria-industrial\/planta-de-exportacion-de-gas-y-ngl\/\" aria-label=\"INSTALACIONES DE EXPORTACI\u00d3N DE GAS Y LGN\"><\/a>\n\t<\/div>\n<\/div>\n<\/div>\n<\/div><\/div><\/div><\/div><\/div><div class=\"fusion-clearfix\"><\/div><\/div><\/div><\/div><\/div><\/p>\n","protected":false},"excerpt":{"rendered":"","protected":false},"author":3,"featured_media":0,"parent":0,"menu_order":0,"comment_status":"open","ping_status":"closed","template":"100-width.php","meta":{"footnotes":""},"class_list":["post-17914","page","type-page","status-publish","hentry"],"_links":{"self":[{"href":"https:\/\/www.intecsaindustrial.com\/es\/wp-json\/wp\/v2\/pages\/17914","targetHints":{"allow":["GET"]}}],"collection":[{"href":"https:\/\/www.intecsaindustrial.com\/es\/wp-json\/wp\/v2\/pages"}],"about":[{"href":"https:\/\/www.intecsaindustrial.com\/es\/wp-json\/wp\/v2\/types\/page"}],"author":[{"embeddable":true,"href":"https:\/\/www.intecsaindustrial.com\/es\/wp-json\/wp\/v2\/users\/3"}],"replies":[{"embeddable":true,"href":"https:\/\/www.intecsaindustrial.com\/es\/wp-json\/wp\/v2\/comments?post=17914"}],"version-history":[{"count":20,"href":"https:\/\/www.intecsaindustrial.com\/es\/wp-json\/wp\/v2\/pages\/17914\/revisions"}],"predecessor-version":[{"id":17952,"href":"https:\/\/www.intecsaindustrial.com\/es\/wp-json\/wp\/v2\/pages\/17914\/revisions\/17952"}],"wp:attachment":[{"href":"https:\/\/www.intecsaindustrial.com\/es\/wp-json\/wp\/v2\/media?parent=17914"}],"curies":[{"name":"wp","href":"https:\/\/api.w.org\/{rel}","templated":true}]}}