{"id":21331,"date":"2022-11-18T07:41:08","date_gmt":"2022-11-18T07:41:08","guid":{"rendered":"https:\/\/www.intecsaindustrial.com\/?page_id=21331"},"modified":"2023-07-21T10:36:44","modified_gmt":"2023-07-21T10:36:44","slug":"fertilizantes","status":"publish","type":"page","link":"https:\/\/www.intecsaindustrial.com\/es\/fertilizantes\/","title":{"rendered":"Fertilizantes"},"content":{"rendered":"<p><div class=\"fusion-fullwidth fullwidth-box fusion-builder-row-1 has-pattern-background has-mask-background hundred-percent-fullwidth non-hundred-percent-height-scrolling\" style=\"--awb-border-radius-top-left:0px;--awb-border-radius-top-right:0px;--awb-border-radius-bottom-right:0px;--awb-border-radius-bottom-left:0px;--awb-overflow:visible;--awb-padding-right:10%;--awb-padding-left:10%;--awb-flex-wrap:wrap;\" ><div class=\"fusion-builder-row fusion-row\"><div class=\"fusion-layout-column fusion_builder_column fusion-builder-column-0 fusion_builder_column_1_1 1_1 fusion-one-full fusion-column-first fusion-column-last\" style=\"--awb-bg-size:cover;\"><div class=\"fusion-column-wrapper fusion-flex-column-wrapper-legacy\"><div class=\"fusion-text fusion-text-1\"><p style=\"text-align: justify;\">Trabajando mano a mano con licenciantes de renombre mundial, incluyendo nuestra empresa subsidiaria <strong><a href=\"https:\/\/www.incro.es\/\" target=\"_blank\" rel=\"noopener\">INCRO SA<\/a><\/strong>. ofrecemos una gama completa de servicios integrados comenzando por dar apoyo en las primeras etapas de su desarrollo.<\/p>\n<p style=\"text-align: justify;\"><strong>Intecsa Industrial<\/strong> es actualmente una de las empresas l\u00edderes en el dise\u00f1o y construcci\u00f3n de plantas de fosfatos y cuenta con importantes referencias internacionales en el mercado de fertilizantes durante los \u00faltimos 40 a\u00f1os. Ejemplos de ello, son las plantas de mayor capacidad mundial de DAPs y NPKs as\u00ed como de \u00e1cido sulf\u00farico, donde <strong>Intecsa Industrial<\/strong> ha prestado sus servicios a sus clientes, como \u00fanico interlocutor, desde la selecci\u00f3n de la tecnolog\u00eda m\u00e1s eficiente hasta su puesta en marcha.<\/p>\n<\/div><div class=\"fusion-clearfix\"><\/div><\/div><\/div><div class=\"fusion-layout-column fusion_builder_column fusion-builder-column-1 fusion_builder_column_1_1 1_1 fusion-one-full fusion-column-first fusion-column-last fusion-column-no-min-height\" style=\"--awb-bg-size:cover;--awb-margin-bottom:0px;\"><div class=\"fusion-column-wrapper fusion-flex-column-wrapper-legacy\"><div class=\"fusion-text fusion-text-2\"><p style=\"text-align: justify;\">Ya sea l\u00edquidos o s\u00f3lidos, originados a partir de nitr\u00f3geno o de los fosfatos, de calidad alimentaria o grado explosivo, cristalino o granulado. Algunas de las referencias de <strong>Intecsa Industrial<\/strong> son:<\/p>\n<ul>\n<li style=\"text-align: justify;\">Nitrato de Amonio y Nitratos de Amonio C\u00e1lcico (AN\/CAN)<\/li>\n<li style=\"text-align: justify;\">Diamonio de Fosfato (DAP)<\/li>\n<li style=\"text-align: justify;\">Mono Amonio de Fosfato (MAP)<\/li>\n<li style=\"text-align: justify;\">Fertilizantes de Base Nitr\u00f3geno-F\u00f3sforo (NP) y Base de Nitr\u00f3geno-F\u00f3sforo-Potasio<\/li>\n<li style=\"text-align: justify;\">Superfosfato Triple (TSP)<\/li>\n<li style=\"text-align: justify;\">Superfosfato Singular (SSP)<\/li>\n<li style=\"text-align: justify;\">Polifosfato de amonio (APP)<\/li>\n<\/ul>\n<\/div><div class=\"fusion-image-element fusion-image-align-center in-legacy-container\" style=\"text-align:center;--awb-caption-title-font-family:var(--h2_typography-font-family);--awb-caption-title-font-weight:var(--h2_typography-font-weight);--awb-caption-title-font-style:var(--h2_typography-font-style);--awb-caption-title-size:var(--h2_typography-font-size);--awb-caption-title-transform:var(--h2_typography-text-transform);--awb-caption-title-line-height:var(--h2_typography-line-height);--awb-caption-title-letter-spacing:var(--h2_typography-letter-spacing);\"><div class=\"imageframe-align-center\"><span class=\" fusion-imageframe imageframe-none imageframe-1 hover-type-none\"><img decoding=\"async\" src=\"http:\/\/www2.intecsaindustrial.com\/wp-content\/uploads\/2015\/03\/Panorama-8.jpg\" alt class=\"img-responsive\"\/><\/span><\/div><\/div><div class=\"fusion-sep-clear\"><\/div><div class=\"fusion-separator fusion-full-width-sep\" style=\"margin-left: auto;margin-right: auto;margin-top:10px;margin-bottom:10px;width:100%;\"><\/div><div class=\"fusion-sep-clear\"><\/div><div class=\"fusion-clearfix\"><\/div><\/div><\/div><\/div><\/div><div class=\"fusion-fullwidth fullwidth-box fusion-builder-row-2 hundred-percent-fullwidth non-hundred-percent-height-scrolling\" style=\"--awb-background-position:left top;--awb-border-sizes-top:0px;--awb-border-sizes-bottom:0px;--awb-border-sizes-left:0px;--awb-border-sizes-right:0px;--awb-border-color:#e5e4e4;--awb-border-radius-top-left:0px;--awb-border-radius-top-right:0px;--awb-border-radius-bottom-right:0px;--awb-border-radius-bottom-left:0px;--awb-padding-top:0px;--awb-padding-right:0px;--awb-padding-bottom:15px;--awb-padding-left:0px;--awb-background-color:#ffffff;--awb-flex-wrap:wrap;\" ><div class=\"fusion-builder-row fusion-row\"><div class=\"fusion-layout-column fusion_builder_column fusion-builder-column-2 fusion_builder_column_1_1 1_1 fusion-one-full fusion-column-first fusion-column-last fusion-column-no-min-height\" style=\"--awb-padding-top:50px;--awb-padding-bottom:50px;--awb-bg-color:#ededed;--awb-bg-color-hover:#ededed;--awb-bg-size:cover;--awb-margin-bottom:30px;\"><div class=\"fusion-column-wrapper fusion-flex-column-wrapper-legacy\"><div class=\"fusion-title title fusion-title-1 fusion-title-center fusion-title-text fusion-title-size-three\" style=\"--awb-margin-bottom:0px;--awb-margin-top-small:10px;--awb-margin-right-small:0px;--awb-margin-bottom-small:10px;--awb-margin-left-small:0px;--awb-sep-color:#003355;\"><div class=\"title-sep-container title-sep-container-left\"><div class=\"title-sep sep-single sep-solid\" style=\"border-color:#003355;\"><\/div><\/div><span class=\"awb-title-spacer\"><\/span><h3 class=\"fusion-title-heading title-heading-center fusion-responsive-typography-calculated\" style=\"margin:0;--fontSize:17;--minFontSize:17;line-height:1.41;\"><span style=\"color: #004289; font-size: 3.0em;\"><strong>Proyectos Destacados<\/strong><\/span><\/h3><span class=\"awb-title-spacer\"><\/span><div class=\"title-sep-container title-sep-container-right\"><div class=\"title-sep sep-single sep-solid\" style=\"border-color:#003355;\"><\/div><\/div><\/div><div class=\"fusion-text fusion-text-3\"><p style=\"text-align: center;\"><span style=\"color: #666666;\">Nuestros proyectos m\u00e1s destacados de Fertilizantes<\/span><\/p>\n<\/div><div class=\"fusion-clearfix\"><\/div><\/div><\/div><\/div><\/div><div class=\"fusion-fullwidth fullwidth-box fusion-builder-row-3 has-pattern-background has-mask-background nonhundred-percent-fullwidth non-hundred-percent-height-scrolling\" style=\"--awb-background-position:left top;--awb-border-sizes-top:0px;--awb-border-sizes-bottom:0px;--awb-border-sizes-left:0px;--awb-border-sizes-right:0px;--awb-border-radius-top-left:0px;--awb-border-radius-top-right:0px;--awb-border-radius-bottom-right:0px;--awb-border-radius-bottom-left:0px;--awb-padding-top:0px;--awb-padding-right:0px;--awb-padding-bottom:0px;--awb-padding-left:0px;--awb-flex-wrap:wrap;\" ><div class=\"fusion-builder-row fusion-row\"><div class=\"fusion-layout-column fusion_builder_column fusion-builder-column-3 fusion_builder_column_1_1 1_1 fusion-one-full fusion-column-first fusion-column-last fusion-column-no-min-height\" style=\"--awb-bg-size:cover;--awb-margin-bottom:0px;\"><div class=\"fusion-column-wrapper fusion-flex-column-wrapper-legacy\"><div class=\"fusion-recent-works fusion-portfolio-element fusion-portfolio fusion-portfolio-1 fusion-portfolio-carousel fusion-portfolio-paging-none recent-works-carousel portfolio-carousel picture-size-auto fusion-portfolio-rollover\" data-id=\"-rw-1\"><div class=\"awb-carousel awb-swiper awb-swiper-carousel\" style=\"--awb-columns:4;\" data-autoplay=\"no\" data-columns=\"4\" data-itemmargin=\"12\" data-itemwidth=\"180\" data-touchscroll=\"no\" data-imagesize=\"auto\"><div class=\"swiper-wrapper\"><div class=\"swiper-slide\"><div class=\"fusion-carousel-item-wrapper\"><span class=\"entry-title rich-snippet-hidden\">COMPLEJO DE \u00c1CIDO SULF\u00daRICO DE AIN-SOKHNA<\/span><span class=\"vcard rich-snippet-hidden\"><span class=\"fn\"><a href=\"https:\/\/www.intecsaindustrial.com\/es\/author\/di4anacazadora\/\" title=\"Entradas de Intecsa Industrial\" rel=\"author\">Intecsa Industrial<\/a><\/span><\/span><span class=\"updated rich-snippet-hidden\">2023-10-03T14:33:17+02:00<\/span><div  class=\"fusion-image-wrapper\" aria-haspopup=\"true\">\n\t\t\t\t<img decoding=\"async\" width=\"940\" height=\"600\" src=\"https:\/\/www.intecsaindustrial.com\/wp-content\/uploads\/2016\/10\/Sulphuric-Egypt.jpg\" class=\"attachment-full size-full wp-post-image\" alt=\"\" srcset=\"https:\/\/www.intecsaindustrial.com\/wp-content\/uploads\/2016\/10\/Sulphuric-Egypt-200x128.jpg 200w, https:\/\/www.intecsaindustrial.com\/wp-content\/uploads\/2016\/10\/Sulphuric-Egypt-400x255.jpg 400w, https:\/\/www.intecsaindustrial.com\/wp-content\/uploads\/2016\/10\/Sulphuric-Egypt-600x383.jpg 600w, https:\/\/www.intecsaindustrial.com\/wp-content\/uploads\/2016\/10\/Sulphuric-Egypt-800x511.jpg 800w, https:\/\/www.intecsaindustrial.com\/wp-content\/uploads\/2016\/10\/Sulphuric-Egypt.jpg 940w\" sizes=\"(min-width: 2200px) 100vw, (min-width: 870px) 306px, (min-width: 794px) 408px, (min-width: 717px) 612px, (min-width: 640px) 717px, \" \/><div class=\"fusion-rollover\">\n\t<div class=\"fusion-rollover-content\">\n\n\t\t\t\t\t\t\t\t\t\t\n\t\t\t\t\t\t\t\t\t\t\t\t\t\t\n\t\t\t\t\t\t\t\t\n\t\t\t\t\t\t\t\t\n\t\t\t\t\t\t\t\t\t\t\t\t\t\t\t\t\t\t<a class=\"fusion-rollover-gallery\" href=\"https:\/\/www.intecsaindustrial.com\/wp-content\/uploads\/2016\/10\/Sulphuric-Egypt.jpg\" data-options=\"\" data-id=\"26831\" data-rel=\"iLightbox[gallery-rw-1]\" data-title=\"sulphuric-egypt\" data-caption=\"\">\n\t\t\t\t\t\tGaler\u00eda\t\t\t\t\t<\/a>\n\t\t\t\t\t\t\t\t\t\t\t\t\t\t\n\t\t\n\t\t\t\t\t\t\t\t\t\t\t\t<h4 class=\"fusion-rollover-title\">\n\t\t\t\t\t<a class=\"fusion-rollover-title-link\" href=\"https:\/\/www.intecsaindustrial.com\/es\/servicios-ingenieria-industrial\/complejo-de-acido-sulfurico-de-ain-sokhna\/\">\n\t\t\t\t\t\tCOMPLEJO DE \u00c1CIDO SULF\u00daRICO DE AIN-SOKHNA\t\t\t\t\t<\/a>\n\t\t\t\t<\/h4>\n\t\t\t\n\t\t\t\t\t\t\t\t\n\t\t\n\t\t\t\t\t\t<a class=\"fusion-link-wrapper\" href=\"https:\/\/www.intecsaindustrial.com\/es\/servicios-ingenieria-industrial\/complejo-de-acido-sulfurico-de-ain-sokhna\/\" aria-label=\"COMPLEJO DE \u00c1CIDO SULF\u00daRICO DE AIN-SOKHNA\"><\/a>\n\t<\/div>\n<\/div>\n<\/div>\n<\/div><\/div><div class=\"swiper-slide\"><div class=\"fusion-carousel-item-wrapper\"><span class=\"entry-title rich-snippet-hidden\">COMPLEJO DE FERTILIZANTES FOSFATICOS AIN-SOKHNA<\/span><span class=\"vcard rich-snippet-hidden\"><span class=\"fn\"><a href=\"https:\/\/www.intecsaindustrial.com\/es\/author\/di4anacazadora\/\" title=\"Entradas de Intecsa Industrial\" rel=\"author\">Intecsa Industrial<\/a><\/span><\/span><span class=\"updated rich-snippet-hidden\">2023-07-20T07:30:16+02:00<\/span><div  class=\"fusion-image-wrapper\" aria-haspopup=\"true\">\n\t\t\t\t<img decoding=\"async\" width=\"940\" height=\"600\" src=\"https:\/\/www.intecsaindustrial.com\/wp-content\/uploads\/2016\/10\/NCIC.jpg\" class=\"attachment-full size-full wp-post-image\" alt=\"\" srcset=\"https:\/\/www.intecsaindustrial.com\/wp-content\/uploads\/2016\/10\/NCIC-200x128.jpg 200w, https:\/\/www.intecsaindustrial.com\/wp-content\/uploads\/2016\/10\/NCIC-400x255.jpg 400w, https:\/\/www.intecsaindustrial.com\/wp-content\/uploads\/2016\/10\/NCIC-600x383.jpg 600w, https:\/\/www.intecsaindustrial.com\/wp-content\/uploads\/2016\/10\/NCIC-800x511.jpg 800w, https:\/\/www.intecsaindustrial.com\/wp-content\/uploads\/2016\/10\/NCIC.jpg 940w\" sizes=\"(min-width: 2200px) 100vw, (min-width: 870px) 306px, (min-width: 794px) 408px, (min-width: 717px) 612px, (min-width: 640px) 717px, \" \/><div class=\"fusion-rollover\">\n\t<div class=\"fusion-rollover-content\">\n\n\t\t\t\t\t\t\t\t\t\t\n\t\t\t\t\t\t\t\t\t\t\t\t\t\t\n\t\t\t\t\t\t\t\t\n\t\t\t\t\t\t\t\t\n\t\t\t\t\t\t\t\t\t\t\t\t\t\t\t\t\t\t<a class=\"fusion-rollover-gallery\" href=\"https:\/\/www.intecsaindustrial.com\/wp-content\/uploads\/2016\/10\/NCIC.jpg\" data-options=\"\" data-id=\"22047\" data-rel=\"iLightbox[gallery-rw-1]\" data-title=\"ncic\" data-caption=\"\">\n\t\t\t\t\t\tGaler\u00eda\t\t\t\t\t<\/a>\n\t\t\t\t\t\t\t\t\t\t\t\t\t\t\n\t\t\n\t\t\t\t\t\t\t\t\t\t\t\t<h4 class=\"fusion-rollover-title\">\n\t\t\t\t\t<a class=\"fusion-rollover-title-link\" href=\"https:\/\/www.intecsaindustrial.com\/es\/servicios-ingenieria-industrial\/complejo-de-fertilizantes-fosfaticos-ain-sokhna\/\">\n\t\t\t\t\t\tCOMPLEJO DE FERTILIZANTES FOSFATICOS AIN-SOKHNA\t\t\t\t\t<\/a>\n\t\t\t\t<\/h4>\n\t\t\t\n\t\t\t\t\t\t\t\t\n\t\t\n\t\t\t\t\t\t<a class=\"fusion-link-wrapper\" href=\"https:\/\/www.intecsaindustrial.com\/es\/servicios-ingenieria-industrial\/complejo-de-fertilizantes-fosfaticos-ain-sokhna\/\" aria-label=\"COMPLEJO DE FERTILIZANTES FOSFATICOS AIN-SOKHNA\"><\/a>\n\t<\/div>\n<\/div>\n<\/div>\n<\/div><\/div><div class=\"swiper-slide\"><div class=\"fusion-carousel-item-wrapper\"><span class=\"entry-title rich-snippet-hidden\">UNIDAD DE PRODUCCI\u00d3N DE VAPOR<\/span><span class=\"vcard rich-snippet-hidden\"><span class=\"fn\"><a href=\"https:\/\/www.intecsaindustrial.com\/es\/author\/intecsa-industrial\/\" title=\"Entradas de Intecsa Industrial\" rel=\"author\">Intecsa Industrial<\/a><\/span><\/span><span class=\"updated rich-snippet-hidden\">2023-07-20T08:18:25+02:00<\/span><div  class=\"fusion-image-wrapper\" aria-haspopup=\"true\">\n\t\t\t\t<img decoding=\"async\" width=\"940\" height=\"600\" src=\"https:\/\/www.intecsaindustrial.com\/wp-content\/uploads\/2014\/12\/OCP-Steam-Production-Unit-1.jpg\" class=\"attachment-full size-full wp-post-image\" alt=\"\" \/><div class=\"fusion-rollover\">\n\t<div class=\"fusion-rollover-content\">\n\n\t\t\t\t\n\t\t\n\t\t\t\t\t\t\t\t\t\t\t\t<h4 class=\"fusion-rollover-title\">\n\t\t\t\t\t<a class=\"fusion-rollover-title-link\" href=\"https:\/\/www.intecsaindustrial.com\/es\/servicios-ingenieria-industrial\/unidad-de-produccion-de-vapor\/\">\n\t\t\t\t\t\tUNIDAD DE PRODUCCI\u00d3N DE VAPOR\t\t\t\t\t<\/a>\n\t\t\t\t<\/h4>\n\t\t\t\n\t\t\t\t\t\t\t\t\n\t\t\n\t\t\t\t\t\t<a class=\"fusion-link-wrapper\" href=\"https:\/\/www.intecsaindustrial.com\/es\/servicios-ingenieria-industrial\/unidad-de-produccion-de-vapor\/\" aria-label=\"UNIDAD DE PRODUCCI\u00d3N DE VAPOR\"><\/a>\n\t<\/div>\n<\/div>\n<\/div>\n<\/div><\/div><div class=\"swiper-slide\"><div class=\"fusion-carousel-item-wrapper\"><span class=\"entry-title rich-snippet-hidden\">PROYECTO FERTILIZANTES FOSFATOSOS<\/span><span class=\"vcard rich-snippet-hidden\"><span class=\"fn\"><a href=\"https:\/\/www.intecsaindustrial.com\/es\/author\/intecsa-industrial\/\" title=\"Entradas de Intecsa Industrial\" rel=\"author\">Intecsa Industrial<\/a><\/span><\/span><span class=\"updated rich-snippet-hidden\">2023-10-03T14:08:25+02:00<\/span><div  class=\"fusion-image-wrapper\" aria-haspopup=\"true\">\n\t\t\t\t<img decoding=\"async\" width=\"940\" height=\"601\" src=\"https:\/\/www.intecsaindustrial.com\/wp-content\/uploads\/2014\/12\/DAP-04-e1425388885586.jpg\" class=\"attachment-full size-full wp-post-image\" alt=\"\" \/><div class=\"fusion-rollover\">\n\t<div class=\"fusion-rollover-content\">\n\n\t\t\t\t\n\t\t\n\t\t\t\t\t\t\t\t\t\t\t\t<h4 class=\"fusion-rollover-title\">\n\t\t\t\t\t<a class=\"fusion-rollover-title-link\" href=\"https:\/\/www.intecsaindustrial.com\/es\/servicios-ingenieria-industrial\/phosphate-fertilizer-project\/\">\n\t\t\t\t\t\tPROYECTO FERTILIZANTES FOSFATOSOS\t\t\t\t\t<\/a>\n\t\t\t\t<\/h4>\n\t\t\t\n\t\t\t\t\t\t\t\t\n\t\t\n\t\t\t\t\t\t<a class=\"fusion-link-wrapper\" href=\"https:\/\/www.intecsaindustrial.com\/es\/servicios-ingenieria-industrial\/phosphate-fertilizer-project\/\" aria-label=\"PROYECTO FERTILIZANTES FOSFATOSOS\"><\/a>\n\t<\/div>\n<\/div>\n<\/div>\n<\/div><\/div><div class=\"swiper-slide\"><div class=\"fusion-carousel-item-wrapper\"><span class=\"entry-title rich-snippet-hidden\">PROYECTO PLANTA Y ALMACENAMIENTO UMM WU\u2019AL DAP\/NPK<\/span><span class=\"vcard rich-snippet-hidden\"><span class=\"fn\"><a href=\"https:\/\/www.intecsaindustrial.com\/es\/author\/intecsa-industrial\/\" title=\"Entradas de Intecsa Industrial\" rel=\"author\">Intecsa Industrial<\/a><\/span><\/span><span class=\"updated rich-snippet-hidden\">2023-10-19T12:39:44+02:00<\/span><div  class=\"fusion-image-wrapper\" aria-haspopup=\"true\">\n\t\t\t\t<img decoding=\"async\" width=\"940\" height=\"601\" src=\"https:\/\/www.intecsaindustrial.com\/wp-content\/uploads\/2014\/12\/DAP-03-e1425389119723.jpg\" class=\"attachment-full size-full wp-post-image\" alt=\"\" \/><div class=\"fusion-rollover\">\n\t<div class=\"fusion-rollover-content\">\n\n\t\t\t\t\t\t\t\t\t\t\n\t\t\t\t\t\t\t\t\t\t\t\t\t\t\n\t\t\t\t\t\t\t\t\n\t\t\t\t\t\t\t\t\n\t\t\t\t\t\t\t\t\t\t\t\t\t\t\t\t\t\t<a class=\"fusion-rollover-gallery\" href=\"https:\/\/www.intecsaindustrial.com\/wp-content\/uploads\/2014\/12\/DAP-03-e1425389119723.jpg\" data-options=\"\" data-id=\"13651\" data-rel=\"iLightbox[gallery-rw-1]\" data-title=\"DAP-03\" data-caption=\"\">\n\t\t\t\t\t\tGaler\u00eda\t\t\t\t\t<\/a>\n\t\t\t\t\t\t\t\t\t\t\t\t\t\t\n\t\t\n\t\t\t\t\t\t\t\t\t\t\t\t<h4 class=\"fusion-rollover-title\">\n\t\t\t\t\t<a class=\"fusion-rollover-title-link\" href=\"https:\/\/www.intecsaindustrial.com\/es\/servicios-ingenieria-industrial\/planta-y-almacenamiento-de-dapnpk-e-infraestructura-proyecto-umm-wual\/\">\n\t\t\t\t\t\tPROYECTO PLANTA Y ALMACENAMIENTO UMM WU\u2019AL DAP\/NPK\t\t\t\t\t<\/a>\n\t\t\t\t<\/h4>\n\t\t\t\n\t\t\t\t\t\t\t\t\n\t\t\n\t\t\t\t\t\t<a class=\"fusion-link-wrapper\" href=\"https:\/\/www.intecsaindustrial.com\/es\/servicios-ingenieria-industrial\/planta-y-almacenamiento-de-dapnpk-e-infraestructura-proyecto-umm-wual\/\" aria-label=\"PROYECTO PLANTA Y ALMACENAMIENTO UMM WU\u2019AL DAP\/NPK\"><\/a>\n\t<\/div>\n<\/div>\n<\/div>\n<\/div><\/div><\/div><div class=\"awb-swiper-button awb-swiper-button-prev\"><i class=\"awb-icon-angle-left\" aria-hidden=\"true\"><\/i><\/div><div class=\"awb-swiper-button awb-swiper-button-next\"><i class=\"awb-icon-angle-right\" aria-hidden=\"true\"><\/i><\/div><\/div><\/div><div class=\"fusion-clearfix\"><\/div><\/div><\/div><\/div><\/div><\/p>\n","protected":false},"excerpt":{"rendered":"","protected":false},"author":3,"featured_media":0,"parent":0,"menu_order":0,"comment_status":"open","ping_status":"open","template":"100-width.php","meta":{"footnotes":""},"class_list":["post-21331","page","type-page","status-publish","hentry"],"_links":{"self":[{"href":"https:\/\/www.intecsaindustrial.com\/es\/wp-json\/wp\/v2\/pages\/21331","targetHints":{"allow":["GET"]}}],"collection":[{"href":"https:\/\/www.intecsaindustrial.com\/es\/wp-json\/wp\/v2\/pages"}],"about":[{"href":"https:\/\/www.intecsaindustrial.com\/es\/wp-json\/wp\/v2\/types\/page"}],"author":[{"embeddable":true,"href":"https:\/\/www.intecsaindustrial.com\/es\/wp-json\/wp\/v2\/users\/3"}],"replies":[{"embeddable":true,"href":"https:\/\/www.intecsaindustrial.com\/es\/wp-json\/wp\/v2\/comments?post=21331"}],"version-history":[{"count":16,"href":"https:\/\/www.intecsaindustrial.com\/es\/wp-json\/wp\/v2\/pages\/21331\/revisions"}],"predecessor-version":[{"id":27036,"href":"https:\/\/www.intecsaindustrial.com\/es\/wp-json\/wp\/v2\/pages\/21331\/revisions\/27036"}],"wp:attachment":[{"href":"https:\/\/www.intecsaindustrial.com\/es\/wp-json\/wp\/v2\/media?parent=21331"}],"curies":[{"name":"wp","href":"https:\/\/api.w.org\/{rel}","templated":true}]}}