{"id":21375,"date":"2023-07-19T10:12:43","date_gmt":"2023-07-19T10:12:43","guid":{"rendered":"https:\/\/www.intecsaindustrial.com\/?page_id=21375"},"modified":"2023-08-25T11:04:06","modified_gmt":"2023-08-25T11:04:06","slug":"petroquimicos-y-quimica-fina","status":"publish","type":"page","link":"https:\/\/www.intecsaindustrial.com\/es\/petroquimicos-y-quimica-fina\/","title":{"rendered":"Petroqu\u00edmicos y Qu\u00edmica Fina"},"content":{"rendered":"<p><div class=\"fusion-fullwidth fullwidth-box fusion-builder-row-1 has-pattern-background has-mask-background nonhundred-percent-fullwidth non-hundred-percent-height-scrolling\" style=\"--awb-border-radius-top-left:0px;--awb-border-radius-top-right:0px;--awb-border-radius-bottom-right:0px;--awb-border-radius-bottom-left:0px;--awb-overflow:visible;--awb-flex-wrap:wrap;\" ><div class=\"fusion-builder-row fusion-row\"><div class=\"fusion-layout-column fusion_builder_column fusion-builder-column-0 fusion_builder_column_1_1 1_1 fusion-one-full fusion-column-first fusion-column-last\" style=\"--awb-bg-size:cover;\"><div class=\"fusion-column-wrapper fusion-flex-column-wrapper-legacy\"><div class=\"fusion-text fusion-text-1\"><p style=\"text-align: justify;\">Una de las principales \u00e1reas de negocio de <strong>Intecsa Industrial<\/strong> es la relacionada con los sectores de petroqu\u00edmica y qu\u00edmica fina, que con\u00a050\u00a0a\u00f1os de experiencia en la industria qu\u00edmica, petroqu\u00edmica y pol\u00edmeros, \u00a0hemos completado cientos de proyectos. El alcance incluye desde el dise\u00f1o b\u00e1sico y modernizaci\u00f3n de peque\u00f1as unidades de procesos, a la instalaci\u00f3n integral de unidades en grandes complejos.<\/p>\n<p style=\"text-align: justify;\">Gracias a la confianza generada a nuestros clientes, trabajamos en estrecha colaboraci\u00f3n con una larga serie de licenciantes de proceso. <strong>Intecsa Industrial<\/strong> tiene experiencia en una amplia gama de instalaciones de productos. Sin embargo, destacamos de nuestra gran experiencia, la producci\u00f3n de olefinas, arom\u00e1ticos,\u00a0 productos intermedios de fibra (TA y PTA), policarbonatos y otros pol\u00edmeros. Asimismo, contamos con una gran experiencia en otros productos qu\u00edmicos, como la producci\u00f3n de isopreno, estireno mon\u00f3mero, isopropanol, butadieno, etileno, polipropileno, polietileno y plantas de producci\u00f3n de fenol\/cumeno.<\/p>\n<p style=\"text-align: justify;\"><strong>Intecsa Industrial<\/strong> tiene tambi\u00e9n experiencia significativa en las diferentes etapas de la producci\u00f3n de arom\u00e1ticos, desde la preparaci\u00f3n de la materia prima a trav\u00e9s de unidades de reacci\u00f3n, hasta separaci\u00f3n de arom\u00e1ticos; tales como fenol, extracci\u00f3n de benceno e isomerizaci\u00f3n de xileno, todo ejecutado con plena satisfacci\u00f3n final del cliente, demostrando el alto nivel de experiencia t\u00e9cnica de <strong>Intecsa Industrial<\/strong>.<\/p>\n<p style=\"text-align: justify;\">La capacidad de<strong> Intecsa Industrial<\/strong> para evaluar y trabajar con diversas tecnolog\u00edas de forma imparcial es uno de nuestros puntos fuertes. Tambi\u00e9n contamos con los recursos t\u00e9cnicos adecuados para ejecutar cualquier contrato desde las primeras etapas de desarrollo (como el paquete b\u00e1sico), hasta la puesta en marcha final de la planta.<\/p>\n<\/div><div class=\"fusion-clearfix\"><\/div><\/div><\/div><\/div><\/div><div class=\"fusion-fullwidth fullwidth-box fusion-builder-row-2 hundred-percent-fullwidth non-hundred-percent-height-scrolling\" style=\"--awb-border-radius-top-left:0px;--awb-border-radius-top-right:0px;--awb-border-radius-bottom-right:0px;--awb-border-radius-bottom-left:0px;--awb-overflow:visible;--awb-margin-top:10px;--awb-margin-bottom:10px;--awb-background-color:rgba(255,255,255,0);--awb-flex-wrap:wrap;\" ><div class=\"fusion-builder-row fusion-row\"><div class=\"fusion-layout-column fusion_builder_column fusion-builder-column-1 fusion_builder_column_1_1 1_1 fusion-one-full fusion-column-first fusion-column-last fusion-column-no-min-height\" style=\"--awb-bg-size:cover;--awb-margin-bottom:0px;\"><div class=\"fusion-column-wrapper fusion-flex-column-wrapper-legacy\"><div class=\"fusion-sep-clear\"><\/div><div class=\"fusion-separator fusion-full-width-sep\" style=\"margin-left: auto;margin-right: auto;width:100%;\"><\/div><div class=\"fusion-sep-clear\"><\/div><div class=\"fusion-clearfix\"><\/div><\/div><\/div><\/div><\/div><div class=\"fusion-fullwidth fullwidth-box fusion-builder-row-3 hundred-percent-fullwidth non-hundred-percent-height-scrolling\" style=\"--awb-background-position:left top;--awb-border-sizes-top:0px;--awb-border-sizes-bottom:0px;--awb-border-sizes-left:0px;--awb-border-sizes-right:0px;--awb-border-color:#e5e4e4;--awb-border-radius-top-left:0px;--awb-border-radius-top-right:0px;--awb-border-radius-bottom-right:0px;--awb-border-radius-bottom-left:0px;--awb-padding-top:0px;--awb-padding-right:0px;--awb-padding-bottom:15px;--awb-padding-left:0px;--awb-background-color:#ffffff;--awb-flex-wrap:wrap;\" ><div class=\"fusion-builder-row fusion-row\"><div class=\"fusion-layout-column fusion_builder_column fusion-builder-column-2 fusion_builder_column_1_1 1_1 fusion-one-full fusion-column-first fusion-column-last fusion-column-no-min-height\" style=\"--awb-padding-top:50px;--awb-padding-bottom:50px;--awb-bg-color:#ededed;--awb-bg-color-hover:#ededed;--awb-bg-size:cover;--awb-margin-bottom:30px;\"><div class=\"fusion-column-wrapper fusion-flex-column-wrapper-legacy\"><div class=\"fusion-title title fusion-title-1 fusion-title-center fusion-title-text fusion-title-size-three\" style=\"--awb-margin-bottom:0px;--awb-margin-top-small:10px;--awb-margin-right-small:0px;--awb-margin-bottom-small:10px;--awb-margin-left-small:0px;--awb-sep-color:#003355;\"><div class=\"title-sep-container title-sep-container-left\"><div class=\"title-sep sep-single sep-solid\" style=\"border-color:#003355;\"><\/div><\/div><span class=\"awb-title-spacer\"><\/span><h3 class=\"fusion-title-heading title-heading-center fusion-responsive-typography-calculated\" style=\"margin:0;--fontSize:17;--minFontSize:17;line-height:1.41;\"><span style=\"color: #004289; font-size: 3.0em;\"><strong>Proyectos Destacados<\/strong><\/span><\/h3><span class=\"awb-title-spacer\"><\/span><div class=\"title-sep-container title-sep-container-right\"><div class=\"title-sep sep-single sep-solid\" style=\"border-color:#003355;\"><\/div><\/div><\/div><div class=\"fusion-text fusion-text-2\"><p style=\"text-align: center;\"><span style=\"color: #666666;\">Descubre aqu\u00ed toda nuestra experiencia en Petroqu\u00edmica y Qu\u00edmica Fina<\/span><\/p>\n<\/div><div class=\"fusion-clearfix\"><\/div><\/div><\/div><\/div><\/div><div class=\"fusion-fullwidth fullwidth-box fusion-builder-row-4 nonhundred-percent-fullwidth non-hundred-percent-height-scrolling\" style=\"--awb-background-position:left top;--awb-border-sizes-top:0px;--awb-border-sizes-bottom:0px;--awb-border-sizes-left:0px;--awb-border-sizes-right:0px;--awb-border-radius-top-left:0px;--awb-border-radius-top-right:0px;--awb-border-radius-bottom-right:0px;--awb-border-radius-bottom-left:0px;--awb-padding-top:0px;--awb-padding-right:0px;--awb-padding-bottom:0px;--awb-padding-left:0px;--awb-flex-wrap:wrap;\" ><div class=\"fusion-builder-row fusion-row\"><div class=\"fusion-layout-column fusion_builder_column fusion-builder-column-3 fusion_builder_column_1_1 1_1 fusion-one-full fusion-column-first fusion-column-last fusion-column-no-min-height\" style=\"--awb-bg-size:cover;--awb-margin-bottom:0px;\"><div class=\"fusion-column-wrapper fusion-flex-column-wrapper-legacy\"><div class=\"fusion-recent-works fusion-portfolio-element fusion-portfolio fusion-portfolio-1 fusion-portfolio-carousel fusion-portfolio-paging-none recent-works-carousel portfolio-carousel picture-size-auto fusion-portfolio-rollover\" data-id=\"-rw-1\"><div class=\"awb-carousel awb-swiper awb-swiper-carousel\" style=\"--awb-columns:3;\" data-autoplay=\"no\" data-columns=\"3\" data-itemmargin=\"12\" data-itemwidth=\"180\" data-touchscroll=\"no\" data-imagesize=\"auto\"><div class=\"swiper-wrapper\"><div class=\"swiper-slide\"><div class=\"fusion-carousel-item-wrapper\"><span class=\"entry-title rich-snippet-hidden\">PLANTA NOMEX\u00ae<\/span><span class=\"vcard rich-snippet-hidden\"><span class=\"fn\"><a href=\"https:\/\/www.intecsaindustrial.com\/es\/author\/intecsa-industrial\/\" title=\"Entradas de Intecsa Industrial\" rel=\"author\">Intecsa Industrial<\/a><\/span><\/span><span class=\"updated rich-snippet-hidden\">2023-10-19T16:34:55+02:00<\/span><div  class=\"fusion-image-wrapper\" aria-haspopup=\"true\">\n\t\t\t\t<img decoding=\"async\" width=\"940\" height=\"600\" src=\"https:\/\/www.intecsaindustrial.com\/wp-content\/uploads\/2015\/02\/Dupont-Nomex1.jpg\" class=\"attachment-full size-full wp-post-image\" alt=\"\" \/><div class=\"fusion-rollover\">\n\t<div class=\"fusion-rollover-content\">\n\n\t\t\t\t\n\t\t\n\t\t\t\t\t\t\t\t\t\t\t\t<h4 class=\"fusion-rollover-title\">\n\t\t\t\t\t<a class=\"fusion-rollover-title-link\" href=\"https:\/\/www.intecsaindustrial.com\/es\/servicios-ingenieria-industrial\/planta-nomex\/\">\n\t\t\t\t\t\tPLANTA NOMEX\u00ae\t\t\t\t\t<\/a>\n\t\t\t\t<\/h4>\n\t\t\t\n\t\t\t\t\t\t\t\t\n\t\t\n\t\t\t\t\t\t<a class=\"fusion-link-wrapper\" href=\"https:\/\/www.intecsaindustrial.com\/es\/servicios-ingenieria-industrial\/planta-nomex\/\" aria-label=\"PLANTA NOMEX\u00ae\"><\/a>\n\t<\/div>\n<\/div>\n<\/div>\n<\/div><\/div><div class=\"swiper-slide\"><div class=\"fusion-carousel-item-wrapper\"><span class=\"entry-title rich-snippet-hidden\">PLANTA DE POLIPROPILENO<\/span><span class=\"vcard rich-snippet-hidden\"><span class=\"fn\"><a href=\"https:\/\/www.intecsaindustrial.com\/es\/author\/intecsa-industrial\/\" title=\"Entradas de Intecsa Industrial\" rel=\"author\">Intecsa Industrial<\/a><\/span><\/span><span class=\"updated rich-snippet-hidden\">2023-07-19T17:45:40+02:00<\/span><div  class=\"fusion-image-wrapper\" aria-haspopup=\"true\">\n\t\t\t\t<img decoding=\"async\" width=\"940\" height=\"600\" src=\"https:\/\/www.intecsaindustrial.com\/wp-content\/uploads\/2014\/12\/polipropilene.jpg\" class=\"attachment-full size-full wp-post-image\" alt=\"\" \/><div class=\"fusion-rollover\">\n\t<div class=\"fusion-rollover-content\">\n\n\t\t\t\t\n\t\t\n\t\t\t\t\t\t\t\t\t\t\t\t<h4 class=\"fusion-rollover-title\">\n\t\t\t\t\t<a class=\"fusion-rollover-title-link\" href=\"https:\/\/www.intecsaindustrial.com\/es\/servicios-ingenieria-industrial\/planta-de-polipropileno\/\">\n\t\t\t\t\t\tPLANTA DE POLIPROPILENO\t\t\t\t\t<\/a>\n\t\t\t\t<\/h4>\n\t\t\t\n\t\t\t\t\t\t\t\t\n\t\t\n\t\t\t\t\t\t<a class=\"fusion-link-wrapper\" href=\"https:\/\/www.intecsaindustrial.com\/es\/servicios-ingenieria-industrial\/planta-de-polipropileno\/\" aria-label=\"PLANTA DE POLIPROPILENO\"><\/a>\n\t<\/div>\n<\/div>\n<\/div>\n<\/div><\/div><div class=\"swiper-slide\"><div class=\"fusion-carousel-item-wrapper\"><span class=\"entry-title rich-snippet-hidden\">NUEVA PLANTA DE FENOL<\/span><span class=\"vcard rich-snippet-hidden\"><span class=\"fn\"><a href=\"https:\/\/www.intecsaindustrial.com\/es\/author\/intecsa-industrial\/\" title=\"Entradas de Intecsa Industrial\" rel=\"author\">Intecsa Industrial<\/a><\/span><\/span><span class=\"updated rich-snippet-hidden\">2023-07-19T17:45:56+02:00<\/span><div  class=\"fusion-image-wrapper\" aria-haspopup=\"true\">\n\t\t\t\t<img decoding=\"async\" width=\"940\" height=\"599\" src=\"https:\/\/www.intecsaindustrial.com\/wp-content\/uploads\/2014\/12\/Ertisa-Fenol.jpg\" class=\"attachment-full size-full wp-post-image\" alt=\"\" \/><div class=\"fusion-rollover\">\n\t<div class=\"fusion-rollover-content\">\n\n\t\t\t\t\n\t\t\n\t\t\t\t\t\t\t\t\t\t\t\t<h4 class=\"fusion-rollover-title\">\n\t\t\t\t\t<a class=\"fusion-rollover-title-link\" href=\"https:\/\/www.intecsaindustrial.com\/es\/servicios-ingenieria-industrial\/planta-de-fenol\/\">\n\t\t\t\t\t\tNUEVA PLANTA DE FENOL\t\t\t\t\t<\/a>\n\t\t\t\t<\/h4>\n\t\t\t\n\t\t\t\t\t\t\t\t\n\t\t\n\t\t\t\t\t\t<a class=\"fusion-link-wrapper\" href=\"https:\/\/www.intecsaindustrial.com\/es\/servicios-ingenieria-industrial\/planta-de-fenol\/\" aria-label=\"NUEVA PLANTA DE FENOL\"><\/a>\n\t<\/div>\n<\/div>\n<\/div>\n<\/div><\/div><div class=\"swiper-slide\"><div class=\"fusion-carousel-item-wrapper\"><span class=\"entry-title rich-snippet-hidden\">PLANTA DE MON\u00d3MERO DE ESTIRENO Y \u00d3XIDO DE PROPILENO-SMPO<\/span><span class=\"vcard rich-snippet-hidden\"><span class=\"fn\"><a href=\"https:\/\/www.intecsaindustrial.com\/es\/author\/intecsa-industrial\/\" title=\"Entradas de Intecsa Industrial\" rel=\"author\">Intecsa Industrial<\/a><\/span><\/span><span class=\"updated rich-snippet-hidden\">2023-07-19T17:46:10+02:00<\/span><div  class=\"fusion-image-wrapper\" aria-haspopup=\"true\">\n\t\t\t\t<img decoding=\"async\" width=\"940\" height=\"600\" src=\"https:\/\/www.intecsaindustrial.com\/wp-content\/uploads\/2014\/12\/REPSOL-SMOP-Tarrangona.jpg\" class=\"attachment-full size-full wp-post-image\" alt=\"\" \/><div class=\"fusion-rollover\">\n\t<div class=\"fusion-rollover-content\">\n\n\t\t\t\t\t\t\t\t\t\t\n\t\t\t\t\t\t\t\t\t\t\t\t\t\t\n\t\t\t\t\t\t\t\t\n\t\t\t\t\t\t\t\t\n\t\t\t\t\t\t\t\t\t\t\t\t\t\t\t\t\t\t<a class=\"fusion-rollover-gallery\" href=\"https:\/\/www.intecsaindustrial.com\/wp-content\/uploads\/2014\/12\/REPSOL-SMOP-Tarrangona.jpg\" data-options=\"\" data-id=\"13693\" data-rel=\"iLightbox[gallery-rw-1]\" data-title=\"Repsol -SMPO-Tarragona\" data-caption=\"\">\n\t\t\t\t\t\tGaler\u00eda\t\t\t\t\t<\/a>\n\t\t\t\t\t\t\t\t\t\t\t\t\t\t\n\t\t\n\t\t\t\t\t\t\t\t\t\t\t\t<h4 class=\"fusion-rollover-title\">\n\t\t\t\t\t<a class=\"fusion-rollover-title-link\" href=\"https:\/\/www.intecsaindustrial.com\/es\/servicios-ingenieria-industrial\/monomero-de-estireno-y-oxido-de-propileno-smop\/\">\n\t\t\t\t\t\tPLANTA DE MON\u00d3MERO DE ESTIRENO Y \u00d3XIDO DE PROPILENO-SMPO\t\t\t\t\t<\/a>\n\t\t\t\t<\/h4>\n\t\t\t\n\t\t\t\t\t\t\t\t\n\t\t\n\t\t\t\t\t\t<a class=\"fusion-link-wrapper\" href=\"https:\/\/www.intecsaindustrial.com\/es\/servicios-ingenieria-industrial\/monomero-de-estireno-y-oxido-de-propileno-smop\/\" aria-label=\"PLANTA DE MON\u00d3MERO DE ESTIRENO Y \u00d3XIDO DE PROPILENO-SMPO\"><\/a>\n\t<\/div>\n<\/div>\n<\/div>\n<\/div><\/div><div class=\"swiper-slide\"><div class=\"fusion-carousel-item-wrapper\"><span class=\"entry-title rich-snippet-hidden\">9th INSTALACIONES EXTERNAS DE OLEFINAS<\/span><span class=\"vcard rich-snippet-hidden\"><span class=\"fn\"><a href=\"https:\/\/www.intecsaindustrial.com\/es\/author\/intecsa-industrial\/\" title=\"Entradas de Intecsa Industrial\" rel=\"author\">Intecsa Industrial<\/a><\/span><\/span><span class=\"updated rich-snippet-hidden\">2023-07-19T17:47:02+02:00<\/span><div  class=\"fusion-image-wrapper\" aria-haspopup=\"true\">\n\t\t\t\t<img decoding=\"async\" width=\"940\" height=\"600\" src=\"https:\/\/www.intecsaindustrial.com\/wp-content\/uploads\/2014\/12\/oleffins1.jpg\" class=\"attachment-full size-full wp-post-image\" alt=\"\" \/><div class=\"fusion-rollover\">\n\t<div class=\"fusion-rollover-content\">\n\n\t\t\t\t\n\t\t\n\t\t\t\t\t\t\t\t\t\t\t\t<h4 class=\"fusion-rollover-title\">\n\t\t\t\t\t<a class=\"fusion-rollover-title-link\" href=\"https:\/\/www.intecsaindustrial.com\/es\/servicios-ingenieria-industrial\/instalaciones-y-servicios-para-planta-de-olefinas\/\">\n\t\t\t\t\t\t9th INSTALACIONES EXTERNAS DE OLEFINAS\t\t\t\t\t<\/a>\n\t\t\t\t<\/h4>\n\t\t\t\n\t\t\t\t\t\t\t\t\n\t\t\n\t\t\t\t\t\t<a class=\"fusion-link-wrapper\" href=\"https:\/\/www.intecsaindustrial.com\/es\/servicios-ingenieria-industrial\/instalaciones-y-servicios-para-planta-de-olefinas\/\" aria-label=\"9th INSTALACIONES EXTERNAS DE OLEFINAS\"><\/a>\n\t<\/div>\n<\/div>\n<\/div>\n<\/div><\/div><div class=\"swiper-slide\"><div class=\"fusion-carousel-item-wrapper\"><span class=\"entry-title rich-snippet-hidden\">PLANTA TA\/PTA<\/span><span class=\"vcard rich-snippet-hidden\"><span class=\"fn\"><a href=\"https:\/\/www.intecsaindustrial.com\/es\/author\/intecsa-industrial\/\" title=\"Entradas de Intecsa Industrial\" rel=\"author\">Intecsa Industrial<\/a><\/span><\/span><span class=\"updated rich-snippet-hidden\">2023-07-19T17:47:55+02:00<\/span><div  class=\"fusion-image-wrapper\" aria-haspopup=\"true\">\n\t\t\t\t<img decoding=\"async\" width=\"940\" height=\"600\" src=\"https:\/\/www.intecsaindustrial.com\/wp-content\/uploads\/2014\/12\/INTERQUISA_CANADA_01.jpg\" class=\"attachment-full size-full wp-post-image\" alt=\"\" \/><div class=\"fusion-rollover\">\n\t<div class=\"fusion-rollover-content\">\n\n\t\t\t\t\n\t\t\n\t\t\t\t\t\t\t\t\t\t\t\t<h4 class=\"fusion-rollover-title\">\n\t\t\t\t\t<a class=\"fusion-rollover-title-link\" href=\"https:\/\/www.intecsaindustrial.com\/es\/servicios-ingenieria-industrial\/planta-tapta\/\">\n\t\t\t\t\t\tPLANTA TA\/PTA\t\t\t\t\t<\/a>\n\t\t\t\t<\/h4>\n\t\t\t\n\t\t\t\t\t\t\t\t\n\t\t\n\t\t\t\t\t\t<a class=\"fusion-link-wrapper\" href=\"https:\/\/www.intecsaindustrial.com\/es\/servicios-ingenieria-industrial\/planta-tapta\/\" aria-label=\"PLANTA TA\/PTA\"><\/a>\n\t<\/div>\n<\/div>\n<\/div>\n<\/div><\/div><div class=\"swiper-slide\"><div class=\"fusion-carousel-item-wrapper\"><span class=\"entry-title rich-snippet-hidden\">PLANTA TA\/PTA (ESPA\u00d1A)<\/span><span class=\"vcard rich-snippet-hidden\"><span class=\"fn\"><a href=\"https:\/\/www.intecsaindustrial.com\/es\/author\/intecsa-industrial\/\" title=\"Entradas de Intecsa Industrial\" rel=\"author\">Intecsa Industrial<\/a><\/span><\/span><span class=\"updated rich-snippet-hidden\">2023-07-20T08:18:11+02:00<\/span><div  class=\"fusion-image-wrapper\" aria-haspopup=\"true\">\n\t\t\t\t<img decoding=\"async\" width=\"940\" height=\"600\" src=\"https:\/\/www.intecsaindustrial.com\/wp-content\/uploads\/2014\/12\/Intecsa-PTA-SAN_ROQUE.jpg\" class=\"attachment-full size-full wp-post-image\" alt=\"\" \/><div class=\"fusion-rollover\">\n\t<div class=\"fusion-rollover-content\">\n\n\t\t\t\t\t\t\t\t\t\t\n\t\t\t\t\t\t\t\t\t\t\t\t\t\t\n\t\t\t\t\t\t\t\t\n\t\t\t\t\t\t\t\t\n\t\t\t\t\t\t\t\t\t\t\t\t\t\t\t\t\t\t<a class=\"fusion-rollover-gallery\" href=\"https:\/\/www.intecsaindustrial.com\/wp-content\/uploads\/2014\/12\/Intecsa-PTA-SAN_ROQUE.jpg\" data-options=\"\" data-id=\"13700\" data-rel=\"iLightbox[gallery-rw-1]\" data-title=\"Intecsa-PTA-SAN_ROQUE\" data-caption=\"\">\n\t\t\t\t\t\tGaler\u00eda\t\t\t\t\t<\/a>\n\t\t\t\t\t\t\t\t\t\t\t\t\t\t\n\t\t\n\t\t\t\t\t\t\t\t\t\t\t\t<h4 class=\"fusion-rollover-title\">\n\t\t\t\t\t<a class=\"fusion-rollover-title-link\" href=\"https:\/\/www.intecsaindustrial.com\/es\/servicios-ingenieria-industrial\/planta-tapta-espana\/\">\n\t\t\t\t\t\tPLANTA TA\/PTA (ESPA\u00d1A)\t\t\t\t\t<\/a>\n\t\t\t\t<\/h4>\n\t\t\t\n\t\t\t\t\t\t\t\t\n\t\t\n\t\t\t\t\t\t<a class=\"fusion-link-wrapper\" href=\"https:\/\/www.intecsaindustrial.com\/es\/servicios-ingenieria-industrial\/planta-tapta-espana\/\" aria-label=\"PLANTA TA\/PTA (ESPA\u00d1A)\"><\/a>\n\t<\/div>\n<\/div>\n<\/div>\n<\/div><\/div><div class=\"swiper-slide\"><div class=\"fusion-carousel-item-wrapper\"><span class=\"entry-title rich-snippet-hidden\">SUSTITUCI\u00d3N DE REACTORES DE \u00d3XIDO DE ETILENO<\/span><span class=\"vcard rich-snippet-hidden\"><span class=\"fn\"><a href=\"https:\/\/www.intecsaindustrial.com\/es\/author\/intecsa-industrial\/\" title=\"Entradas de Intecsa Industrial\" rel=\"author\">Intecsa Industrial<\/a><\/span><\/span><span class=\"updated rich-snippet-hidden\">2023-07-20T08:20:14+02:00<\/span><div  class=\"fusion-image-wrapper\" aria-haspopup=\"true\">\n\t\t\t\t<img decoding=\"async\" width=\"940\" height=\"600\" src=\"https:\/\/www.intecsaindustrial.com\/wp-content\/uploads\/2014\/12\/EO-Reactors.jpg\" class=\"attachment-full size-full wp-post-image\" alt=\"\" \/><div class=\"fusion-rollover\">\n\t<div class=\"fusion-rollover-content\">\n\n\t\t\t\t\t\t\t\t\t\t\n\t\t\t\t\t\t\t\t\t\t\t\t\t\t\n\t\t\t\t\t\t\t\t\n\t\t\t\t\t\t\t\t\n\t\t\t\t\t\t\t\t\t\t\t\t\t\t\t\t\t\t<a class=\"fusion-rollover-gallery\" href=\"https:\/\/www.intecsaindustrial.com\/wp-content\/uploads\/2014\/12\/EO-Reactors.jpg\" data-options=\"\" data-id=\"13702\" data-rel=\"iLightbox[gallery-rw-1]\" data-title=\"EO-Reactors\" data-caption=\"\">\n\t\t\t\t\t\tGaler\u00eda\t\t\t\t\t<\/a>\n\t\t\t\t\t\t\t\t\t\t\t\t\t\t\n\t\t\n\t\t\t\t\t\t\t\t\t\t\t\t<h4 class=\"fusion-rollover-title\">\n\t\t\t\t\t<a class=\"fusion-rollover-title-link\" href=\"https:\/\/www.intecsaindustrial.com\/es\/servicios-ingenieria-industrial\/sustitucion-de-reactores-de-oxido-de-etileno\/\">\n\t\t\t\t\t\tSUSTITUCI\u00d3N DE REACTORES DE \u00d3XIDO DE ETILENO\t\t\t\t\t<\/a>\n\t\t\t\t<\/h4>\n\t\t\t\n\t\t\t\t\t\t\t\t\n\t\t\n\t\t\t\t\t\t<a class=\"fusion-link-wrapper\" href=\"https:\/\/www.intecsaindustrial.com\/es\/servicios-ingenieria-industrial\/sustitucion-de-reactores-de-oxido-de-etileno\/\" aria-label=\"SUSTITUCI\u00d3N DE REACTORES DE \u00d3XIDO DE ETILENO\"><\/a>\n\t<\/div>\n<\/div>\n<\/div>\n<\/div><\/div><\/div><div class=\"awb-swiper-button awb-swiper-button-prev\"><i class=\"awb-icon-angle-left\" aria-hidden=\"true\"><\/i><\/div><div class=\"awb-swiper-button awb-swiper-button-next\"><i class=\"awb-icon-angle-right\" aria-hidden=\"true\"><\/i><\/div><\/div><\/div><div class=\"fusion-clearfix\"><\/div><\/div><\/div><\/div><\/div><\/p>\n","protected":false},"excerpt":{"rendered":"","protected":false},"author":3,"featured_media":0,"parent":0,"menu_order":0,"comment_status":"open","ping_status":"open","template":"100-width.php","meta":{"footnotes":""},"class_list":["post-21375","page","type-page","status-publish","hentry"],"_links":{"self":[{"href":"https:\/\/www.intecsaindustrial.com\/es\/wp-json\/wp\/v2\/pages\/21375","targetHints":{"allow":["GET"]}}],"collection":[{"href":"https:\/\/www.intecsaindustrial.com\/es\/wp-json\/wp\/v2\/pages"}],"about":[{"href":"https:\/\/www.intecsaindustrial.com\/es\/wp-json\/wp\/v2\/types\/page"}],"author":[{"embeddable":true,"href":"https:\/\/www.intecsaindustrial.com\/es\/wp-json\/wp\/v2\/users\/3"}],"replies":[{"embeddable":true,"href":"https:\/\/www.intecsaindustrial.com\/es\/wp-json\/wp\/v2\/comments?post=21375"}],"version-history":[{"count":8,"href":"https:\/\/www.intecsaindustrial.com\/es\/wp-json\/wp\/v2\/pages\/21375\/revisions"}],"predecessor-version":[{"id":22213,"href":"https:\/\/www.intecsaindustrial.com\/es\/wp-json\/wp\/v2\/pages\/21375\/revisions\/22213"}],"wp:attachment":[{"href":"https:\/\/www.intecsaindustrial.com\/es\/wp-json\/wp\/v2\/media?parent=21375"}],"curies":[{"name":"wp","href":"https:\/\/api.w.org\/{rel}","templated":true}]}}