{"id":21402,"date":"2023-07-19T10:13:45","date_gmt":"2023-07-19T10:13:45","guid":{"rendered":"https:\/\/www.intecsaindustrial.com\/?page_id=21402"},"modified":"2023-08-25T11:04:41","modified_gmt":"2023-08-25T11:04:41","slug":"refino-del-petroleo","status":"publish","type":"page","link":"https:\/\/www.intecsaindustrial.com\/es\/refino-del-petroleo\/","title":{"rendered":"Refino del Petr\u00f3leo"},"content":{"rendered":"<p><div class=\"fusion-fullwidth fullwidth-box fusion-builder-row-1 has-pattern-background has-mask-background hundred-percent-fullwidth non-hundred-percent-height-scrolling\" style=\"--awb-background-position:left top;--awb-border-sizes-top:0px;--awb-border-sizes-bottom:0px;--awb-border-sizes-left:0px;--awb-border-sizes-right:0px;--awb-border-radius-top-left:0px;--awb-border-radius-top-right:0px;--awb-border-radius-bottom-right:0px;--awb-border-radius-bottom-left:0px;--awb-padding-top:10px;--awb-padding-right:15%;--awb-padding-bottom:10px;--awb-padding-left:15%;--awb-flex-wrap:wrap;\" ><div class=\"fusion-builder-row fusion-row\"><div class=\"fusion-layout-column fusion_builder_column fusion-builder-column-0 fusion_builder_column_1_1 1_1 fusion-one-full fusion-column-first fusion-column-last\" style=\"--awb-bg-size:cover;\"><div class=\"fusion-column-wrapper fusion-flex-column-wrapper-legacy\"><div class=\"fusion-text fusion-text-1\"><p style=\"text-align: justify;\"><strong>Intecsa Industrial<\/strong> ofrece una amplia gama de soluciones en procesos de refiner\u00eda adquiridas a lo largo de nuestros 50 a\u00f1os de experiencia global en proyectos integrales, modernizaci\u00f3n y proyectos de expansi\u00f3n. A trav\u00e9s de esta experiencia hemos entregado con \u00e9xito un gran n\u00famero de proyectos de refino en todo el mundo, que van desde estudios conceptuales de viabilidad t\u00e9cnica y econ\u00f3mica hasta comisionado y puesta en marcha.<\/p>\n<p style=\"text-align: justify;\"><strong>Intecsa Industrial<\/strong> tambi\u00e9n ha completado una extensa gama de proyectos llave en mano-EPC, incluyendo servicios de Ingenier\u00eda de Detalle, Compras y Construcci\u00f3n, en todas las refiner\u00edas espa\u00f1olas y para otras refiner\u00edas en todos los continentes.<\/p>\n<p style=\"text-align: justify;\">Desde el punto de vista de la tecnolog\u00eda de procesos, Intecsa Industrial cuenta con gran experiencia en cualquiera de las tecnolog\u00edas de licencia libre y con los licenciantes de proceso m\u00e1s relevantes.<\/p>\n<p style=\"text-align: justify;\"><strong>Intecsa Industrial<\/strong> tiene tambi\u00e9n una experiencia considerable en el dise\u00f1o de unidades suplementarias dedicadas a la reducci\u00f3n de las emisiones y el impacto ambiental en los productos del refino como la regeneraci\u00f3n de aguas \u00e1cidas, tratamiento de gas, recuperaci\u00f3n de azufre y unidades auxiliares. Para cumplir con los requisitos de nuestros clientes, suministramos soluciones competitivas, innovadoras, rentables, sostenibles y medioambientales.<\/p>\n<\/div><div class=\"fusion-clearfix\"><\/div><\/div><\/div><\/div><\/div><div class=\"fusion-fullwidth fullwidth-box fusion-builder-row-2 has-pattern-background has-mask-background hundred-percent-fullwidth non-hundred-percent-height-scrolling\" style=\"--awb-background-position:left top;--awb-border-sizes-top:0px;--awb-border-sizes-bottom:0px;--awb-border-sizes-left:0px;--awb-border-sizes-right:0px;--awb-border-radius-top-left:0px;--awb-border-radius-top-right:0px;--awb-border-radius-bottom-right:0px;--awb-border-radius-bottom-left:0px;--awb-padding-top:0px;--awb-padding-right:10%;--awb-padding-bottom:0px;--awb-padding-left:0px;--awb-margin-top:0px;--awb-margin-bottom:0px;--awb-background-color:rgba(190,224,204,0.3);--awb-flex-wrap:wrap;\" ><div class=\"fusion-builder-row fusion-row\"><div class=\"fusion-layout-column fusion_builder_column fusion-builder-column-1 fusion_builder_column_1_2 1_2 fusion-one-half fusion-column-first\" style=\"--awb-bg-size:cover;--awb-margin-bottom:0px;width:48%; margin-right: 4%;\"><div class=\"fusion-column-wrapper fusion-column-has-shadow fusion-flex-column-wrapper-legacy\"><div class=\"fusion-image-element in-legacy-container\" style=\"--awb-caption-title-font-family:var(--h2_typography-font-family);--awb-caption-title-font-weight:var(--h2_typography-font-weight);--awb-caption-title-font-style:var(--h2_typography-font-style);--awb-caption-title-size:var(--h2_typography-font-size);--awb-caption-title-transform:var(--h2_typography-text-transform);--awb-caption-title-line-height:var(--h2_typography-line-height);--awb-caption-title-letter-spacing:var(--h2_typography-letter-spacing);\"><span class=\" fusion-imageframe imageframe-none imageframe-1 hover-type-none\"><img decoding=\"async\" width=\"940\" height=\"600\" title=\"INTECSA-VISBREAKING UNITS\" src=\"https:\/\/www.intecsaindustrial.com\/wp-content\/uploads\/2014\/12\/INTECSA-VISBREAKING-UNITS.jpg\" alt class=\"img-responsive wp-image-19013\" srcset=\"https:\/\/www.intecsaindustrial.com\/wp-content\/uploads\/2014\/12\/INTECSA-VISBREAKING-UNITS-460x295.jpg 460w, https:\/\/www.intecsaindustrial.com\/wp-content\/uploads\/2014\/12\/INTECSA-VISBREAKING-UNITS.jpg 940w\" sizes=\"(max-width: 940px) 100vw, 940px\" \/><\/span><\/div><div class=\"fusion-clearfix\"><\/div><\/div><\/div><div class=\"fusion-layout-column fusion_builder_column fusion-builder-column-2 fusion_builder_column_1_2 1_2 fusion-one-half fusion-column-last\" style=\"--awb-padding-top:40px;--awb-bg-size:cover;--awb-margin-bottom:0px;width:48%;\"><div class=\"fusion-column-wrapper fusion-column-has-shadow fusion-flex-column-wrapper-legacy\"><div class=\"fusion-title title fusion-title-1 fusion-sep-none fusion-title-text fusion-title-size-three\" style=\"--awb-text-color:#004289;--awb-margin-top-small:10px;--awb-margin-right-small:0px;--awb-margin-bottom-small:10px;--awb-margin-left-small:0px;--awb-sep-color:#ffffff;--awb-font-size:2.0em;\"><h3 class=\"fusion-title-heading title-heading-left fusion-responsive-typography-calculated\" style=\"margin:0;font-size:1em;--fontSize:32;line-height:1.41;\"><strong><span style=\"color: #003366;\">Unidades de Procesos<\/span><\/strong><\/h3><\/div><div class=\"fusion-text fusion-text-2\"><p style=\"text-align: justify;\"><strong>Intecsa Industrial<\/strong> ha realizado el dise\u00f1o e ingenier\u00eda para un gran n\u00famero de unidades de proceso en todo el mundo. Nuestra exitosa experiencia en el dise\u00f1o y construcci\u00f3n de unidades de procesos de refino nos permite ofrecer servicios de ingenier\u00eda de alta calidad, cumpliendo los programas y sujetos a las normas de seguridad m\u00e1s exigentes.<\/p>\n<p style=\"text-align: justify;\">Desde 1965<strong>, Intecsa Industrial<\/strong> ha proporcionado una gran variedad de servicios (estudios conceptuales, modernizaci\u00f3n, llave en mano-EPC, etc.) a las refiner\u00edas l\u00edderes a nivel mundial.<\/p>\n<p style=\"text-align: justify;\">Hoy en d\u00eda, muchos de nuestros clientes conf\u00edan a <strong>Intecsa Industrial<\/strong> sus proyectos de refino puesto que las referencias realizadas por nosotros en el pasado, se han demostrado rentables. Adem\u00e1s, <strong>Intecsa Industrial<\/strong> es una empresa l\u00edder para el dise\u00f1o de unidades centradas en el cumplimiento de la regulaci\u00f3n de combustibles no contaminantes que establecen un m\u00e1ximo de contenido de azufre, ox\u00edgeno y otros contenidos arom\u00e1ticos en el combustible. Tambi\u00e9n tiene un n\u00famero considerable de programas software de proceso, con el fin de proporcionar una soluci\u00f3n innovadora a los plazos de ejecuci\u00f3n m\u00e1s agresivos.<\/p>\n<\/div><div class=\"fusion-clearfix\"><\/div><\/div><\/div><\/div><\/div><div class=\"fusion-fullwidth fullwidth-box fusion-builder-row-3 has-pattern-background has-mask-background hundred-percent-fullwidth non-hundred-percent-height-scrolling\" style=\"--awb-background-position:left top;--awb-border-sizes-top:0px;--awb-border-sizes-bottom:0px;--awb-border-sizes-left:0px;--awb-border-sizes-right:0px;--awb-border-radius-top-left:0px;--awb-border-radius-top-right:0px;--awb-border-radius-bottom-right:0px;--awb-border-radius-bottom-left:0px;--awb-padding-top:10px;--awb-padding-right:15%;--awb-padding-bottom:0px;--awb-padding-left:15%;--awb-flex-wrap:wrap;\" ><div class=\"fusion-builder-row fusion-row\"><div class=\"fusion-layout-column fusion_builder_column fusion-builder-column-3 fusion_builder_column_1_1 1_1 fusion-one-full fusion-column-first fusion-column-last fusion-column-no-min-height\" style=\"--awb-bg-size:cover;--awb-margin-top:30px;--awb-margin-bottom:0px;\"><div class=\"fusion-column-wrapper fusion-column-has-shadow fusion-flex-column-wrapper-legacy\"><div class=\"fusion-title title fusion-title-2 fusion-sep-none fusion-title-text fusion-title-size-three\" style=\"--awb-text-color:#004289;--awb-margin-top-small:10px;--awb-margin-right-small:0px;--awb-margin-bottom-small:10px;--awb-margin-left-small:0px;--awb-sep-color:#ffffff;--awb-font-size:2.0em;\"><h3 class=\"fusion-title-heading title-heading-left fusion-responsive-typography-calculated\" style=\"margin:0;font-size:1em;--fontSize:32;line-height:1.41;\"><strong><span style=\"color: #003366;\">Servicios Auxiliares<\/span><\/strong><\/h3><\/div><div class=\"fusion-text fusion-text-3\"><p style=\"text-align: justify;\">Mediante d\u00e9cadas de experiencia en proyectos de refino, <strong>Intecsa Industrial<\/strong> ha logrado obtener la confianza de nuestros clientes para ejecutar numerosos proyectos de unidades auxiliares. Estos proyectos requieren de una gran adaptaci\u00f3n a las necesidades del resto de las unidades productivas, bajo un entorno temporal muy restrictivo, obteni\u00e9ndose como \u00fanico \u00e9xito, la mayor optimizaci\u00f3n y flexibilizaci\u00f3n en el servicio que prestan dichas unidades. Reduciendo al m\u00e1ximo sus consumos y por tanto las huellas de estos complejos industriales.<\/p>\n<p style=\"text-align: justify;\">En algunas ocasiones, las unidades auxiliares son parte de nuestro alcance de trabajo en proyectos integrales de refino. En otras, <strong>Intecsa Industrial<\/strong> ha desarrollado proyectos donde el alcance de trabajo se limita a estas unidades cr\u00edticas, y a la alimentaci\u00f3n a los dem\u00e1s contratistas encargados de las unidades de proceso que requieren control, coordinaci\u00f3n y gesti\u00f3n de todas las interconexiones con demanda de consumos.<\/p>\n<p style=\"text-align: justify;\">Cabe destacar que <strong>Intecsa Industrial<\/strong> ha dise\u00f1ado y construido numerosas instalaciones de almacenamiento (tanques, recipientes, esferas, etc.). En muchos casos, estos equipos son dise\u00f1ados en proyectos OSBL (proyectos fuera de los l\u00edmites de bater\u00eda). En estas situaciones, <strong>Intecsa Industrial<\/strong> puede ofrecer no s\u00f3lo el equipo sino tambi\u00e9n el resto de los materiales necesarios (interconexi\u00f3n de tuber\u00edas, equipos rotativos, de instrumentaci\u00f3n, obra civil, instalaciones el\u00e9ctricas, etc.) resultantes de dise\u00f1os operacionalmente flexibles y fiables.<\/p>\n<\/div><div class=\"fusion-clearfix\"><\/div><\/div><\/div><\/div><\/div><div class=\"fusion-fullwidth fullwidth-box fusion-builder-row-4 has-pattern-background has-mask-background hundred-percent-fullwidth non-hundred-percent-height-scrolling\" style=\"--awb-border-radius-top-left:0px;--awb-border-radius-top-right:0px;--awb-border-radius-bottom-right:0px;--awb-border-radius-bottom-left:0px;--awb-overflow:visible;--awb-margin-top:10px;--awb-margin-bottom:10px;--awb-background-color:rgba(255,255,255,0);--awb-flex-wrap:wrap;\" ><div class=\"fusion-builder-row fusion-row\"><div class=\"fusion-layout-column fusion_builder_column fusion-builder-column-4 fusion_builder_column_1_1 1_1 fusion-one-full fusion-column-first fusion-column-last fusion-column-no-min-height\" style=\"--awb-bg-size:cover;--awb-margin-bottom:0px;\"><div class=\"fusion-column-wrapper fusion-flex-column-wrapper-legacy\"><div class=\"fusion-sep-clear\"><\/div><div class=\"fusion-separator fusion-full-width-sep\" style=\"margin-left: auto;margin-right: auto;width:100%;\"><\/div><div class=\"fusion-sep-clear\"><\/div><div class=\"fusion-clearfix\"><\/div><\/div><\/div><\/div><\/div><div class=\"fusion-fullwidth fullwidth-box fusion-builder-row-5 hundred-percent-fullwidth non-hundred-percent-height-scrolling\" style=\"--awb-background-position:left top;--awb-border-sizes-top:0px;--awb-border-sizes-bottom:0px;--awb-border-sizes-left:0px;--awb-border-sizes-right:0px;--awb-border-color:#e5e4e4;--awb-border-radius-top-left:0px;--awb-border-radius-top-right:0px;--awb-border-radius-bottom-right:0px;--awb-border-radius-bottom-left:0px;--awb-padding-top:0px;--awb-padding-right:0px;--awb-padding-bottom:15px;--awb-padding-left:0px;--awb-background-color:#ffffff;--awb-flex-wrap:wrap;\" ><div class=\"fusion-builder-row fusion-row\"><div class=\"fusion-layout-column fusion_builder_column fusion-builder-column-5 fusion_builder_column_1_1 1_1 fusion-one-full fusion-column-first fusion-column-last fusion-column-no-min-height\" style=\"--awb-padding-top:50px;--awb-padding-bottom:50px;--awb-bg-color:#ededed;--awb-bg-color-hover:#ededed;--awb-bg-size:cover;--awb-margin-bottom:30px;\"><div class=\"fusion-column-wrapper fusion-flex-column-wrapper-legacy\"><div class=\"fusion-title title fusion-title-3 fusion-title-center fusion-title-text fusion-title-size-three\" style=\"--awb-margin-bottom:0px;--awb-margin-top-small:10px;--awb-margin-right-small:0px;--awb-margin-bottom-small:10px;--awb-margin-left-small:0px;--awb-sep-color:#003355;\"><div class=\"title-sep-container title-sep-container-left\"><div class=\"title-sep sep-single sep-solid\" style=\"border-color:#003355;\"><\/div><\/div><span class=\"awb-title-spacer\"><\/span><h3 class=\"fusion-title-heading title-heading-center fusion-responsive-typography-calculated\" style=\"margin:0;--fontSize:17;--minFontSize:17;line-height:1.41;\"><span style=\"color: #003355; font-size: 3.0em;\"><strong>Proyectos Destacados<\/strong><\/span><\/h3><span class=\"awb-title-spacer\"><\/span><div class=\"title-sep-container title-sep-container-right\"><div class=\"title-sep sep-single sep-solid\" style=\"border-color:#003355;\"><\/div><\/div><\/div><div class=\"fusion-text fusion-text-4\"><p style=\"text-align: center;\"><span style=\"color: #666666;\">Expertas soluciones en procesos de refiner\u00eda de petr\u00f3leo<\/span><\/p>\n<\/div><div class=\"fusion-clearfix\"><\/div><\/div><\/div><\/div><\/div><div class=\"fusion-fullwidth fullwidth-box fusion-builder-row-6 has-pattern-background has-mask-background nonhundred-percent-fullwidth non-hundred-percent-height-scrolling\" style=\"--awb-background-position:left top;--awb-border-sizes-top:0px;--awb-border-sizes-bottom:0px;--awb-border-sizes-left:0px;--awb-border-sizes-right:0px;--awb-border-radius-top-left:0px;--awb-border-radius-top-right:0px;--awb-border-radius-bottom-right:0px;--awb-border-radius-bottom-left:0px;--awb-padding-top:0px;--awb-padding-right:10%;--awb-padding-bottom:0px;--awb-padding-left:10%;--awb-flex-wrap:wrap;\" ><div class=\"fusion-builder-row fusion-row\"><div class=\"fusion-layout-column fusion_builder_column fusion-builder-column-6 fusion_builder_column_1_1 1_1 fusion-one-full fusion-column-first fusion-column-last fusion-column-no-min-height\" style=\"--awb-bg-size:cover;--awb-margin-bottom:0px;\"><div class=\"fusion-column-wrapper fusion-flex-column-wrapper-legacy\"><div class=\"fusion-recent-works fusion-portfolio-element fusion-portfolio fusion-portfolio-1 fusion-portfolio-carousel fusion-portfolio-paging-infinite recent-works-carousel portfolio-carousel picture-size-auto fusion-portfolio-rollover\" data-id=\"-rw-1\"><div class=\"awb-carousel awb-swiper awb-swiper-carousel\" style=\"--awb-columns:3;\" data-autoplay=\"no\" data-columns=\"3\" data-itemmargin=\"12\" data-itemwidth=\"180\" data-touchscroll=\"no\" data-imagesize=\"auto\"><div class=\"swiper-wrapper\"><div class=\"swiper-slide\"><div class=\"fusion-carousel-item-wrapper\"><span class=\"entry-title rich-snippet-hidden\">ADI-1000 COKER RETARDADA Y UNIDADES AUXILIARES<\/span><span class=\"vcard rich-snippet-hidden\"><span class=\"fn\"><a href=\"https:\/\/www.intecsaindustrial.com\/es\/author\/di4anacazadora\/\" title=\"Entradas de Intecsa Industrial\" rel=\"author\">Intecsa Industrial<\/a><\/span><\/span><span class=\"updated rich-snippet-hidden\">2023-07-19T18:09:44+02:00<\/span><div  class=\"fusion-image-wrapper\" aria-haspopup=\"true\">\n\t\t\t\t<img decoding=\"async\" width=\"940\" height=\"600\" src=\"https:\/\/www.intecsaindustrial.com\/wp-content\/uploads\/2015\/12\/adi1000.jpg\" class=\"attachment-full size-full wp-post-image\" alt=\"\" srcset=\"https:\/\/www.intecsaindustrial.com\/wp-content\/uploads\/2015\/12\/adi1000-200x128.jpg 200w, https:\/\/www.intecsaindustrial.com\/wp-content\/uploads\/2015\/12\/adi1000-400x255.jpg 400w, https:\/\/www.intecsaindustrial.com\/wp-content\/uploads\/2015\/12\/adi1000-600x383.jpg 600w, https:\/\/www.intecsaindustrial.com\/wp-content\/uploads\/2015\/12\/adi1000-800x511.jpg 800w, https:\/\/www.intecsaindustrial.com\/wp-content\/uploads\/2015\/12\/adi1000.jpg 940w\" sizes=\"(min-width: 2200px) 100vw, (min-width: 794px) 412px, (min-width: 717px) 618px, (min-width: 640px) 717px, \" \/><div class=\"fusion-rollover\">\n\t<div class=\"fusion-rollover-content\">\n\n\t\t\t\t\t\t\t\t\t\t\n\t\t\t\t\t\t\t\t\t\t\t\t\t\t\n\t\t\t\t\t\t\t\t\n\t\t\t\t\t\t\t\t\n\t\t\t\t\t\t\t\t\t\t\t\t\t\t\t\t\t\t<a class=\"fusion-rollover-gallery\" href=\"https:\/\/www.intecsaindustrial.com\/wp-content\/uploads\/2015\/12\/adi1000.jpg\" data-options=\"\" data-id=\"14574\" data-rel=\"iLightbox[gallery-rw-1]\" data-title=\"adi1000\" data-caption=\"\">\n\t\t\t\t\t\tGaler\u00eda\t\t\t\t\t<\/a>\n\t\t\t\t\t\t\t\t\t\t\t\t\t\t\n\t\t\n\t\t\t\t\t\t\t\t\t\t\t\t<h4 class=\"fusion-rollover-title\">\n\t\t\t\t\t<a class=\"fusion-rollover-title-link\" href=\"https:\/\/www.intecsaindustrial.com\/es\/servicios-ingenieria-industrial\/adi-1000-delayed-coker-unidades-reductoras-fuel\/\">\n\t\t\t\t\t\tADI-1000 COKER RETARDADA Y UNIDADES AUXILIARES\t\t\t\t\t<\/a>\n\t\t\t\t<\/h4>\n\t\t\t\n\t\t\t\t\t\t\t\t\n\t\t\n\t\t\t\t\t\t<a class=\"fusion-link-wrapper\" href=\"https:\/\/www.intecsaindustrial.com\/es\/servicios-ingenieria-industrial\/adi-1000-delayed-coker-unidades-reductoras-fuel\/\" aria-label=\"ADI-1000 COKER RETARDADA Y UNIDADES AUXILIARES\"><\/a>\n\t<\/div>\n<\/div>\n<\/div>\n<\/div><\/div><div class=\"swiper-slide\"><div class=\"fusion-carousel-item-wrapper\"><span class=\"entry-title rich-snippet-hidden\">UNIDADES DE VAC\u00cdO, MEROX Y VISBREAKING<\/span><span class=\"vcard rich-snippet-hidden\"><span class=\"fn\"><a href=\"https:\/\/www.intecsaindustrial.com\/es\/author\/intecsa-industrial\/\" title=\"Entradas de Intecsa Industrial\" rel=\"author\">Intecsa Industrial<\/a><\/span><\/span><span class=\"updated rich-snippet-hidden\">2023-10-19T12:11:32+02:00<\/span><div  class=\"fusion-image-wrapper\" aria-haspopup=\"true\">\n\t\t\t\t<img decoding=\"async\" width=\"940\" height=\"600\" src=\"https:\/\/www.intecsaindustrial.com\/wp-content\/uploads\/2014\/12\/INTECSA-VISBREAKING-UNITS.jpg\" class=\"attachment-full size-full wp-post-image\" alt=\"\" \/><div class=\"fusion-rollover\">\n\t<div class=\"fusion-rollover-content\">\n\n\t\t\t\t\t\t\t\t\t\t\n\t\t\t\t\t\t\t\t\t\t\t\t\t\t\n\t\t\t\t\t\t\t\t\n\t\t\t\t\t\t\t\t\n\t\t\t\t\t\t\t\t\t\t\t\t\t\t\t\t\t\t<a class=\"fusion-rollover-gallery\" href=\"https:\/\/www.intecsaindustrial.com\/wp-content\/uploads\/2014\/12\/INTECSA-VISBREAKING-UNITS.jpg\" data-options=\"\" data-id=\"13524\" data-rel=\"iLightbox[gallery-rw-1]\" data-title=\"INTECSA-VISBREAKING UNITS\" data-caption=\"\">\n\t\t\t\t\t\tGaler\u00eda\t\t\t\t\t<\/a>\n\t\t\t\t\t\t\t\t\t\t\t\t\t\t\n\t\t\n\t\t\t\t\t\t\t\t\t\t\t\t<h4 class=\"fusion-rollover-title\">\n\t\t\t\t\t<a class=\"fusion-rollover-title-link\" href=\"https:\/\/www.intecsaindustrial.com\/es\/servicios-ingenieria-industrial\/unidades-de-vacio-y-visbreaking\/\">\n\t\t\t\t\t\tUNIDADES DE VAC\u00cdO, MEROX Y VISBREAKING\t\t\t\t\t<\/a>\n\t\t\t\t<\/h4>\n\t\t\t\n\t\t\t\t\t\t\t\t\n\t\t\n\t\t\t\t\t\t<a class=\"fusion-link-wrapper\" href=\"https:\/\/www.intecsaindustrial.com\/es\/servicios-ingenieria-industrial\/unidades-de-vacio-y-visbreaking\/\" aria-label=\"UNIDADES DE VAC\u00cdO, MEROX Y VISBREAKING\"><\/a>\n\t<\/div>\n<\/div>\n<\/div>\n<\/div><\/div><div class=\"swiper-slide\"><div class=\"fusion-carousel-item-wrapper\"><span class=\"entry-title rich-snippet-hidden\">DUBA (Destilaci\u00f3n de Azufre Ultra Bajo)<\/span><span class=\"vcard rich-snippet-hidden\"><span class=\"fn\"><a href=\"https:\/\/www.intecsaindustrial.com\/es\/author\/intecsa-industrial\/\" title=\"Entradas de Intecsa Industrial\" rel=\"author\">Intecsa Industrial<\/a><\/span><\/span><span class=\"updated rich-snippet-hidden\">2023-07-19T17:57:16+02:00<\/span><div  class=\"fusion-image-wrapper\" aria-haspopup=\"true\">\n\t\t\t\t<img decoding=\"async\" width=\"900\" height=\"575\" src=\"https:\/\/www.intecsaindustrial.com\/wp-content\/uploads\/2014\/12\/dubasm.jpg\" class=\"attachment-full size-full wp-post-image\" alt=\"\" \/><div class=\"fusion-rollover\">\n\t<div class=\"fusion-rollover-content\">\n\n\t\t\t\t\n\t\t\n\t\t\t\t\t\t\t\t\t\t\t\t<h4 class=\"fusion-rollover-title\">\n\t\t\t\t\t<a class=\"fusion-rollover-title-link\" href=\"https:\/\/www.intecsaindustrial.com\/es\/servicios-ingenieria-industrial\/duba-diesel-ultra-bajo-en-azufre-pemex\/\">\n\t\t\t\t\t\tDUBA (Destilaci\u00f3n de Azufre Ultra Bajo)\t\t\t\t\t<\/a>\n\t\t\t\t<\/h4>\n\t\t\t\n\t\t\t\t\t\t\t\t\n\t\t\n\t\t\t\t\t\t<a class=\"fusion-link-wrapper\" href=\"https:\/\/www.intecsaindustrial.com\/es\/servicios-ingenieria-industrial\/duba-diesel-ultra-bajo-en-azufre-pemex\/\" aria-label=\"DUBA (Destilaci\u00f3n de Azufre Ultra Bajo)\"><\/a>\n\t<\/div>\n<\/div>\n<\/div>\n<\/div><\/div><div class=\"swiper-slide\"><div class=\"fusion-carousel-item-wrapper\"><span class=\"entry-title rich-snippet-hidden\">REFINER\u00cdA ACPDM (U&amp;O)<\/span><span class=\"vcard rich-snippet-hidden\"><span class=\"fn\"><a href=\"https:\/\/www.intecsaindustrial.com\/es\/author\/intecsa-industrial\/\" title=\"Entradas de Intecsa Industrial\" rel=\"author\">Intecsa Industrial<\/a><\/span><\/span><span class=\"updated rich-snippet-hidden\">2023-07-19T17:59:53+02:00<\/span><div  class=\"fusion-image-wrapper\" aria-haspopup=\"true\">\n\t\t\t\t<img decoding=\"async\" width=\"900\" height=\"575\" src=\"https:\/\/www.intecsaindustrial.com\/wp-content\/uploads\/2014\/12\/acdpm.jpg\" class=\"attachment-full size-full wp-post-image\" alt=\"\" \/><div class=\"fusion-rollover\">\n\t<div class=\"fusion-rollover-content\">\n\n\t\t\t\t\n\t\t\n\t\t\t\t\t\t\t\t\t\t\t\t<h4 class=\"fusion-rollover-title\">\n\t\t\t\t\t<a class=\"fusion-rollover-title-link\" href=\"https:\/\/www.intecsaindustrial.com\/es\/servicios-ingenieria-industrial\/servicios-auxiliares-infraestructura-de-la-refineria-acpdm\/\">\n\t\t\t\t\t\tREFINER\u00cdA ACPDM (U&amp;O)\t\t\t\t\t<\/a>\n\t\t\t\t<\/h4>\n\t\t\t\n\t\t\t\t\t\t\t\t\n\t\t\n\t\t\t\t\t\t<a class=\"fusion-link-wrapper\" href=\"https:\/\/www.intecsaindustrial.com\/es\/servicios-ingenieria-industrial\/servicios-auxiliares-infraestructura-de-la-refineria-acpdm\/\" aria-label=\"REFINER\u00cdA ACPDM (U&amp;O)\"><\/a>\n\t<\/div>\n<\/div>\n<\/div>\n<\/div><\/div><div class=\"swiper-slide\"><div class=\"fusion-carousel-item-wrapper\"><span class=\"entry-title rich-snippet-hidden\">AMPLIACI\u00d3N DE LA REFINER\u00cdA DE CARTAGENA &#8211; BLOQUE DE COQUIZACI\u00d3N<\/span><span class=\"vcard rich-snippet-hidden\"><span class=\"fn\"><a href=\"https:\/\/www.intecsaindustrial.com\/es\/author\/intecsa-industrial\/\" title=\"Entradas de Intecsa Industrial\" rel=\"author\">Intecsa Industrial<\/a><\/span><\/span><span class=\"updated rich-snippet-hidden\">2023-07-19T18:07:50+02:00<\/span><div  class=\"fusion-image-wrapper\" aria-haspopup=\"true\">\n\t\t\t\t<img decoding=\"async\" width=\"940\" height=\"600\" src=\"https:\/\/www.intecsaindustrial.com\/wp-content\/uploads\/2012\/07\/INTECSA-REPSOL-C-10-BLOCKS.jpg\" class=\"attachment-full size-full wp-post-image\" alt=\"\" \/><div class=\"fusion-rollover\">\n\t<div class=\"fusion-rollover-content\">\n\n\t\t\t\t\n\t\t\n\t\t\t\t\t\t\t\t\t\t\t\t<h4 class=\"fusion-rollover-title\">\n\t\t\t\t\t<a class=\"fusion-rollover-title-link\" href=\"https:\/\/www.intecsaindustrial.com\/es\/servicios-ingenieria-industrial\/expansion-refineria-de-cartagena-bloque-de-coke\/\">\n\t\t\t\t\t\tAMPLIACI\u00d3N DE LA REFINER\u00cdA DE CARTAGENA &#8211; BLOQUE DE COQUIZACI\u00d3N\t\t\t\t\t<\/a>\n\t\t\t\t<\/h4>\n\t\t\t\n\t\t\t\t\t\t\t\t\n\t\t\n\t\t\t\t\t\t<a class=\"fusion-link-wrapper\" href=\"https:\/\/www.intecsaindustrial.com\/es\/servicios-ingenieria-industrial\/expansion-refineria-de-cartagena-bloque-de-coke\/\" aria-label=\"AMPLIACI\u00d3N DE LA REFINER\u00cdA DE CARTAGENA &#8211; BLOQUE DE COQUIZACI\u00d3N\"><\/a>\n\t<\/div>\n<\/div>\n<\/div>\n<\/div><\/div><\/div><div class=\"awb-swiper-button awb-swiper-button-prev\"><i class=\"awb-icon-angle-left\" aria-hidden=\"true\"><\/i><\/div><div class=\"awb-swiper-button awb-swiper-button-next\"><i class=\"awb-icon-angle-right\" aria-hidden=\"true\"><\/i><\/div><\/div><\/div><div class=\"fusion-clearfix\"><\/div><\/div><\/div><\/div><\/div><\/p>\n","protected":false},"excerpt":{"rendered":"","protected":false},"author":3,"featured_media":0,"parent":0,"menu_order":0,"comment_status":"open","ping_status":"open","template":"100-width.php","meta":{"footnotes":""},"class_list":["post-21402","page","type-page","status-publish","hentry"],"_links":{"self":[{"href":"https:\/\/www.intecsaindustrial.com\/es\/wp-json\/wp\/v2\/pages\/21402","targetHints":{"allow":["GET"]}}],"collection":[{"href":"https:\/\/www.intecsaindustrial.com\/es\/wp-json\/wp\/v2\/pages"}],"about":[{"href":"https:\/\/www.intecsaindustrial.com\/es\/wp-json\/wp\/v2\/types\/page"}],"author":[{"embeddable":true,"href":"https:\/\/www.intecsaindustrial.com\/es\/wp-json\/wp\/v2\/users\/3"}],"replies":[{"embeddable":true,"href":"https:\/\/www.intecsaindustrial.com\/es\/wp-json\/wp\/v2\/comments?post=21402"}],"version-history":[{"count":45,"href":"https:\/\/www.intecsaindustrial.com\/es\/wp-json\/wp\/v2\/pages\/21402\/revisions"}],"predecessor-version":[{"id":27664,"href":"https:\/\/www.intecsaindustrial.com\/es\/wp-json\/wp\/v2\/pages\/21402\/revisions\/27664"}],"wp:attachment":[{"href":"https:\/\/www.intecsaindustrial.com\/es\/wp-json\/wp\/v2\/media?parent=21402"}],"curies":[{"name":"wp","href":"https:\/\/api.w.org\/{rel}","templated":true}]}}