{"id":21457,"date":"2023-07-12T12:54:06","date_gmt":"2023-07-12T12:54:06","guid":{"rendered":"https:\/\/www.intecsaindustrial.com\/?page_id=21457"},"modified":"2023-08-25T11:10:33","modified_gmt":"2023-08-25T11:10:33","slug":"control-calidad","status":"publish","type":"page","link":"https:\/\/www.intecsaindustrial.com\/es\/control-calidad\/","title":{"rendered":"Control de Calidad"},"content":{"rendered":"<p><div class=\"fusion-fullwidth fullwidth-box fusion-builder-row-1 fusion-flex-container has-pattern-background has-mask-background hundred-percent-fullwidth non-hundred-percent-height-scrolling\" style=\"--awb-border-radius-top-left:0px;--awb-border-radius-top-right:0px;--awb-border-radius-bottom-right:0px;--awb-border-radius-bottom-left:0px;--awb-background-color:rgb(219 240 248 \/ 70%);--awb-flex-wrap:wrap;\" ><div class=\"fusion-builder-row fusion-row fusion-flex-align-items-flex-start fusion-flex-content-wrap\" style=\"width:104% !important;max-width:104% !important;margin-left: calc(-4% \/ 2 );margin-right: calc(-4% \/ 2 );\"><div class=\"fusion-layout-column fusion_builder_column fusion-builder-column-0 fusion_builder_column_1_1 1_1 fusion-flex-column\" style=\"--awb-padding-top:20px;--awb-padding-right:75px;--awb-padding-bottom:20px;--awb-padding-left:75px;--awb-bg-size:cover;--awb-width-large:100%;--awb-margin-top-large:0px;--awb-spacing-right-large:1.92%;--awb-margin-bottom-large:0px;--awb-spacing-left-large:1.92%;--awb-width-medium:100%;--awb-order-medium:0;--awb-spacing-right-medium:1.92%;--awb-spacing-left-medium:1.92%;--awb-width-small:100%;--awb-order-small:0;--awb-spacing-right-small:1.92%;--awb-spacing-left-small:1.92%;\"><div class=\"fusion-column-wrapper fusion-column-has-shadow fusion-flex-justify-content-flex-start fusion-content-layout-column\"><div class=\"fusion-text fusion-text-1\" style=\"--awb-content-alignment:center;--awb-font-size:32px;\"><p><strong>LA GESTI\u00d3N DE CALIDAD COMO PARTE FUNDAMENTAL DE LA PLANIFICACI\u00d3N ESTRAT\u00c9GICA DE LA COMPA\u00d1\u00cdA SE SUSTENTA EN LOS SIGUIENTES PILARES:<\/strong><\/p>\n<\/div><\/div><\/div><\/div><\/div><div class=\"fusion-fullwidth fullwidth-box fusion-builder-row-2 has-pattern-background has-mask-background hundred-percent-fullwidth non-hundred-percent-height-scrolling fusion-equal-height-columns\" style=\"--awb-border-radius-top-left:0px;--awb-border-radius-top-right:0px;--awb-border-radius-bottom-right:0px;--awb-border-radius-bottom-left:0px;--awb-padding-top:0px;--awb-padding-right:0px;--awb-padding-bottom:0px;--awb-padding-left:0px;--awb-margin-top:0px;--awb-margin-bottom:0px;--awb-flex-wrap:wrap;\" ><div class=\"fusion-builder-row fusion-row\"><div class=\"fusion-layout-column fusion_builder_column fusion-builder-column-1 fusion_builder_column_1_3 1_3 fusion-one-third fusion-column-first\" style=\"--awb-padding-top:50px;--awb-padding-right:50px;--awb-padding-bottom:10px;--awb-padding-left:50px;--awb-bg-color:#e8e8e8;--awb-bg-color-hover:#e8e8e8;--awb-bg-size:cover;--awb-filter:brightness(100%);--awb-filter-transition:filter 0.3s ease;--awb-filter-hover:brightness(141%);--awb-margin-bottom:0px;width:33.333333333333%;width:calc(33.333333333333% - ( ( 0 + 0 ) * 0.33333333333333 ) );margin-right: 0px;\" data-scroll-devices=\"small-visibility,medium-visibility,large-visibility\"><div class=\"fusion-column-wrapper fusion-column-has-shadow fusion-flex-column-wrapper-legacy\"><div class=\"fusion-fa-align-center\"><i class=\"fb-icon-element-1 fb-icon-element fontawesome-icon fa-certificate fas circle-yes icon-hover-animation-pulsate\" style=\"--awb-iconcolor-hover:#00c5e8;--awb-circlecolor:#003355;--awb-circlecolor-hover:#003355;--awb-circlebordercolor:#003355;--awb-circlebordersize:0px;--awb-font-size:44px;--awb-width:88px;--awb-height:88px;--awb-line-height:88px;\"><\/i><\/div><div class=\"fusion-text fusion-text-2\" style=\"--awb-content-alignment:center;--awb-font-size:40px;--awb-text-transform:uppercase;\"><p><strong>100% DE NUESTROS SERVICIOS CERTIFICADOS<\/strong><\/p>\n<\/div><div class=\"fusion-text fusion-text-3\" style=\"--awb-content-alignment:center;--awb-font-size:18px;\"><p>Todos nuestros servicios est\u00e1n certificados<\/p>\n<p>seg\u00fan ISO 9001, y desarrollados de acuerdo a los<\/p>\n<p>m\u00e1s exigentes estandares internacionales.<\/p>\n<\/div><div class=\"fusion-button-wrapper fusion-aligncenter\"><a class=\"fusion-button button-flat button-xlarge button-custom fusion-button-default button-1 fusion-button-default-span fusion-button-default-type\" style=\"--button_accent_color:#ffffff;--button_border_color:#003355;--button_accent_hover_color:#1e4d95;--button_border_hover_color:#1e4d95;--button_border_width-top:1px;--button_border_width-right:1px;--button_border_width-bottom:1px;--button_border_width-left:1px;--button-border-radius-top-left:20px;--button-border-radius-top-right:20px;--button-border-radius-bottom-right:20px;--button-border-radius-bottom-left:20px;--button_gradient_top_color:#003355;--button_gradient_bottom_color:#003355;--button_gradient_top_color_hover:#ffffff;--button_gradient_bottom_color_hover:#ffffff;\" target=\"_self\" href=\"#\" data-toggle=\"modal\" data-target=\".fusion-modal.certificados\"><span class=\"fusion-button-text awb-button__text awb-button__text--default\">m\u00e1s informaci\u00f3n<\/span><i class=\"fa-angle-right fas awb-button__icon awb-button__icon--default button-icon-right\" aria-hidden=\"true\"><\/i><\/a><\/div><div class=\"fusion-modal modal fade modal-1 certificados\" tabindex=\"-1\" role=\"dialog\" aria-labelledby=\"modal-heading-1\" aria-hidden=\"true\" style=\"--awb-border-color:#ebebeb;--awb-background:#ffffff;\"><div class=\"modal-dialog modal-lg\" role=\"document\"><div class=\"modal-content fusion-modal-content\"><div class=\"modal-header\"><button class=\"close\" type=\"button\" data-dismiss=\"modal\" aria-hidden=\"true\" aria-label=\"Close\">&times;<\/button><h3 class=\"modal-title\" id=\"modal-heading-1\" data-dismiss=\"modal\" aria-hidden=\"true\">Certificaciones<\/h3><\/div><div class=\"modal-body fusion-clearfix\">\n<p><img decoding=\"async\" class=\"alignnone wp-image-18663\" src=\"https:\/\/www.intecsaindustrial.com\/wp-content\/uploads\/2015\/03\/Certificados.jpg\" alt=\"\" width=\"670\" height=\"310\" \/><\/p>\n<\/div><\/div><\/div><\/div><div class=\"fusion-clearfix\"><\/div><\/div><\/div><div class=\"fusion-layout-column fusion_builder_column fusion-builder-column-2 fusion_builder_column_1_3 1_3 fusion-one-third\" style=\"--awb-padding-top:50px;--awb-padding-right:50px;--awb-padding-bottom:50px;--awb-padding-left:50px;--awb-bg-color:#dddddd;--awb-bg-color-hover:#dddddd;--awb-bg-position:center center;--awb-bg-blend:soft-light;--awb-bg-size:cover;--awb-filter:brightness(100%);--awb-filter-transition:filter 0.3s ease;--awb-filter-hover:brightness(120%);--awb-margin-bottom:0px;width:33.333333333333%;width:calc(33.333333333333% - ( ( 0 + 0 ) * 0.33333333333333 ) );margin-right: 0px;\" data-scroll-devices=\"small-visibility,medium-visibility,large-visibility\"><div class=\"fusion-column-wrapper fusion-column-has-shadow fusion-flex-column-wrapper-legacy\"><div class=\"fusion-fa-align-center\"><i class=\"fb-icon-element-2 fb-icon-element fontawesome-icon fa-thumbs-up fas circle-yes icon-hover-animation-pulsate\" style=\"--awb-iconcolor-hover:#00c5e8;--awb-circlecolor:#003355;--awb-circlecolor-hover:#003355;--awb-circlebordercolor:#003355;--awb-circlebordersize:0px;--awb-font-size:44px;--awb-width:88px;--awb-height:88px;--awb-line-height:88px;\"><\/i><\/div><div class=\"fusion-text fusion-text-4\" style=\"--awb-content-alignment:center;--awb-font-size:40px;--awb-text-transform:uppercase;\"><p><strong>SISTEMA DE GESTI\u00d3N DE CALIDAD FIABLE Y CONSOLIDADO<\/strong><\/p>\n<\/div><div class=\"fusion-text fusion-text-5\" style=\"--awb-content-alignment:center;--awb-font-size:18px;\"><p>El \u00e9xito de Intecsa Industrial durante sus m\u00e1s de 50 a\u00f1os de historia, se basa en una organizaci\u00f3n eficiente, una gesti\u00f3n din\u00e1mica y emprendedora, y el adecuado desempe\u00f1o de nuestro Sistema de Gesti\u00f3n de Calidad, integrado por Planes, Procedimientos, Instrucciones de Trabajo, Especificaciones y Est\u00e1ndares, adaptados a las necesidades de nuestros clientes.<\/p>\n<\/div><div class=\"fusion-clearfix\"><\/div><\/div><\/div><div class=\"fusion-layout-column fusion_builder_column fusion-builder-column-3 fusion_builder_column_1_3 1_3 fusion-one-third fusion-column-last\" style=\"--awb-padding-top:50px;--awb-padding-right:50px;--awb-padding-bottom:50px;--awb-padding-left:50px;--awb-bg-color:#cccccc;--awb-bg-color-hover:#cccccc;--awb-bg-size:cover;--awb-filter:brightness(100%);--awb-filter-transition:filter 0.3s ease;--awb-filter-hover:brightness(137%);--awb-margin-bottom:0px;width:33.333333333333%;width:calc(33.333333333333% - ( ( 0 + 0 ) * 0.33333333333333 ) );\" data-scroll-devices=\"small-visibility,medium-visibility,large-visibility\"><div class=\"fusion-column-wrapper fusion-column-has-shadow fusion-flex-column-wrapper-legacy\"><div class=\"fusion-fa-align-center\"><i class=\"fb-icon-element-3 fb-icon-element fontawesome-icon fa-hands-helping fas circle-yes icon-hover-animation-pulsate\" style=\"--awb-iconcolor-hover:#00c5e8;--awb-circlecolor:#003355;--awb-circlecolor-hover:#003355;--awb-circlebordercolor:#003355;--awb-circlebordersize:0px;--awb-font-size:44px;--awb-width:88px;--awb-height:88px;--awb-line-height:88px;\"><\/i><\/div><div class=\"fusion-text fusion-text-6\" style=\"--awb-content-alignment:center;--awb-font-size:40px;--awb-text-transform:uppercase;\"><p><strong>ALTO GRADO DE SATISFACCI\u00d3N Y CONFIANZA DE NUESTROS CLIENTES<\/strong><\/p>\n<\/div><div class=\"fusion-text fusion-text-7\" style=\"--awb-content-alignment:center;--awb-font-size:18px;\"><p>Gesti\u00f3n por procesos enfocada a la excelencia y fiabilidad en el cumplimiento de las exigencias de nuestros clientes.<br \/>\n<strong>\u201cLa mayor\u00eda de nuestros clientes sigue confiando en nosotros\u201d<\/strong><\/p>\n<\/div><div class=\"fusion-clearfix\"><\/div><\/div><\/div><div class=\"fusion-layout-column fusion_builder_column fusion-builder-column-4 fusion_builder_column_1_3 1_3 fusion-one-third fusion-column-first\" style=\"--awb-padding-top:50px;--awb-padding-right:50px;--awb-padding-bottom:50px;--awb-padding-left:50px;--awb-bg-color:#cccccc;--awb-bg-color-hover:#cccccc;--awb-bg-size:cover;--awb-filter:brightness(100%);--awb-filter-transition:filter 0.3s ease;--awb-filter-hover:brightness(137%);--awb-margin-bottom:0px;width:33.333333333333%;width:calc(33.333333333333% - ( ( 0 + 0 ) * 0.33333333333333 ) );margin-right: 0px;\" data-scroll-devices=\"small-visibility,medium-visibility,large-visibility\"><div class=\"fusion-column-wrapper fusion-column-has-shadow fusion-flex-column-wrapper-legacy\"><div class=\"fusion-fa-align-center\"><i class=\"fb-icon-element-4 fb-icon-element fontawesome-icon fa-chalkboard-teacher fas circle-yes icon-hover-animation-pulsate\" style=\"--awb-iconcolor-hover:#00c5e8;--awb-circlecolor:#003355;--awb-circlecolor-hover:#003355;--awb-circlebordercolor:#003355;--awb-circlebordersize:0px;--awb-font-size:44px;--awb-width:88px;--awb-height:88px;--awb-line-height:88px;\"><\/i><\/div><div class=\"fusion-text fusion-text-8\" style=\"--awb-content-alignment:center;--awb-font-size:40px;--awb-text-transform:uppercase;\"><p><strong>Alta cualificaci\u00f3n, Experiencia y Formaci\u00f3n continua de nuestro personal<\/strong><\/p>\n<\/div><div class=\"fusion-text fusion-text-9\" style=\"--awb-font-size:18px;\"><p>Todos nuestros servicios est\u00e1n liderados por personal propio competente, experimentado, altamente comprometido con la cultura y valores de la compa\u00f1\u00eda, y con la transmisi\u00f3n del conocimiento adquirido.<\/p>\n<\/div><div class=\"fusion-clearfix\"><\/div><\/div><\/div><div class=\"fusion-layout-column fusion_builder_column fusion-builder-column-5 fusion_builder_column_1_3 1_3 fusion-one-third\" style=\"--awb-padding-top:50px;--awb-padding-right:50px;--awb-padding-bottom:50px;--awb-padding-left:50px;--awb-bg-color:#f2f2f2;--awb-bg-color-hover:#f2f2f2;--awb-bg-size:cover;--awb-filter:brightness(100%);--awb-filter-transition:filter 0.3s ease;--awb-filter-hover:brightness(134%);--awb-margin-bottom:0px;width:33.333333333333%;width:calc(33.333333333333% - ( ( 0 + 0 ) * 0.33333333333333 ) );margin-right: 0px;\" data-scroll-devices=\"small-visibility,medium-visibility,large-visibility\"><div class=\"fusion-column-wrapper fusion-column-has-shadow fusion-flex-column-wrapper-legacy\"><div class=\"fusion-column-content-centered\"><div class=\"fusion-column-content\"><div class=\"fusion-fa-align-center\"><i class=\"fb-icon-element-5 fb-icon-element fontawesome-icon fa-tablet-alt fas circle-yes icon-hover-animation-pulsate\" style=\"--awb-iconcolor-hover:#00c5e8;--awb-circlecolor:#003355;--awb-circlecolor-hover:#003355;--awb-circlebordercolor:#003355;--awb-circlebordersize:0px;--awb-font-size:44px;--awb-width:88px;--awb-height:88px;--awb-line-height:88px;\"><\/i><\/div><div class=\"fusion-text fusion-text-10\" style=\"--awb-content-alignment:center;--awb-font-size:40px;--awb-text-transform:uppercase;\"><p><strong>La mejora continua e innovaci\u00f3n de todos nuestros procesos y actividades<\/strong><\/p>\n<\/div><div class=\"fusion-text fusion-text-11\" style=\"--awb-font-size:18px;\"><p>Todos nuestros servicios est\u00e1n liderados por personal propio competente, experimentado, altamente comprometido con la cultura y valores de la compa\u00f1\u00eda, y con la transmisi\u00f3n del conocimiento adquirido. A trav\u00e9s de:<\/p>\n<ul>\n<li>La evaluaci\u00f3n de riesgos y oportunidades<\/li>\n<li>La planificaci\u00f3n estrat\u00e9gica de la compa\u00f1\u00eda<\/li>\n<li>El establecimiento y seguimiento de objetivos<\/li>\n<li>La evaluaci\u00f3n del desempe\u00f1o<\/li>\n<li>Lecciones aprendidas<\/li>\n<li>Auditor\u00edas internas y externas<\/li>\n<\/ul>\n<\/div><\/div><\/div><div class=\"fusion-clearfix\"><\/div><\/div><\/div><div class=\"fusion-layout-column fusion_builder_column fusion-builder-column-6 fusion_builder_column_1_3 1_3 fusion-one-third fusion-column-last\" style=\"--awb-padding-top:50px;--awb-padding-right:65px;--awb-padding-bottom:50px;--awb-padding-left:65px;--awb-bg-color:#dddddd;--awb-bg-color-hover:#dddddd;--awb-bg-size:cover;--awb-filter:brightness(100%);--awb-filter-transition:filter 0.3s ease;--awb-filter-hover:brightness(120%);--awb-margin-bottom:0px;width:33.333333333333%;width:calc(33.333333333333% - ( ( 0 + 0 ) * 0.33333333333333 ) );\" data-scroll-devices=\"small-visibility,medium-visibility,large-visibility\"><div class=\"fusion-column-wrapper fusion-column-has-shadow fusion-flex-column-wrapper-legacy\"><div class=\"fusion-fa-align-center\"><i class=\"fb-icon-element-6 fb-icon-element fontawesome-icon fa-people-arrows fas circle-yes icon-hover-animation-pulsate\" style=\"--awb-iconcolor-hover:#00c5e8;--awb-circlecolor:#003355;--awb-circlecolor-hover:#003355;--awb-circlebordercolor:#003355;--awb-circlebordersize:0px;--awb-font-size:44px;--awb-width:88px;--awb-height:88px;--awb-line-height:88px;\"><\/i><\/div><div class=\"fusion-text fusion-text-12\" style=\"--awb-content-alignment:center;--awb-font-size:40px;--awb-text-transform:uppercase;\"><p><strong>Mejora de la generaci\u00f3n de valor para todos nuestros grupos de inter\u00e9s<\/strong><\/p>\n<\/div><div class=\"fusion-text fusion-text-13\" style=\"--awb-font-size:18px;\"><p>En Intecsa Industrial realizamos una continua mejora de la generaci\u00f3n de valor para todos nuestros grupos de inter\u00e9s:<\/p>\n<ul>\n<li>Personal<\/li>\n<li>Accionistas<\/li>\n<li>Sociedad, etc.<\/li>\n<\/ul>\n<\/div><div class=\"fusion-clearfix\"><\/div><\/div><\/div><\/div><\/div><div class=\"fusion-fullwidth fullwidth-box fusion-builder-row-3 fusion-flex-container has-pattern-background has-mask-background fusion-parallax-none hundred-percent-fullwidth non-hundred-percent-height-scrolling\" style=\"--awb-background-repeat:repeat;--awb-border-radius-top-left:0px;--awb-border-radius-top-right:0px;--awb-border-radius-bottom-right:0px;--awb-border-radius-bottom-left:0px;--awb-padding-top:0px;--awb-padding-right:30px;--awb-padding-bottom:0px;--awb-padding-left:30px;--awb-margin-top:0px;--awb-margin-bottom:0px;--awb-background-color:#ffffff;--awb-background-image:url(&quot;https:\/\/www.intecsaindustrial.com\/wp-content\/uploads\/2022\/09\/fondo-areas-de-negocio-ingenieria-1.jpg&quot;);--awb-flex-wrap:wrap;\" ><div class=\"fusion-builder-row fusion-row fusion-flex-align-items-flex-start fusion-flex-content-wrap\" style=\"width:104% !important;max-width:104% !important;margin-left: calc(-4% \/ 2 );margin-right: calc(-4% \/ 2 );\"><div class=\"fusion-layout-column fusion_builder_column fusion-builder-column-7 fusion_builder_column_1_1 1_1 fusion-flex-column\" style=\"--awb-padding-top:15px;--awb-padding-bottom:15px;--awb-bg-size:cover;--awb-width-large:100%;--awb-margin-top-large:0px;--awb-spacing-right-large:1.92%;--awb-margin-bottom-large:0px;--awb-spacing-left-large:1.92%;--awb-width-medium:100%;--awb-order-medium:0;--awb-spacing-right-medium:1.92%;--awb-spacing-left-medium:1.92%;--awb-width-small:100%;--awb-order-small:0;--awb-spacing-right-small:1.92%;--awb-spacing-left-small:1.92%;\" data-scroll-devices=\"small-visibility,medium-visibility,large-visibility\"><div class=\"fusion-column-wrapper fusion-column-has-shadow fusion-flex-justify-content-flex-start fusion-content-layout-column\"><div class=\"fusion-separator fusion-full-width-sep\" style=\"align-self: center;margin-left: auto;margin-right: auto;margin-top:30px;margin-bottom:30px;width:100%;\"><\/div><\/div><\/div><\/div><\/div><\/p>\n","protected":false},"excerpt":{"rendered":"","protected":false},"author":3,"featured_media":0,"parent":0,"menu_order":0,"comment_status":"open","ping_status":"open","template":"100-width.php","meta":{"footnotes":""},"class_list":["post-21457","page","type-page","status-publish","hentry"],"_links":{"self":[{"href":"https:\/\/www.intecsaindustrial.com\/es\/wp-json\/wp\/v2\/pages\/21457","targetHints":{"allow":["GET"]}}],"collection":[{"href":"https:\/\/www.intecsaindustrial.com\/es\/wp-json\/wp\/v2\/pages"}],"about":[{"href":"https:\/\/www.intecsaindustrial.com\/es\/wp-json\/wp\/v2\/types\/page"}],"author":[{"embeddable":true,"href":"https:\/\/www.intecsaindustrial.com\/es\/wp-json\/wp\/v2\/users\/3"}],"replies":[{"embeddable":true,"href":"https:\/\/www.intecsaindustrial.com\/es\/wp-json\/wp\/v2\/comments?post=21457"}],"version-history":[{"count":148,"href":"https:\/\/www.intecsaindustrial.com\/es\/wp-json\/wp\/v2\/pages\/21457\/revisions"}],"predecessor-version":[{"id":27670,"href":"https:\/\/www.intecsaindustrial.com\/es\/wp-json\/wp\/v2\/pages\/21457\/revisions\/27670"}],"wp:attachment":[{"href":"https:\/\/www.intecsaindustrial.com\/es\/wp-json\/wp\/v2\/media?parent=21457"}],"curies":[{"name":"wp","href":"https:\/\/api.w.org\/{rel}","templated":true}]}}