{"id":22157,"date":"2023-07-10T05:50:58","date_gmt":"2023-07-10T05:50:58","guid":{"rendered":"https:\/\/www.intecsaindustrial.com\/?page_id=22157"},"modified":"2023-07-20T09:27:34","modified_gmt":"2023-07-20T09:27:34","slug":"supervision-de-la-construccion-n","status":"publish","type":"page","link":"https:\/\/www.intecsaindustrial.com\/es\/supervision-de-la-construccion-n\/","title":{"rendered":"Supervisi\u00f3n de la Construcci\u00f3n"},"content":{"rendered":"<p><div class=\"fusion-fullwidth fullwidth-box fusion-builder-row-1 has-pattern-background has-mask-background nonhundred-percent-fullwidth non-hundred-percent-height-scrolling\" style=\"--awb-border-radius-top-left:0px;--awb-border-radius-top-right:0px;--awb-border-radius-bottom-right:0px;--awb-border-radius-bottom-left:0px;--awb-overflow:visible;--awb-margin-bottom:30px;--awb-flex-wrap:wrap;\" ><div class=\"fusion-builder-row fusion-row\"><div class=\"fusion-layout-column fusion_builder_column fusion-builder-column-0 fusion_builder_column_1_1 1_1 fusion-one-full fusion-column-first fusion-column-last fusion-column-no-min-height\" style=\"--awb-bg-size:cover;--awb-margin-bottom:0px;\"><div class=\"fusion-column-wrapper fusion-flex-column-wrapper-legacy\"><div class=\"fusion-sep-clear\"><\/div><div class=\"fusion-separator fusion-full-width-sep\" style=\"margin-left: auto;margin-right: auto;margin-top:10px;margin-bottom:10px;width:100%;\"><\/div><div class=\"fusion-sep-clear\"><\/div><div class=\"fusion-clearfix\"><\/div><\/div><\/div><div class=\"fusion-layout-column fusion_builder_column fusion-builder-column-1 fusion_builder_column_1_2 1_2 fusion-one-half fusion-column-first\" style=\"--awb-bg-size:cover;width:48%; margin-right: 4%;\"><div class=\"fusion-column-wrapper fusion-flex-column-wrapper-legacy\"><div class=\"fusion-slider-sc fusion-flexslider-loading flexslider flexslider-hover-type-none\" data-slideshow_autoplay=\"1\" data-slideshow_smooth_height=\"0\" data-slideshow_speed=\"3500\" style=\"max-width:100%;height:100%;\"><ul class=\"slides\"><li class=\"image\"><a href=\"EO Reactors Construction\" target=\"_self\"><span class=\"fusion-image-hover-element hover-type-none\"><img decoding=\"async\" src=\"https:\/\/www.intecsaindustrial.com\/wp-content\/uploads\/2014\/12\/Reactores.jpg\" \/><\/span><\/a><\/li><li class=\"image\"><a href=\"Construction Supervision\" target=\"_self\"><span class=\"fusion-image-hover-element hover-type-none\"><img decoding=\"async\" src=\"https:\/\/www.intecsaindustrial.com\/wp-content\/uploads\/2014\/12\/Construction-maaden.jpg\" \/><\/span><\/a><\/li><\/ul><\/div><div class=\"fusion-sep-clear\"><\/div><div class=\"fusion-separator fusion-full-width-sep\" style=\"margin-left: auto;margin-right: auto;margin-top:-30px;margin-bottom:-60px;width:100%;\"><\/div><div class=\"fusion-sep-clear\"><\/div><div class=\"fusion-clearfix\"><\/div><\/div><\/div><div class=\"fusion-layout-column fusion_builder_column fusion-builder-column-2 fusion_builder_column_1_2 1_2 fusion-one-half fusion-column-last\" style=\"--awb-bg-size:cover;width:48%;\"><div class=\"fusion-column-wrapper fusion-flex-column-wrapper-legacy\"><div class=\"fusion-text fusion-text-1\"><p style=\"text-align: justify;\">El objetivo de la ejecuci\u00f3n de obra en <strong>Intecsa Industrial<\/strong> es alcanzar el \u00e9xito en seguridad, calidad, plazo y rendimiento.<\/p>\n<p style=\"text-align: justify;\">Es pol\u00edtica de <strong>Intecsa Industrial<\/strong> realizar todos los Servicios de Construcci\u00f3n requeridos en cada proyecto en pleno cumplimiento de los compromisos contractuales, los est\u00e1ndares regulatorios aplicables y las pr\u00e1cticas de ingenier\u00eda reconocidas y s\u00f3lidas de una manera que proteja y preserve la salud p\u00fablica, la seguridad, el medio ambiente y el bienestar.<\/p>\n<p style=\"text-align: justify;\"><strong>Intecsa Industrial<\/strong> en coordinaci\u00f3n con nuestras filiales constructoras, implementar\u00e1 un plan de movilizaci\u00f3n adecuado para asegurar el inicio exitoso de las actividades de construcci\u00f3n y establecer\u00e1 todos los procedimientos necesarios luego de la adjudicaci\u00f3n del contrato.<\/p>\n<p style=\"text-align: justify;\"><strong>Intecsa Industrial<\/strong> asignar\u00e1 equipos de trabajo dedicados para cada disciplina en el equipo de Construcci\u00f3n. Estas cuadrillas est\u00e1n dirigidas por capataces que reportar\u00e1n directamente a los supervisores de disciplina de <strong>Intecsa Industrial<\/strong>. Mediante el uso de los \u00faltimos programas de TI, la programaci\u00f3n de la construcci\u00f3n determinar\u00e1 el tama\u00f1o y la composici\u00f3n \u00f3ptimos de las cuadrillas. Nuestros supervisores, con amplia y comprobada experiencia, est\u00e1n totalmente comprometidos a asegurar la utilizaci\u00f3n eficiente de la fuerza de trabajo, herramientas y equipos bajo su responsabilidad.<\/p>\n<\/div><div class=\"fusion-sep-clear\"><\/div><div class=\"fusion-separator fusion-full-width-sep\" style=\"margin-left: auto;margin-right: auto;margin-top:-30px;width:100%;\"><\/div><div class=\"fusion-sep-clear\"><\/div><div class=\"fusion-clearfix\"><\/div><\/div><\/div><\/div><\/div><div class=\"fusion-fullwidth fullwidth-box fusion-builder-row-2 fusion-flex-container has-pattern-background has-mask-background hundred-percent-fullwidth non-hundred-percent-height-scrolling\" style=\"--awb-border-radius-top-left:0px;--awb-border-radius-top-right:0px;--awb-border-radius-bottom-right:0px;--awb-border-radius-bottom-left:0px;--awb-padding-top:0px;--awb-padding-right:0px;--awb-padding-bottom:0px;--awb-padding-left:0px;--awb-margin-top:0px;--awb-margin-bottom:0px;--awb-flex-wrap:wrap;\" ><div class=\"fusion-builder-row fusion-row fusion-flex-align-items-stretch fusion-flex-content-wrap\" style=\"width:calc( 100% + 0px ) !important;max-width:calc( 100% + 0px ) !important;margin-left: calc(-0px \/ 2 );margin-right: calc(-0px \/ 2 );\"><div class=\"fusion-layout-column fusion_builder_column fusion-builder-column-3 fusion_builder_column_1_3 1_3 fusion-flex-column\" style=\"--awb-padding-top:50px;--awb-padding-bottom:50px;--awb-bg-color:#f2f2f2;--awb-bg-color-hover:#f2f2f2;--awb-bg-size:cover;--awb-width-large:33.333333333333%;--awb-margin-top-large:0px;--awb-spacing-right-large:0px;--awb-margin-bottom-large:0px;--awb-spacing-left-large:0px;--awb-width-medium:100%;--awb-order-medium:0;--awb-spacing-right-medium:0px;--awb-spacing-left-medium:0px;--awb-width-small:100%;--awb-order-small:0;--awb-spacing-right-small:0px;--awb-spacing-left-small:0px;\"><div class=\"fusion-column-wrapper fusion-column-has-shadow fusion-flex-justify-content-center fusion-content-layout-column\"><div class=\"fusion-image-element \" style=\"text-align:center;--awb-margin-bottom:0px;--awb-caption-title-font-family:var(--h2_typography-font-family);--awb-caption-title-font-weight:var(--h2_typography-font-weight);--awb-caption-title-font-style:var(--h2_typography-font-style);--awb-caption-title-size:var(--h2_typography-font-size);--awb-caption-title-transform:var(--h2_typography-text-transform);--awb-caption-title-line-height:var(--h2_typography-line-height);--awb-caption-title-letter-spacing:var(--h2_typography-letter-spacing);\"><span class=\" fusion-imageframe imageframe-none imageframe-1 hover-type-zoomin\"><a class=\"fusion-no-lightbox\" href=\"https:\/\/www.intecsaindustrial.com\/es\/ingenieria-industrial-n\/\" target=\"_self\" aria-label=\"Servicios de ingenier\u00eda EPC\"><img decoding=\"async\" width=\"400\" height=\"400\" alt=\"Servicios de proyectos de ingenier\u00eda EPC\" src=\"https:\/\/www.intecsaindustrial.com\/wp-content\/uploads\/2022\/12\/Servicios-de-ingenieria-EPC-ic.png\" class=\"img-responsive wp-image-21662\" srcset=\"https:\/\/www.intecsaindustrial.com\/wp-content\/uploads\/2022\/12\/Servicios-de-ingenieria-EPC-ic-200x200.png 200w, https:\/\/www.intecsaindustrial.com\/wp-content\/uploads\/2022\/12\/Servicios-de-ingenieria-EPC-ic.png 400w\" sizes=\"(max-width: 1024px) 100vw, (max-width: 640px) 100vw, 400px\" \/><\/a><\/span><\/div><div class=\"fusion-text fusion-text-2\" style=\"--awb-content-alignment:center;--awb-font-size:30px;--awb-text-font-family:&quot;Lato&quot;;--awb-text-font-style:normal;--awb-text-font-weight:900;\"><p>INGENIER\u00cdA<\/p>\n<\/div><\/div><\/div><div class=\"fusion-layout-column fusion_builder_column fusion-builder-column-4 fusion_builder_column_1_3 1_3 fusion-flex-column\" style=\"--awb-padding-top:50px;--awb-padding-bottom:50px;--awb-bg-color:#e0e0e0;--awb-bg-color-hover:#e0e0e0;--awb-bg-size:cover;--awb-width-large:33.333333333333%;--awb-margin-top-large:0px;--awb-spacing-right-large:0px;--awb-margin-bottom-large:0px;--awb-spacing-left-large:0px;--awb-width-medium:100%;--awb-order-medium:0;--awb-spacing-right-medium:0px;--awb-spacing-left-medium:0px;--awb-width-small:100%;--awb-order-small:0;--awb-spacing-right-small:0px;--awb-spacing-left-small:0px;\"><div class=\"fusion-column-wrapper fusion-column-has-shadow fusion-flex-justify-content-flex-start fusion-content-layout-column\"><div class=\"fusion-image-element \" style=\"text-align:center;--awb-margin-bottom:0px;--awb-caption-title-font-family:var(--h2_typography-font-family);--awb-caption-title-font-weight:var(--h2_typography-font-weight);--awb-caption-title-font-style:var(--h2_typography-font-style);--awb-caption-title-size:var(--h2_typography-font-size);--awb-caption-title-transform:var(--h2_typography-text-transform);--awb-caption-title-line-height:var(--h2_typography-line-height);--awb-caption-title-letter-spacing:var(--h2_typography-letter-spacing);\"><span class=\" fusion-imageframe imageframe-none imageframe-2 hover-type-zoomin\"><a class=\"fusion-no-lightbox\" href=\"https:\/\/www.intecsaindustrial.com\/es\/aprovisionamientos\/\" target=\"_self\" aria-label=\"Servicios aprovisionamientos compras ingenier\u00eda\"><img decoding=\"async\" width=\"400\" height=\"400\" alt=\"Servicios de aprovisionamientos en ingenier\u00eda\" src=\"https:\/\/www.intecsaindustrial.com\/wp-content\/uploads\/2022\/12\/Servicios-aprovisionamientos-compras-ingenieria-ic.png\" class=\"img-responsive wp-image-21670\" srcset=\"https:\/\/www.intecsaindustrial.com\/wp-content\/uploads\/2022\/12\/Servicios-aprovisionamientos-compras-ingenieria-ic-200x200.png 200w, https:\/\/www.intecsaindustrial.com\/wp-content\/uploads\/2022\/12\/Servicios-aprovisionamientos-compras-ingenieria-ic.png 400w\" sizes=\"(max-width: 1024px) 100vw, (max-width: 640px) 100vw, 400px\" \/><\/a><\/span><\/div><div class=\"fusion-text fusion-text-3\" style=\"--awb-content-alignment:center;--awb-font-size:30px;--awb-text-font-family:&quot;Lato&quot;;--awb-text-font-style:normal;--awb-text-font-weight:900;\"><p>APROVISIONAMIENTOS<\/p>\n<\/div><\/div><\/div><div class=\"fusion-layout-column fusion_builder_column fusion-builder-column-5 fusion_builder_column_1_3 1_3 fusion-flex-column\" style=\"--awb-padding-top:50px;--awb-padding-bottom:50px;--awb-bg-color:#d8d8d8;--awb-bg-color-hover:#d8d8d8;--awb-bg-size:cover;--awb-width-large:33.333333333333%;--awb-margin-top-large:0px;--awb-spacing-right-large:0px;--awb-margin-bottom-large:0px;--awb-spacing-left-large:0px;--awb-width-medium:100%;--awb-order-medium:0;--awb-spacing-right-medium:0px;--awb-spacing-left-medium:0px;--awb-width-small:100%;--awb-order-small:0;--awb-spacing-right-small:0px;--awb-spacing-left-small:0px;\"><div class=\"fusion-column-wrapper fusion-column-has-shadow fusion-flex-justify-content-flex-start fusion-content-layout-column\"><div class=\"fusion-image-element \" style=\"text-align:center;--awb-margin-bottom:0px;--awb-caption-title-font-family:var(--h2_typography-font-family);--awb-caption-title-font-weight:var(--h2_typography-font-weight);--awb-caption-title-font-style:var(--h2_typography-font-style);--awb-caption-title-size:var(--h2_typography-font-size);--awb-caption-title-transform:var(--h2_typography-text-transform);--awb-caption-title-line-height:var(--h2_typography-line-height);--awb-caption-title-letter-spacing:var(--h2_typography-letter-spacing);\"><span class=\" fusion-imageframe imageframe-none imageframe-3 hover-type-zoomin\"><a class=\"fusion-no-lightbox\" href=\"https:\/\/www.intecsaindustrial.com\/es\/supervision-de-la-construccion-n\/\" target=\"_self\" aria-label=\"Servicios de construcci\u00f3n-ic\"><img decoding=\"async\" width=\"400\" height=\"400\" alt=\"Servicios de Construcci\u00f3n proyectos de ingenier\u00eda\" src=\"https:\/\/www.intecsaindustrial.com\/wp-content\/uploads\/2022\/12\/Servicios-de-construccion-ic.png\" class=\"img-responsive wp-image-21678\" srcset=\"https:\/\/www.intecsaindustrial.com\/wp-content\/uploads\/2022\/12\/Servicios-de-construccion-ic-200x200.png 200w, https:\/\/www.intecsaindustrial.com\/wp-content\/uploads\/2022\/12\/Servicios-de-construccion-ic.png 400w\" sizes=\"(max-width: 1024px) 100vw, (max-width: 640px) 100vw, 400px\" \/><\/a><\/span><\/div><div class=\"fusion-text fusion-text-4\" style=\"--awb-content-alignment:center;--awb-font-size:30px;--awb-text-font-family:&quot;Lato&quot;;--awb-text-font-style:normal;--awb-text-font-weight:900;\"><p>CONSTRUCCI\u00d3N<\/p>\n<\/div><\/div><\/div><\/div><\/div><div class=\"fusion-fullwidth fullwidth-box fusion-builder-row-3 fusion-flex-container has-pattern-background has-mask-background fusion-parallax-none hundred-percent-fullwidth non-hundred-percent-height-scrolling\" style=\"--awb-background-repeat:repeat;--awb-border-radius-top-left:0px;--awb-border-radius-top-right:0px;--awb-border-radius-bottom-right:0px;--awb-border-radius-bottom-left:0px;--awb-padding-top:0px;--awb-padding-right:30px;--awb-padding-bottom:0px;--awb-padding-left:30px;--awb-margin-top:0px;--awb-margin-bottom:0px;--awb-background-color:#ffffff;--awb-background-image:url(&quot;https:\/\/www.intecsaindustrial.com\/wp-content\/uploads\/2022\/09\/fondo-areas-de-negocio-ingenieria-1.jpg&quot;);--awb-flex-wrap:wrap;\" ><div class=\"fusion-builder-row fusion-row fusion-flex-align-items-flex-start fusion-flex-content-wrap\" style=\"width:104% !important;max-width:104% !important;margin-left: calc(-4% \/ 2 );margin-right: calc(-4% \/ 2 );\"><div class=\"fusion-layout-column fusion_builder_column fusion-builder-column-6 fusion_builder_column_1_1 1_1 fusion-flex-column\" style=\"--awb-padding-top:15px;--awb-padding-bottom:15px;--awb-bg-size:cover;--awb-width-large:100%;--awb-margin-top-large:0px;--awb-spacing-right-large:1.92%;--awb-margin-bottom-large:0px;--awb-spacing-left-large:1.92%;--awb-width-medium:100%;--awb-order-medium:0;--awb-spacing-right-medium:1.92%;--awb-spacing-left-medium:1.92%;--awb-width-small:100%;--awb-order-small:0;--awb-spacing-right-small:1.92%;--awb-spacing-left-small:1.92%;\" data-scroll-devices=\"small-visibility,medium-visibility,large-visibility\"><div class=\"fusion-column-wrapper fusion-column-has-shadow fusion-flex-justify-content-flex-start fusion-content-layout-column\"><div class=\"fusion-separator fusion-full-width-sep\" style=\"align-self: center;margin-left: auto;margin-right: auto;margin-top:30px;margin-bottom:30px;width:100%;\"><\/div><\/div><\/div><\/div><\/div><\/p>\n","protected":false},"excerpt":{"rendered":"","protected":false},"author":3,"featured_media":0,"parent":0,"menu_order":0,"comment_status":"open","ping_status":"open","template":"100-width.php","meta":{"footnotes":""},"class_list":["post-22157","page","type-page","status-publish","hentry"],"_links":{"self":[{"href":"https:\/\/www.intecsaindustrial.com\/es\/wp-json\/wp\/v2\/pages\/22157","targetHints":{"allow":["GET"]}}],"collection":[{"href":"https:\/\/www.intecsaindustrial.com\/es\/wp-json\/wp\/v2\/pages"}],"about":[{"href":"https:\/\/www.intecsaindustrial.com\/es\/wp-json\/wp\/v2\/types\/page"}],"author":[{"embeddable":true,"href":"https:\/\/www.intecsaindustrial.com\/es\/wp-json\/wp\/v2\/users\/3"}],"replies":[{"embeddable":true,"href":"https:\/\/www.intecsaindustrial.com\/es\/wp-json\/wp\/v2\/comments?post=22157"}],"version-history":[{"count":11,"href":"https:\/\/www.intecsaindustrial.com\/es\/wp-json\/wp\/v2\/pages\/22157\/revisions"}],"predecessor-version":[{"id":27317,"href":"https:\/\/www.intecsaindustrial.com\/es\/wp-json\/wp\/v2\/pages\/22157\/revisions\/27317"}],"wp:attachment":[{"href":"https:\/\/www.intecsaindustrial.com\/es\/wp-json\/wp\/v2\/media?parent=22157"}],"curies":[{"name":"wp","href":"https:\/\/api.w.org\/{rel}","templated":true}]}}