{"id":22164,"date":"2023-07-10T05:47:47","date_gmt":"2023-07-10T05:47:47","guid":{"rendered":"https:\/\/www.intecsaindustrial.com\/?page_id=22164"},"modified":"2023-07-20T09:23:02","modified_gmt":"2023-07-20T09:23:02","slug":"aprovisionamientos","status":"publish","type":"page","link":"https:\/\/www.intecsaindustrial.com\/es\/aprovisionamientos\/","title":{"rendered":"Aprovisionamientos"},"content":{"rendered":"<p><div class=\"fusion-fullwidth fullwidth-box fusion-builder-row-1 has-pattern-background has-mask-background nonhundred-percent-fullwidth non-hundred-percent-height-scrolling\" style=\"--awb-border-radius-top-left:0px;--awb-border-radius-top-right:0px;--awb-border-radius-bottom-right:0px;--awb-border-radius-bottom-left:0px;--awb-overflow:visible;--awb-flex-wrap:wrap;\" ><div class=\"fusion-builder-row fusion-row\"><div class=\"fusion-layout-column fusion_builder_column fusion-builder-column-0 fusion_builder_column_1_1 1_1 fusion-one-full fusion-column-first fusion-column-last fusion-column-no-min-height\" style=\"--awb-bg-size:cover;--awb-margin-bottom:0px;\"><div class=\"fusion-column-wrapper fusion-flex-column-wrapper-legacy\"><div class=\"fusion-sep-clear\"><\/div><div class=\"fusion-separator fusion-full-width-sep\" style=\"margin-left: auto;margin-right: auto;margin-top:10px;margin-bottom:10px;width:100%;\"><\/div><div class=\"fusion-sep-clear\"><\/div><div class=\"fusion-clearfix\"><\/div><\/div><\/div><div class=\"fusion-layout-column fusion_builder_column fusion-builder-column-1 fusion_builder_column_1_1 1_1 fusion-one-full fusion-column-first fusion-column-last\" style=\"--awb-bg-size:cover;\"><div class=\"fusion-column-wrapper fusion-flex-column-wrapper-legacy\"><div class=\"fusion-text fusion-text-1\"><p style=\"text-align: justify;\">Los servicios de adquisiciones son realizados por especialistas en obras de ingenier\u00eda y especialistas en gesti\u00f3n de materiales. El equipo est\u00e1 organizado sobre la base de un producto b\u00e1sico y es el punto central de la experiencia en adquisiciones para cada producto b\u00e1sico dado, brindando apoyo en la adquisici\u00f3n a lo largo de todas las fases de la ejecuci\u00f3n del proyecto. El equipo se divide en cinco \u00e1reas principales de especializaci\u00f3n, que son: Adquisiciones, Aceleraci\u00f3n, Inspecci\u00f3n, Log\u00edstica y Facturaci\u00f3n.<\/p>\n<p style=\"text-align: justify;\">Dentro del departamento tenemos los Coordinadores y los Compradores. Los Compradores son ingenieros especializados en Equipos Est\u00e1ticos, Equipos Din\u00e1micos, Tuber\u00edas, Equipos y Material El\u00e9ctrico e Instrumentaci\u00f3n.<\/p>\n<p style=\"text-align: justify;\"><strong>Cada proyecto tiene un Coordinador que es el responsable de todas las actividades relacionadas con Expedici\u00f3n, Inspecci\u00f3n, Tr\u00e1fico y Log\u00edstica.<\/strong><\/p>\n<h2 style=\"text-align: justify;\"><span style=\"color: #003355;\"><strong>Servicios de adquisici\u00f3n<\/strong><\/span><\/h2>\n<p style=\"text-align: justify;\">El proceso de adquisici\u00f3n influir\u00e1 en gran medida en el \u00e9xito o el fracaso de cualquier proyecto. Intecsa Industrial considera que los principales problemas de compras que se deben enfrentar en el desarrollo de un proyecto son:<\/p>\n<ul class=\"description_list\">\n<li style=\"text-align: justify;\">Programar, particularmente la adquisici\u00f3n oportuna de los art\u00edculos de equipo de largo plazo,<\/li>\n<li style=\"text-align: justify;\">Calidad y la necesidad de proveedores de equipos clave para apoyar las actividades de construcci\u00f3n, y<\/li>\n<li style=\"text-align: justify;\">Precios y consideraciones comerciales<\/li>\n<\/ul>\n<\/div><div class=\"fusion-clearfix\"><\/div><\/div><\/div><div class=\"fusion-layout-column fusion_builder_column fusion-builder-column-2 fusion_builder_column_1_1 1_1 fusion-one-full fusion-column-first fusion-column-last fusion-column-no-min-height\" style=\"--awb-bg-size:cover;--awb-margin-bottom:0px;\"><div class=\"fusion-column-wrapper fusion-flex-column-wrapper-legacy\"><div class=\"fusion-text fusion-text-2\"><p style=\"text-align: justify;\">Los elementos de entrega prolongada (LLI) deben definirse lo antes posible en el ciclo del proyecto para garantizar que los requisitos del cronograma del proyecto se cumplan adecuadamente. Durante el desarrollo de la propuesta de contrataci\u00f3n, Intecsa Industrial evaluar\u00e1 los problemas del proyecto y desarrollar\u00e1 una estrategia de contrataci\u00f3n ganadora basada en los siguientes factores cr\u00edticos de \u00e9xito:<\/p>\n<ul class=\"description_list\">\n<li>Estrategia de abastecimiento \u00fanica.<\/li>\n<li>Ventaja competitiva al utilizar el Departamento de Compras Industriales de Intecsa, compuesto por ingenieros experimentados y especialistas en gesti\u00f3n de materiales.<\/li>\n<li>Programa de Inversi\u00f3n en Propuesta.<\/li>\n<li>Continuidad desde la Propuesta hasta la Ejecuci\u00f3n.<\/li>\n<li>Equipo Multicultural de Adquisiciones.<\/li>\n<li>Planificaci\u00f3n de la gesti\u00f3n de materiales.<\/li>\n<\/ul>\n<\/div><div class=\"fusion-sep-clear\"><\/div><div class=\"fusion-separator fusion-full-width-sep\" style=\"margin-left: auto;margin-right: auto;margin-top:10px;margin-bottom:10px;width:100%;\"><\/div><div class=\"fusion-sep-clear\"><\/div><div class=\"fusion-clearfix\"><\/div><\/div><\/div><\/div><\/div><div class=\"fusion-fullwidth fullwidth-box fusion-builder-row-2 fusion-flex-container has-pattern-background has-mask-background hundred-percent-fullwidth non-hundred-percent-height-scrolling\" style=\"--awb-border-radius-top-left:0px;--awb-border-radius-top-right:0px;--awb-border-radius-bottom-right:0px;--awb-border-radius-bottom-left:0px;--awb-padding-top:0px;--awb-padding-right:0px;--awb-padding-bottom:0px;--awb-padding-left:0px;--awb-margin-top:0px;--awb-margin-bottom:0px;--awb-flex-wrap:wrap;\" ><div class=\"fusion-builder-row fusion-row fusion-flex-align-items-stretch fusion-flex-content-wrap\" style=\"width:calc( 100% + 0px ) !important;max-width:calc( 100% + 0px ) !important;margin-left: calc(-0px \/ 2 );margin-right: calc(-0px \/ 2 );\"><div class=\"fusion-layout-column fusion_builder_column fusion-builder-column-3 fusion_builder_column_1_3 1_3 fusion-flex-column\" style=\"--awb-padding-top:50px;--awb-padding-bottom:50px;--awb-bg-color:#f2f2f2;--awb-bg-color-hover:#f2f2f2;--awb-bg-size:cover;--awb-width-large:33.333333333333%;--awb-margin-top-large:0px;--awb-spacing-right-large:0px;--awb-margin-bottom-large:0px;--awb-spacing-left-large:0px;--awb-width-medium:100%;--awb-order-medium:0;--awb-spacing-right-medium:0px;--awb-spacing-left-medium:0px;--awb-width-small:100%;--awb-order-small:0;--awb-spacing-right-small:0px;--awb-spacing-left-small:0px;\"><div class=\"fusion-column-wrapper fusion-column-has-shadow fusion-flex-justify-content-center fusion-content-layout-column\"><div class=\"fusion-image-element \" style=\"text-align:center;--awb-margin-bottom:0px;--awb-caption-title-font-family:var(--h2_typography-font-family);--awb-caption-title-font-weight:var(--h2_typography-font-weight);--awb-caption-title-font-style:var(--h2_typography-font-style);--awb-caption-title-size:var(--h2_typography-font-size);--awb-caption-title-transform:var(--h2_typography-text-transform);--awb-caption-title-line-height:var(--h2_typography-line-height);--awb-caption-title-letter-spacing:var(--h2_typography-letter-spacing);\"><span class=\" fusion-imageframe imageframe-none imageframe-1 hover-type-zoomin\"><a class=\"fusion-no-lightbox\" href=\"https:\/\/www.intecsaindustrial.com\/es\/ingenieria-industrial-n\/\" target=\"_self\" aria-label=\"Servicios de ingenier\u00eda EPC\"><img decoding=\"async\" width=\"400\" height=\"400\" alt=\"Servicios de proyectos de ingenier\u00eda EPC\" src=\"https:\/\/www.intecsaindustrial.com\/wp-content\/uploads\/2022\/12\/Servicios-de-ingenieria-EPC-ic.png\" class=\"img-responsive wp-image-21662\" srcset=\"https:\/\/www.intecsaindustrial.com\/wp-content\/uploads\/2022\/12\/Servicios-de-ingenieria-EPC-ic-200x200.png 200w, https:\/\/www.intecsaindustrial.com\/wp-content\/uploads\/2022\/12\/Servicios-de-ingenieria-EPC-ic.png 400w\" sizes=\"(max-width: 1024px) 100vw, (max-width: 640px) 100vw, 400px\" \/><\/a><\/span><\/div><div class=\"fusion-text fusion-text-3\" style=\"--awb-content-alignment:center;--awb-font-size:30px;--awb-text-font-family:&quot;Lato&quot;;--awb-text-font-style:normal;--awb-text-font-weight:900;\"><p>INGENIER\u00cdA<\/p>\n<\/div><\/div><\/div><div class=\"fusion-layout-column fusion_builder_column fusion-builder-column-4 fusion_builder_column_1_3 1_3 fusion-flex-column\" style=\"--awb-padding-top:50px;--awb-padding-bottom:50px;--awb-bg-color:#e0e0e0;--awb-bg-color-hover:#e0e0e0;--awb-bg-size:cover;--awb-width-large:33.333333333333%;--awb-margin-top-large:0px;--awb-spacing-right-large:0px;--awb-margin-bottom-large:0px;--awb-spacing-left-large:0px;--awb-width-medium:100%;--awb-order-medium:0;--awb-spacing-right-medium:0px;--awb-spacing-left-medium:0px;--awb-width-small:100%;--awb-order-small:0;--awb-spacing-right-small:0px;--awb-spacing-left-small:0px;\"><div class=\"fusion-column-wrapper fusion-column-has-shadow fusion-flex-justify-content-flex-start fusion-content-layout-column\"><div class=\"fusion-image-element \" style=\"text-align:center;--awb-margin-bottom:0px;--awb-caption-title-font-family:var(--h2_typography-font-family);--awb-caption-title-font-weight:var(--h2_typography-font-weight);--awb-caption-title-font-style:var(--h2_typography-font-style);--awb-caption-title-size:var(--h2_typography-font-size);--awb-caption-title-transform:var(--h2_typography-text-transform);--awb-caption-title-line-height:var(--h2_typography-line-height);--awb-caption-title-letter-spacing:var(--h2_typography-letter-spacing);\"><span class=\" fusion-imageframe imageframe-none imageframe-2 hover-type-zoomin\"><a class=\"fusion-no-lightbox\" href=\"https:\/\/www.intecsaindustrial.com\/es\/aprovisionamientos\/\" target=\"_self\" aria-label=\"Servicios aprovisionamientos compras ingenier\u00eda\"><img decoding=\"async\" width=\"400\" height=\"400\" alt=\"Servicios de aprovisionamientos en ingenier\u00eda\" src=\"https:\/\/www.intecsaindustrial.com\/wp-content\/uploads\/2022\/12\/Servicios-aprovisionamientos-compras-ingenieria-ic.png\" class=\"img-responsive wp-image-21670\" srcset=\"https:\/\/www.intecsaindustrial.com\/wp-content\/uploads\/2022\/12\/Servicios-aprovisionamientos-compras-ingenieria-ic-200x200.png 200w, https:\/\/www.intecsaindustrial.com\/wp-content\/uploads\/2022\/12\/Servicios-aprovisionamientos-compras-ingenieria-ic.png 400w\" sizes=\"(max-width: 1024px) 100vw, (max-width: 640px) 100vw, 400px\" \/><\/a><\/span><\/div><div class=\"fusion-text fusion-text-4\" style=\"--awb-content-alignment:center;--awb-font-size:30px;--awb-text-font-family:&quot;Lato&quot;;--awb-text-font-style:normal;--awb-text-font-weight:900;\"><p>APROVISIONAMIENTOS<\/p>\n<\/div><\/div><\/div><div class=\"fusion-layout-column fusion_builder_column fusion-builder-column-5 fusion_builder_column_1_3 1_3 fusion-flex-column\" style=\"--awb-padding-top:50px;--awb-padding-bottom:50px;--awb-bg-color:#d8d8d8;--awb-bg-color-hover:#d8d8d8;--awb-bg-size:cover;--awb-width-large:33.333333333333%;--awb-margin-top-large:0px;--awb-spacing-right-large:0px;--awb-margin-bottom-large:0px;--awb-spacing-left-large:0px;--awb-width-medium:100%;--awb-order-medium:0;--awb-spacing-right-medium:0px;--awb-spacing-left-medium:0px;--awb-width-small:100%;--awb-order-small:0;--awb-spacing-right-small:0px;--awb-spacing-left-small:0px;\"><div class=\"fusion-column-wrapper fusion-column-has-shadow fusion-flex-justify-content-flex-start fusion-content-layout-column\"><div class=\"fusion-image-element \" style=\"text-align:center;--awb-margin-bottom:0px;--awb-caption-title-font-family:var(--h2_typography-font-family);--awb-caption-title-font-weight:var(--h2_typography-font-weight);--awb-caption-title-font-style:var(--h2_typography-font-style);--awb-caption-title-size:var(--h2_typography-font-size);--awb-caption-title-transform:var(--h2_typography-text-transform);--awb-caption-title-line-height:var(--h2_typography-line-height);--awb-caption-title-letter-spacing:var(--h2_typography-letter-spacing);\"><span class=\" fusion-imageframe imageframe-none imageframe-3 hover-type-zoomin\"><a class=\"fusion-no-lightbox\" href=\"https:\/\/www.intecsaindustrial.com\/es\/supervision-de-la-construccion-n\/\" target=\"_self\" aria-label=\"Servicios de construcci\u00f3n-ic\"><img decoding=\"async\" width=\"400\" height=\"400\" alt=\"Servicios de Construcci\u00f3n proyectos de ingenier\u00eda\" src=\"https:\/\/www.intecsaindustrial.com\/wp-content\/uploads\/2022\/12\/Servicios-de-construccion-ic.png\" class=\"img-responsive wp-image-21678\" srcset=\"https:\/\/www.intecsaindustrial.com\/wp-content\/uploads\/2022\/12\/Servicios-de-construccion-ic-200x200.png 200w, https:\/\/www.intecsaindustrial.com\/wp-content\/uploads\/2022\/12\/Servicios-de-construccion-ic.png 400w\" sizes=\"(max-width: 1024px) 100vw, (max-width: 640px) 100vw, 400px\" \/><\/a><\/span><\/div><div class=\"fusion-text fusion-text-5\" style=\"--awb-content-alignment:center;--awb-font-size:30px;--awb-text-font-family:&quot;Lato&quot;;--awb-text-font-style:normal;--awb-text-font-weight:900;\"><p>CONSTRUCCI\u00d3N<\/p>\n<\/div><\/div><\/div><\/div><\/div><div class=\"fusion-fullwidth fullwidth-box fusion-builder-row-3 fusion-flex-container has-pattern-background has-mask-background fusion-parallax-none hundred-percent-fullwidth non-hundred-percent-height-scrolling\" style=\"--awb-background-repeat:repeat;--awb-border-radius-top-left:0px;--awb-border-radius-top-right:0px;--awb-border-radius-bottom-right:0px;--awb-border-radius-bottom-left:0px;--awb-padding-top:0px;--awb-padding-right:30px;--awb-padding-bottom:0px;--awb-padding-left:30px;--awb-margin-top:0px;--awb-margin-bottom:0px;--awb-background-color:#ffffff;--awb-background-image:url(&quot;https:\/\/www.intecsaindustrial.com\/wp-content\/uploads\/2022\/09\/fondo-areas-de-negocio-ingenieria-1.jpg&quot;);--awb-flex-wrap:wrap;\" ><div class=\"fusion-builder-row fusion-row fusion-flex-align-items-flex-start fusion-flex-content-wrap\" style=\"width:104% !important;max-width:104% !important;margin-left: calc(-4% \/ 2 );margin-right: calc(-4% \/ 2 );\"><div class=\"fusion-layout-column fusion_builder_column fusion-builder-column-6 fusion_builder_column_1_1 1_1 fusion-flex-column\" style=\"--awb-padding-top:15px;--awb-padding-bottom:15px;--awb-bg-size:cover;--awb-width-large:100%;--awb-margin-top-large:0px;--awb-spacing-right-large:1.92%;--awb-margin-bottom-large:0px;--awb-spacing-left-large:1.92%;--awb-width-medium:100%;--awb-order-medium:0;--awb-spacing-right-medium:1.92%;--awb-spacing-left-medium:1.92%;--awb-width-small:100%;--awb-order-small:0;--awb-spacing-right-small:1.92%;--awb-spacing-left-small:1.92%;\" data-scroll-devices=\"small-visibility,medium-visibility,large-visibility\"><div class=\"fusion-column-wrapper fusion-column-has-shadow fusion-flex-justify-content-flex-start fusion-content-layout-column\"><div class=\"fusion-separator fusion-full-width-sep\" style=\"align-self: center;margin-left: auto;margin-right: auto;margin-top:30px;margin-bottom:30px;width:100%;\"><\/div><\/div><\/div><\/div><\/div><\/p>\n","protected":false},"excerpt":{"rendered":"","protected":false},"author":3,"featured_media":0,"parent":0,"menu_order":0,"comment_status":"open","ping_status":"open","template":"100-width.php","meta":{"footnotes":""},"class_list":["post-22164","page","type-page","status-publish","hentry"],"_links":{"self":[{"href":"https:\/\/www.intecsaindustrial.com\/es\/wp-json\/wp\/v2\/pages\/22164","targetHints":{"allow":["GET"]}}],"collection":[{"href":"https:\/\/www.intecsaindustrial.com\/es\/wp-json\/wp\/v2\/pages"}],"about":[{"href":"https:\/\/www.intecsaindustrial.com\/es\/wp-json\/wp\/v2\/types\/page"}],"author":[{"embeddable":true,"href":"https:\/\/www.intecsaindustrial.com\/es\/wp-json\/wp\/v2\/users\/3"}],"replies":[{"embeddable":true,"href":"https:\/\/www.intecsaindustrial.com\/es\/wp-json\/wp\/v2\/comments?post=22164"}],"version-history":[{"count":14,"href":"https:\/\/www.intecsaindustrial.com\/es\/wp-json\/wp\/v2\/pages\/22164\/revisions"}],"predecessor-version":[{"id":27314,"href":"https:\/\/www.intecsaindustrial.com\/es\/wp-json\/wp\/v2\/pages\/22164\/revisions\/27314"}],"wp:attachment":[{"href":"https:\/\/www.intecsaindustrial.com\/es\/wp-json\/wp\/v2\/media?parent=22164"}],"curies":[{"name":"wp","href":"https:\/\/api.w.org\/{rel}","templated":true}]}}