{"id":22173,"date":"2023-07-10T05:44:52","date_gmt":"2023-07-10T05:44:52","guid":{"rendered":"https:\/\/www.intecsaindustrial.com\/?page_id=22173"},"modified":"2023-07-20T09:25:12","modified_gmt":"2023-07-20T09:25:12","slug":"ingenieria-industrial-n","status":"publish","type":"page","link":"https:\/\/www.intecsaindustrial.com\/es\/ingenieria-industrial-n\/","title":{"rendered":"Ingenier\u00eda"},"content":{"rendered":"<p><div class=\"fusion-fullwidth fullwidth-box fusion-builder-row-1 has-pattern-background has-mask-background nonhundred-percent-fullwidth non-hundred-percent-height-scrolling\" style=\"--awb-border-radius-top-left:0px;--awb-border-radius-top-right:0px;--awb-border-radius-bottom-right:0px;--awb-border-radius-bottom-left:0px;--awb-overflow:visible;--awb-margin-bottom:50px;--awb-flex-wrap:wrap;\" ><div class=\"fusion-builder-row fusion-row\"><div class=\"fusion-layout-column fusion_builder_column fusion-builder-column-0 fusion_builder_column_1_1 1_1 fusion-one-full fusion-column-first fusion-column-last\" style=\"--awb-bg-size:cover;\"><div class=\"fusion-column-wrapper fusion-flex-column-wrapper-legacy\"><div class=\"fusion-text fusion-text-1\"><p>Los procedimientos de trabajo estandarizados en <strong>Intecsa Industrial<\/strong> son implementados por nuestro departamento de ingenier\u00eda. Se emiten procedimientos espec\u00edficos para cada proyecto s\u00f3lo cuando el procedimiento est\u00e1ndar requiere ser adaptado a las necesidades del proyecto.<\/p>\n<p>Las especificaciones del proyecto se desarrollar\u00e1n en la fase inicial de cada proyecto. Estar\u00e1n basados en los requerimientos del cliente, que adem\u00e1s son completados por Intecsa Industrial como requisito esencial del proyecto. Si se requieren especificaciones adicionales para completar el paquete de dise\u00f1o, ser\u00e1n preparados por el grupo de ingenier\u00eda de <strong>Intecsa Industrial<\/strong> y se emitir\u00e1n al cliente para su aprobaci\u00f3n.<\/p>\n<p><strong>Intecsa Industrial<\/strong> considera de vital importancia el compromiso y la capacidad de sus empleados para trabajar mano a mano con nuestros clientes y as\u00ed satisfacer sus objetivos y expectativas.<\/p>\n<p>Las prioridades de la divisi\u00f3n de ingenier\u00eda al comienzo de los proyectos incluir\u00e1n:<\/p>\n<ul>\n<li>Iniciar los estudios de Evaluaci\u00f3n de Impacto Ambiental (EIA), y desarrollar planes ambientales del proyecto.<\/li>\n<li>Iniciar una investigaci\u00f3n geot\u00e9cnica adicional que pueda ser necesaria<\/li>\n<li>Validar los elementos de reducci\u00f3n de costes e incorporar los cambios acordados con el cliente en la documentaci\u00f3n del paquete FEED si este elemento fuese requerido en el proyecto<\/li>\n<li>Contribuir con la Ingenier\u00eda en el Manual de Administraci\u00f3n de Contratos.<\/li>\n<li>Completar el estudio de optimizaci\u00f3n de procesos y el estudio de ingenier\u00eda de valor<\/li>\n<li>Emisi\u00f3n de solicitudes de compra para los equipos de largo plazo de entrega (LLI)<\/li>\n<\/ul>\n<\/div><div class=\"fusion-clearfix\"><\/div><\/div><\/div><div class=\"fusion-layout-column fusion_builder_column fusion-builder-column-1 fusion_builder_column_1_1 1_1 fusion-one-full fusion-column-first fusion-column-last fusion-column-no-min-height\" style=\"--awb-bg-size:cover;--awb-margin-bottom:0px;\"><div class=\"fusion-column-wrapper fusion-flex-column-wrapper-legacy\"><div class=\"fusion-text fusion-text-2\"><p style=\"text-align: justify;\">Una r\u00e1pida ejecuci\u00f3n de estos elementos es esencial para proteger el plazo y as\u00ed avanzar a la etapa de ingenier\u00eda de dise\u00f1o de detalle<\/p>\n<p style=\"text-align: left;\"><strong>Recursos de Dise\u00f1o<br \/>\n<\/strong><\/p>\n<p style=\"text-align: justify;\">Las capacidades para el dise\u00f1o conceptual de Intecsa Industrial se alinean con cada procedimiento de dise\u00f1o hacia los objetivos del proyecto del cliente y as\u00ed optimizar su \u00e9xito. La fase de dise\u00f1o conceptual ofrece la mejor oportunidad para evaluar los riesgos asociados al negocio, los comerciales y los t\u00e9cnicos; adem\u00e1s de mejorar la rentabilidad de la inversi\u00f3n.<\/p>\n<p>Durante el dise\u00f1o conceptual, <strong>Intecsa Industrial<\/strong> establece la primera definici\u00f3n del proyecto en cuanto a los requisitos para la ingenier\u00eda, compras y construcci\u00f3n (EPC), y una estimaci\u00f3n del presupuesto detallado del proyecto. Los servicios incluyen estudios de viabilidad, la planificaci\u00f3n del desarrollo del proyecto, evaluaci\u00f3n y recomendaciones tecnol\u00f3gicas, gesti\u00f3n para la evaluaci\u00f3n de riesgos, asentamiento global, levantamiento de capital, viabilidad de construcci\u00f3n, optimizaci\u00f3n de vida-\u00fatil y front-end de la ingenier\u00eda para la instalaci\u00f3n.<\/p>\n<p><strong>Intecsa Industrial<\/strong> asesorar\u00e1 al cliente sobre la estrategia y la selecci\u00f3n de los equipos para menor coste de inversi\u00f3n, pero teniendo en cuenta la integridad de la operaci\u00f3n de la planta y el coste total de la propiedad (TCO &#8211; que incluye los costes de inversi\u00f3n y operaci\u00f3n, teniendo en cuenta las paradas, mantenimiento y piezas de repuesto), de modo que no afecten negativamente a la competitividad de la planta a medio y largo plazo.<\/p>\n<\/div><div class=\"fusion-clearfix\"><\/div><\/div><\/div><\/div><\/div><div class=\"fusion-fullwidth fullwidth-box fusion-builder-row-2 fusion-flex-container has-pattern-background has-mask-background hundred-percent-fullwidth non-hundred-percent-height-scrolling\" style=\"--awb-border-radius-top-left:0px;--awb-border-radius-top-right:0px;--awb-border-radius-bottom-right:0px;--awb-border-radius-bottom-left:0px;--awb-padding-top:0px;--awb-padding-right:0px;--awb-padding-bottom:0px;--awb-padding-left:0px;--awb-margin-top:0px;--awb-margin-bottom:0px;--awb-flex-wrap:wrap;\" ><div class=\"fusion-builder-row fusion-row fusion-flex-align-items-stretch fusion-flex-content-wrap\" style=\"width:calc( 100% + 0px ) !important;max-width:calc( 100% + 0px ) !important;margin-left: calc(-0px \/ 2 );margin-right: calc(-0px \/ 2 );\"><div class=\"fusion-layout-column fusion_builder_column fusion-builder-column-2 fusion_builder_column_1_3 1_3 fusion-flex-column\" style=\"--awb-padding-top:50px;--awb-padding-bottom:50px;--awb-bg-color:#f2f2f2;--awb-bg-color-hover:#f2f2f2;--awb-bg-size:cover;--awb-width-large:33.333333333333%;--awb-margin-top-large:0px;--awb-spacing-right-large:0px;--awb-margin-bottom-large:0px;--awb-spacing-left-large:0px;--awb-width-medium:100%;--awb-order-medium:0;--awb-spacing-right-medium:0px;--awb-spacing-left-medium:0px;--awb-width-small:100%;--awb-order-small:0;--awb-spacing-right-small:0px;--awb-spacing-left-small:0px;\"><div class=\"fusion-column-wrapper fusion-column-has-shadow fusion-flex-justify-content-center fusion-content-layout-column\"><div class=\"fusion-image-element \" style=\"text-align:center;--awb-margin-bottom:0px;--awb-caption-title-font-family:var(--h2_typography-font-family);--awb-caption-title-font-weight:var(--h2_typography-font-weight);--awb-caption-title-font-style:var(--h2_typography-font-style);--awb-caption-title-size:var(--h2_typography-font-size);--awb-caption-title-transform:var(--h2_typography-text-transform);--awb-caption-title-line-height:var(--h2_typography-line-height);--awb-caption-title-letter-spacing:var(--h2_typography-letter-spacing);\"><span class=\" fusion-imageframe imageframe-none imageframe-1 hover-type-zoomin\"><a class=\"fusion-no-lightbox\" href=\"https:\/\/www.intecsaindustrial.com\/es\/ingenieria-industrial-n\/\" target=\"_self\" aria-label=\"Servicios de ingenier\u00eda EPC\"><img decoding=\"async\" width=\"400\" height=\"400\" alt=\"Servicios de proyectos de ingenier\u00eda EPC\" src=\"https:\/\/www.intecsaindustrial.com\/wp-content\/uploads\/2022\/12\/Servicios-de-ingenieria-EPC-ic.png\" class=\"img-responsive wp-image-21662\" srcset=\"https:\/\/www.intecsaindustrial.com\/wp-content\/uploads\/2022\/12\/Servicios-de-ingenieria-EPC-ic-200x200.png 200w, https:\/\/www.intecsaindustrial.com\/wp-content\/uploads\/2022\/12\/Servicios-de-ingenieria-EPC-ic.png 400w\" sizes=\"(max-width: 1024px) 100vw, (max-width: 640px) 100vw, 400px\" \/><\/a><\/span><\/div><div class=\"fusion-text fusion-text-3\" style=\"--awb-content-alignment:center;--awb-font-size:30px;--awb-text-font-family:&quot;Lato&quot;;--awb-text-font-style:normal;--awb-text-font-weight:900;\"><p>INGENIER\u00cdA<\/p>\n<\/div><\/div><\/div><div class=\"fusion-layout-column fusion_builder_column fusion-builder-column-3 fusion_builder_column_1_3 1_3 fusion-flex-column\" style=\"--awb-padding-top:50px;--awb-padding-bottom:50px;--awb-bg-color:#e0e0e0;--awb-bg-color-hover:#e0e0e0;--awb-bg-size:cover;--awb-width-large:33.333333333333%;--awb-margin-top-large:0px;--awb-spacing-right-large:0px;--awb-margin-bottom-large:0px;--awb-spacing-left-large:0px;--awb-width-medium:100%;--awb-order-medium:0;--awb-spacing-right-medium:0px;--awb-spacing-left-medium:0px;--awb-width-small:100%;--awb-order-small:0;--awb-spacing-right-small:0px;--awb-spacing-left-small:0px;\"><div class=\"fusion-column-wrapper fusion-column-has-shadow fusion-flex-justify-content-flex-start fusion-content-layout-column\"><div class=\"fusion-image-element \" style=\"text-align:center;--awb-margin-bottom:0px;--awb-caption-title-font-family:var(--h2_typography-font-family);--awb-caption-title-font-weight:var(--h2_typography-font-weight);--awb-caption-title-font-style:var(--h2_typography-font-style);--awb-caption-title-size:var(--h2_typography-font-size);--awb-caption-title-transform:var(--h2_typography-text-transform);--awb-caption-title-line-height:var(--h2_typography-line-height);--awb-caption-title-letter-spacing:var(--h2_typography-letter-spacing);\"><span class=\" fusion-imageframe imageframe-none imageframe-2 hover-type-zoomin\"><a class=\"fusion-no-lightbox\" href=\"https:\/\/www.intecsaindustrial.com\/es\/aprovisionamientos\/\" target=\"_self\" aria-label=\"Servicios aprovisionamientos compras ingenier\u00eda\"><img decoding=\"async\" width=\"400\" height=\"400\" alt=\"Servicios de aprovisionamientos en ingenier\u00eda\" src=\"https:\/\/www.intecsaindustrial.com\/wp-content\/uploads\/2022\/12\/Servicios-aprovisionamientos-compras-ingenieria-ic.png\" class=\"img-responsive wp-image-21670\" srcset=\"https:\/\/www.intecsaindustrial.com\/wp-content\/uploads\/2022\/12\/Servicios-aprovisionamientos-compras-ingenieria-ic-200x200.png 200w, https:\/\/www.intecsaindustrial.com\/wp-content\/uploads\/2022\/12\/Servicios-aprovisionamientos-compras-ingenieria-ic.png 400w\" sizes=\"(max-width: 1024px) 100vw, (max-width: 640px) 100vw, 400px\" \/><\/a><\/span><\/div><div class=\"fusion-text fusion-text-4\" style=\"--awb-content-alignment:center;--awb-font-size:30px;--awb-text-font-family:&quot;Lato&quot;;--awb-text-font-style:normal;--awb-text-font-weight:900;\"><p>APROVISIONAMIENTOS<\/p>\n<\/div><\/div><\/div><div class=\"fusion-layout-column fusion_builder_column fusion-builder-column-4 fusion_builder_column_1_3 1_3 fusion-flex-column\" style=\"--awb-padding-top:50px;--awb-padding-bottom:50px;--awb-bg-color:#d8d8d8;--awb-bg-color-hover:#d8d8d8;--awb-bg-size:cover;--awb-width-large:33.333333333333%;--awb-margin-top-large:0px;--awb-spacing-right-large:0px;--awb-margin-bottom-large:0px;--awb-spacing-left-large:0px;--awb-width-medium:100%;--awb-order-medium:0;--awb-spacing-right-medium:0px;--awb-spacing-left-medium:0px;--awb-width-small:100%;--awb-order-small:0;--awb-spacing-right-small:0px;--awb-spacing-left-small:0px;\"><div class=\"fusion-column-wrapper fusion-column-has-shadow fusion-flex-justify-content-flex-start fusion-content-layout-column\"><div class=\"fusion-image-element \" style=\"text-align:center;--awb-margin-bottom:0px;--awb-caption-title-font-family:var(--h2_typography-font-family);--awb-caption-title-font-weight:var(--h2_typography-font-weight);--awb-caption-title-font-style:var(--h2_typography-font-style);--awb-caption-title-size:var(--h2_typography-font-size);--awb-caption-title-transform:var(--h2_typography-text-transform);--awb-caption-title-line-height:var(--h2_typography-line-height);--awb-caption-title-letter-spacing:var(--h2_typography-letter-spacing);\"><span class=\" fusion-imageframe imageframe-none imageframe-3 hover-type-zoomin\"><a class=\"fusion-no-lightbox\" href=\"https:\/\/www.intecsaindustrial.com\/es\/supervision-de-la-construccion-n\/\" target=\"_self\" aria-label=\"Servicios de construcci\u00f3n-ic\"><img decoding=\"async\" width=\"400\" height=\"400\" alt=\"Servicios de Construcci\u00f3n proyectos de ingenier\u00eda\" src=\"https:\/\/www.intecsaindustrial.com\/wp-content\/uploads\/2022\/12\/Servicios-de-construccion-ic.png\" class=\"img-responsive wp-image-21678\" srcset=\"https:\/\/www.intecsaindustrial.com\/wp-content\/uploads\/2022\/12\/Servicios-de-construccion-ic-200x200.png 200w, https:\/\/www.intecsaindustrial.com\/wp-content\/uploads\/2022\/12\/Servicios-de-construccion-ic.png 400w\" sizes=\"(max-width: 1024px) 100vw, (max-width: 640px) 100vw, 400px\" \/><\/a><\/span><\/div><div class=\"fusion-text fusion-text-5\" style=\"--awb-content-alignment:center;--awb-font-size:30px;--awb-text-font-family:&quot;Lato&quot;;--awb-text-font-style:normal;--awb-text-font-weight:900;\"><p>CONSTRUCCI\u00d3N<\/p>\n<\/div><\/div><\/div><\/div><\/div><div class=\"fusion-fullwidth fullwidth-box fusion-builder-row-3 fusion-flex-container has-pattern-background has-mask-background fusion-parallax-none hundred-percent-fullwidth non-hundred-percent-height-scrolling\" style=\"--awb-background-repeat:repeat;--awb-border-radius-top-left:0px;--awb-border-radius-top-right:0px;--awb-border-radius-bottom-right:0px;--awb-border-radius-bottom-left:0px;--awb-padding-top:0px;--awb-padding-right:30px;--awb-padding-bottom:0px;--awb-padding-left:30px;--awb-margin-top:0px;--awb-margin-bottom:0px;--awb-background-color:#ffffff;--awb-background-image:url(&quot;https:\/\/www.intecsaindustrial.com\/wp-content\/uploads\/2022\/09\/fondo-areas-de-negocio-ingenieria-1.jpg&quot;);--awb-flex-wrap:wrap;\" ><div class=\"fusion-builder-row fusion-row fusion-flex-align-items-flex-start fusion-flex-content-wrap\" style=\"width:104% !important;max-width:104% !important;margin-left: calc(-4% \/ 2 );margin-right: calc(-4% \/ 2 );\"><div class=\"fusion-layout-column fusion_builder_column fusion-builder-column-5 fusion_builder_column_1_1 1_1 fusion-flex-column\" style=\"--awb-padding-top:15px;--awb-padding-bottom:15px;--awb-bg-size:cover;--awb-width-large:100%;--awb-margin-top-large:0px;--awb-spacing-right-large:1.92%;--awb-margin-bottom-large:0px;--awb-spacing-left-large:1.92%;--awb-width-medium:100%;--awb-order-medium:0;--awb-spacing-right-medium:1.92%;--awb-spacing-left-medium:1.92%;--awb-width-small:100%;--awb-order-small:0;--awb-spacing-right-small:1.92%;--awb-spacing-left-small:1.92%;\" data-scroll-devices=\"small-visibility,medium-visibility,large-visibility\"><div class=\"fusion-column-wrapper fusion-column-has-shadow fusion-flex-justify-content-flex-start fusion-content-layout-column\"><div class=\"fusion-separator fusion-full-width-sep\" style=\"align-self: center;margin-left: auto;margin-right: auto;margin-top:30px;margin-bottom:30px;width:100%;\"><\/div><\/div><\/div><\/div><\/div><\/p>\n","protected":false},"excerpt":{"rendered":"","protected":false},"author":3,"featured_media":0,"parent":0,"menu_order":0,"comment_status":"open","ping_status":"open","template":"100-width.php","meta":{"footnotes":""},"class_list":["post-22173","page","type-page","status-publish","hentry"],"_links":{"self":[{"href":"https:\/\/www.intecsaindustrial.com\/es\/wp-json\/wp\/v2\/pages\/22173","targetHints":{"allow":["GET"]}}],"collection":[{"href":"https:\/\/www.intecsaindustrial.com\/es\/wp-json\/wp\/v2\/pages"}],"about":[{"href":"https:\/\/www.intecsaindustrial.com\/es\/wp-json\/wp\/v2\/types\/page"}],"author":[{"embeddable":true,"href":"https:\/\/www.intecsaindustrial.com\/es\/wp-json\/wp\/v2\/users\/3"}],"replies":[{"embeddable":true,"href":"https:\/\/www.intecsaindustrial.com\/es\/wp-json\/wp\/v2\/comments?post=22173"}],"version-history":[{"count":9,"href":"https:\/\/www.intecsaindustrial.com\/es\/wp-json\/wp\/v2\/pages\/22173\/revisions"}],"predecessor-version":[{"id":27315,"href":"https:\/\/www.intecsaindustrial.com\/es\/wp-json\/wp\/v2\/pages\/22173\/revisions\/27315"}],"wp:attachment":[{"href":"https:\/\/www.intecsaindustrial.com\/es\/wp-json\/wp\/v2\/media?parent=22173"}],"curies":[{"name":"wp","href":"https:\/\/api.w.org\/{rel}","templated":true}]}}