{"id":22964,"date":"2023-07-06T09:39:09","date_gmt":"2023-07-06T09:39:09","guid":{"rendered":"https:\/\/www.intecsaindustrial.com\/?page_id=22964"},"modified":"2025-12-04T13:55:16","modified_gmt":"2025-12-04T12:55:16","slug":"somos-intecsa-ingenieria-industrial","status":"publish","type":"page","link":"https:\/\/www.intecsaindustrial.com\/es\/somos-intecsa-ingenieria-industrial\/","title":{"rendered":"Acerca de Intecsa N"},"content":{"rendered":"<p><div class=\"fusion-fullwidth fullwidth-box fusion-builder-row-1 nonhundred-percent-fullwidth non-hundred-percent-height-scrolling\" style=\"--awb-border-radius-top-left:0px;--awb-border-radius-top-right:0px;--awb-border-radius-bottom-right:0px;--awb-border-radius-bottom-left:0px;--awb-padding-top:0px;--awb-padding-right:30px;--awb-padding-bottom:0px;--awb-padding-left:30px;--awb-margin-top:20px;--awb-margin-bottom:0px;--awb-flex-wrap:wrap;\" ><div class=\"fusion-builder-row fusion-row\"><div class=\"fusion-layout-column fusion_builder_column fusion-builder-column-0 fusion_builder_column_1_2 1_2 fusion-one-half fusion-column-first\" style=\"--awb-bg-size:cover;--awb-margin-top:-80px;--awb-margin-bottom:0px;width:48%; margin-right: 4%;\"><div class=\"fusion-column-wrapper fusion-flex-column-wrapper-legacy\"><div class=\"fusion-slider-sc fusion-flexslider-loading flexslider flexslider-hover-type-none\" data-slideshow_autoplay=\"1\" data-slideshow_smooth_height=\"0\" data-slideshow_speed=\"5500\" style=\"max-width:100%;height:100%;\"><ul class=\"slides\"><li class=\"image\"><span class=\"fusion-image-hover-element hover-type-none\"><img decoding=\"async\" src=\"https:\/\/www.intecsaindustrial.com\/wp-content\/uploads\/2014\/11\/Corporate.jpg\" width=\"900\" height=\"600\" class=\"wp-image-18565\" \/><\/span><\/li><li class=\"image\"><span class=\"fusion-image-hover-element hover-type-none\"><img decoding=\"async\" src=\"https:\/\/www.intecsaindustrial.com\/wp-content\/uploads\/2014\/11\/Trianon1.jpg\" width=\"900\" height=\"600\" class=\"wp-image-18567\" \/><\/span><\/li><li class=\"video\"><div class=\"full-video\">\r\n    <div style=\"max-width:100%px;\">        \r\n    <video id=\"plyr69e4b9c252414\" autoplay loop controls class=\"easy-video-player\">\r\n       <source src=\"https:\/\/www.intecsaindustrial.com\/wp-content\/uploads\/2023\/01\/Vuelo-Sobre-Intecsa-Industrial-Compress.mp4\" type=\"video\/mp4\" \/>\r\n    <\/video>\r\n    <\/div>    <script>\r\n        const evplayerplyr69e4b9c252414 = new Plyr(document.getElementById('plyr69e4b9c252414'));\r\n        evplayerplyr69e4b9c252414.ratio = '16:9';\r\n        evplayerplyr69e4b9c252414.iconUrl = 'https:\/\/www.intecsaindustrial.com\/wp-content\/plugins\/easy-video-player\/lib\/plyr.svg';\r\n        evplayerplyr69e4b9c252414.blankVideo = 'https:\/\/www.intecsaindustrial.com\/wp-content\/plugins\/easy-video-player\/lib\/blank.mp4';  \r\n    <\/script><\/div><\/li><\/ul><\/div><div class=\"fusion-clearfix\"><\/div><\/div><\/div><div class=\"fusion-layout-column fusion_builder_column fusion-builder-column-1 fusion_builder_column_1_2 1_2 fusion-one-half fusion-column-last\" style=\"--awb-bg-size:cover;--awb-margin-bottom:0px;width:48%;\"><div class=\"fusion-column-wrapper fusion-flex-column-wrapper-legacy\"><div class=\"fusion-title title fusion-title-1 fusion-title-text fusion-title-size-two\" style=\"--awb-margin-top-small:10px;--awb-margin-right-small:0px;--awb-margin-bottom-small:10px;--awb-margin-left-small:0px;--awb-sep-color:#003355;\"><h2 class=\"fusion-title-heading title-heading-left fusion-responsive-typography-calculated\" style=\"margin:0;--fontSize:18;--minFontSize:18;line-height:1.5;\"><strong><span style=\"color: #003355;\">Le damos la bienvenida<\/span><\/strong><\/h2><span class=\"awb-title-spacer\"><\/span><div class=\"title-sep-container\"><div class=\"title-sep sep-single sep-solid\" style=\"border-color:#003355;\"><\/div><\/div><\/div><div class=\"fusion-text fusion-text-1\"><p id=\"tw-target-text\" class=\"tw-data-text vk_txt tw-ta tw-text-small\" dir=\"ltr\" data-placeholder=\"Traducci\u00f3n\"><strong>Intecsa Industrial<\/strong> naci\u00f3 en 1965 para desarrollar la rama\u00a0de ingenier\u00eda industrial del grupo de construcci\u00f3n m\u00e1s grande de Espa\u00f1a.<\/p>\n<p class=\"tw-data-text vk_txt tw-ta tw-text-small\" dir=\"ltr\" data-placeholder=\"Traducci\u00f3n\">En 1988, como consecuencia de la profesionalidad de su equipo y los excelentes resultados de la compa\u00f1\u00eda, Dragados y Construcciones confi\u00f3 en Intecsa Industrial para llevar a cabo la dif\u00edcil misi\u00f3n de llegar a ser un contratista EPC especializado en el sector industrial.<\/p>\n<p class=\"tw-data-text vk_txt tw-ta tw-text-small\" dir=\"ltr\" data-placeholder=\"Traducci\u00f3n\"><strong>Intecsa Industrial<\/strong> ha desarrollado su actividad en instalaciones de petr\u00f3leo y gas, refiner\u00edas y plantas petroqu\u00edmicas, as\u00ed como en los sectores de energ\u00eda e infraestructuras, donde ha adquirido una valiosa experiencia y competencia.<\/p>\n<\/div><div class=\"fusion-clearfix\"><\/div><\/div><\/div><\/div><\/div><div class=\"fusion-fullwidth fullwidth-box fusion-builder-row-2 hundred-percent-fullwidth non-hundred-percent-height-scrolling\" style=\"--awb-border-radius-top-left:0px;--awb-border-radius-top-right:0px;--awb-border-radius-bottom-right:0px;--awb-border-radius-bottom-left:0px;--awb-padding-top:0px;--awb-padding-right:0px;--awb-padding-bottom:0px;--awb-padding-left:0px;--awb-margin-top:0px;--awb-margin-bottom:0px;--awb-flex-wrap:wrap;\" ><div class=\"fusion-builder-row fusion-row\"><div class=\"fusion-layout-column fusion_builder_column fusion-builder-column-2 fusion_builder_column_1_1 1_1 fusion-one-full fusion-column-first fusion-column-last fusion-column-no-min-height\" style=\"--awb-padding-top:50px;--awb-padding-bottom:50px;--awb-bg-color:#ededed;--awb-bg-color-hover:#ededed;--awb-bg-size:cover;--awb-margin-bottom:0px;\"><div class=\"fusion-column-wrapper fusion-flex-column-wrapper-legacy\"><div class=\"fusion-title title fusion-title-2 fusion-title-center fusion-title-text fusion-title-size-three\" style=\"--awb-margin-bottom:0px;--awb-margin-top-small:10px;--awb-margin-right-small:0px;--awb-margin-bottom-small:10px;--awb-margin-left-small:0px;--awb-sep-color:#003355;\"><div class=\"title-sep-container title-sep-container-left\"><div class=\"title-sep sep-single sep-solid\" style=\"border-color:#003355;\"><\/div><\/div><span class=\"awb-title-spacer\"><\/span><h3 class=\"fusion-title-heading title-heading-center fusion-responsive-typography-calculated\" style=\"margin:0;--fontSize:17;--minFontSize:17;line-height:1.41;\"><span style=\"color: #004289; font-size: 3.0em;\"><strong>Intecsa Industrial de un vistazo<\/strong><\/span><\/h3><span class=\"awb-title-spacer\"><\/span><div class=\"title-sep-container title-sep-container-right\"><div class=\"title-sep sep-single sep-solid\" style=\"border-color:#003355;\"><\/div><\/div><\/div><div class=\"fusion-clearfix\"><\/div><\/div><\/div><\/div><\/div><div class=\"fusion-fullwidth fullwidth-box fusion-builder-row-3 nonhundred-percent-fullwidth non-hundred-percent-height-scrolling\" style=\"--awb-background-position:left top;--awb-border-sizes-top:0px;--awb-border-sizes-bottom:0px;--awb-border-sizes-left:0px;--awb-border-sizes-right:0px;--awb-border-radius-top-left:0px;--awb-border-radius-top-right:0px;--awb-border-radius-bottom-right:0px;--awb-border-radius-bottom-left:0px;--awb-margin-top:30px;--awb-flex-wrap:wrap;\" ><div class=\"fusion-builder-row fusion-row\"><div class=\"fusion-layout-column fusion_builder_column fusion-builder-column-3 fusion_builder_column_1_1 1_1 fusion-one-full fusion-column-first fusion-column-last\" style=\"--awb-bg-size:cover;\"><div class=\"fusion-column-wrapper fusion-flex-column-wrapper-legacy\"><div class=\"accordian fusion-accordian\" style=\"--awb-border-size:1px;--awb-icon-size:18px;--awb-content-font-size:16px;--awb-icon-alignment:left;--awb-hover-color:#f9f9f9;--awb-border-color:#cccccc;--awb-background-color:#ffffff;--awb-divider-color:#e0dede;--awb-divider-hover-color:#e0dede;--awb-icon-color:#ffffff;--awb-title-color:#5badcb;--awb-content-color:#003355;--awb-icon-box-color:#333333;--awb-toggle-hover-accent-color:#8bc34a;--awb-title-font-family:&quot;Lato&quot;;--awb-title-font-weight:400;--awb-title-font-style:normal;--awb-content-font-family:&quot;Lato&quot;;--awb-content-font-style:normal;--awb-content-font-weight:400;\"><div class=\"panel-group fusion-toggle-icon-boxed\" id=\"accordion-22964-1\"><div class=\"fusion-panel panel-default panel-2313a93dd4ccf7c6f fusion-toggle-has-divider\" style=\"--awb-title-color:#5badcb;--awb-content-color:#003355;\"><div class=\"panel-heading\"><h4 class=\"panel-title toggle\" id=\"toggle_2313a93dd4ccf7c6f\"><a aria-expanded=\"false\" aria-controls=\"2313a93dd4ccf7c6f\" role=\"button\" data-toggle=\"collapse\" data-parent=\"#accordion-22964-1\" data-target=\"#2313a93dd4ccf7c6f\" href=\"#2313a93dd4ccf7c6f\"><span class=\"fusion-toggle-icon-wrapper\" aria-hidden=\"true\"><i class=\"fa-fusion-box active-icon awb-icon-minus\" aria-hidden=\"true\"><\/i><i class=\"fa-fusion-box inactive-icon awb-icon-plus\" aria-hidden=\"true\"><\/i><\/span><span class=\"fusion-toggle-heading\">En 4 puntos<\/span><\/a><\/h4><\/div><div id=\"2313a93dd4ccf7c6f\" class=\"panel-collapse collapse \" aria-labelledby=\"toggle_2313a93dd4ccf7c6f\"><div class=\"panel-body toggle-content fusion-clearfix\">\n<ul>\n<li>Experiencia en m\u00e1s de 700 proyectos de Ingenier\u00eda y Construcci\u00f3n para empresas de Refino, Gas, Petroqu\u00edmica, Fertilizantes y Miner\u00eda de 45 pa\u00edses en todos los continentes.<\/li>\n<li>Flexibilidad y disponibilidad para movilizar y contratar recursos all\u00e1 donde sea requerido de acuerdo a la necesidad del Proyecto.<\/li>\n<li>Personal de Ingenier\u00eda y Construcci\u00f3n plenamente preparado, certificado y al d\u00eda con los est\u00e1ndares internacionales y \u00faltimos desarrollos tecnol\u00f3gicos.<\/li>\n<li>Equipada con las ultimas versiones de los programas mas avanzados de Ingenier\u00eda, Gesti\u00f3n de Proyectos, Aprovisionamientos, Gesti\u00f3n Documental, HSE, An\u00e1lisis de riesgos, etc.<\/li>\n<\/ul>\n<\/div><\/div><\/div><div class=\"fusion-panel panel-default panel-498359e48918cc847 fusion-toggle-has-divider\" style=\"--awb-title-color:#5badcb;--awb-content-color:#003355;\"><div class=\"panel-heading\"><h4 class=\"panel-title toggle\" id=\"toggle_498359e48918cc847\"><a aria-expanded=\"false\" aria-controls=\"498359e48918cc847\" role=\"button\" data-toggle=\"collapse\" data-parent=\"#accordion-22964-1\" data-target=\"#498359e48918cc847\" href=\"#498359e48918cc847\"><span class=\"fusion-toggle-icon-wrapper\" aria-hidden=\"true\"><i class=\"fa-fusion-box active-icon awb-icon-minus\" aria-hidden=\"true\"><\/i><i class=\"fa-fusion-box inactive-icon awb-icon-plus\" aria-hidden=\"true\"><\/i><\/span><span class=\"fusion-toggle-heading\">Misi\u00f3n &amp; Visi\u00f3n<\/span><\/a><\/h4><\/div><div id=\"498359e48918cc847\" class=\"panel-collapse collapse \" aria-labelledby=\"toggle_498359e48918cc847\"><div class=\"panel-body toggle-content fusion-clearfix\">\n<p style=\"text-align: left; color: #8bc34a;\"><strong>MISI\u00d3N<\/strong><\/p>\n<p id=\"tw-target-text\" class=\"tw-data-text vk_txt tw-ta tw-text-small\" dir=\"ltr\" data-placeholder=\"Traducci\u00f3n\">Convertirnos en uno de los principales contratistas EPC especializados en el sector industrial, desarrollando proyectos integrales para nuestros clientes en la Industria del Petr\u00f3leo y Gas.<\/p>\n<p style=\"text-align: left; color: #8bc34a;\"><strong>VISI\u00d3N<\/strong><\/p>\n<p id=\"tw-target-text\" class=\"tw-data-text vk_txt tw-ta tw-text-small\" dir=\"ltr\" data-placeholder=\"Traducci\u00f3n\">Satisfacer y superar las necesidades de nuestros clientes por el esfuerzo profesional, comprometido e integrado de nuestro personal dedicado, proporcionando una gama completa de servicios de ingenier\u00eda de calidad, compra y construcci\u00f3n. El \u00e9xito consiste en identificar los resultados necesarios y conocer los pasos correctos. <strong>Intecsa Industrial<\/strong> tiene una comprensi\u00f3n clara de lo que se necesita para lograr el objetivo general de manera eficaz. Y eso significa hacer el trabajo r\u00e1pido y bien .<\/p>\n<\/div><\/div><\/div><div class=\"fusion-panel panel-default panel-69154e831c31fe036 fusion-toggle-has-divider\" style=\"--awb-title-color:#5badcb;--awb-content-color:#003355;\"><div class=\"panel-heading\"><h4 class=\"panel-title toggle\" id=\"toggle_69154e831c31fe036\"><a class=\"active\" aria-expanded=\"true\" aria-controls=\"69154e831c31fe036\" role=\"button\" data-toggle=\"collapse\" data-parent=\"#accordion-22964-1\" data-target=\"#69154e831c31fe036\" href=\"#69154e831c31fe036\"><span class=\"fusion-toggle-icon-wrapper\" aria-hidden=\"true\"><i class=\"fa-fusion-box active-icon awb-icon-minus\" aria-hidden=\"true\"><\/i><i class=\"fa-fusion-box inactive-icon awb-icon-plus\" aria-hidden=\"true\"><\/i><\/span><span class=\"fusion-toggle-heading\">Certificados y Reconocimientos<\/span><\/a><\/h4><\/div><div id=\"69154e831c31fe036\" class=\"panel-collapse collapse in\" aria-labelledby=\"toggle_69154e831c31fe036\"><div class=\"panel-body toggle-content fusion-clearfix\">\n<p id=\"tw-target-text\" class=\"tw-data-text vk_txt tw-ta tw-text-small\" dir=\"ltr\" data-placeholder=\"Traducci\u00f3n\">Los sistemas de Gesti\u00f3n de Calidad, Ambiental y de Seguridad y Salud en el Trabajo en Intecsa Industrial\u00a0est\u00e1n\u00a0certificados de acuerdo a las normas <strong>UNE-EN ISO 9001-2015<\/strong>, <strong>ISO 14001-2015<\/strong> y <strong>ISO 45001-2018<\/strong>.<\/p>\n<p class=\"tw-data-text vk_txt tw-ta tw-text-small\" dir=\"ltr\" data-placeholder=\"Traducci\u00f3n\">Nuestra Pol\u00edtica de Seguridad, Salud y Medioambiente protege a nuestro personal, nuestros clientes, as\u00ed como al medioambiente durante la ejecuci\u00f3n del proyecto.<\/p>\n<p style=\"text-align: left;\"><img decoding=\"async\" class=\"alignnone size-full wp-image-22635\" src=\"https:\/\/www.intecsaindustrial.com\/wp-content\/uploads\/2023\/02\/Certificados-ISO-Intecsa-Industrial-1.png\" alt=\"\" width=\"1000\" height=\"350\" srcset=\"https:\/\/www.intecsaindustrial.com\/wp-content\/uploads\/2023\/02\/Certificados-ISO-Intecsa-Industrial-1-200x70.png 200w, https:\/\/www.intecsaindustrial.com\/wp-content\/uploads\/2023\/02\/Certificados-ISO-Intecsa-Industrial-1-400x140.png 400w, https:\/\/www.intecsaindustrial.com\/wp-content\/uploads\/2023\/02\/Certificados-ISO-Intecsa-Industrial-1-600x210.png 600w, https:\/\/www.intecsaindustrial.com\/wp-content\/uploads\/2023\/02\/Certificados-ISO-Intecsa-Industrial-1-768x269.png 768w, https:\/\/www.intecsaindustrial.com\/wp-content\/uploads\/2023\/02\/Certificados-ISO-Intecsa-Industrial-1-800x280.png 800w, https:\/\/www.intecsaindustrial.com\/wp-content\/uploads\/2023\/02\/Certificados-ISO-Intecsa-Industrial-1.png 1000w\" sizes=\"(max-width: 1000px) 100vw, 1000px\" \/><\/p>\n<p>Agradecemos sinceramente a Heat Transfer Research, Inc. por recibir a Intecsa Ingenier\u00eda Industrial S.A. como miembro. Nos sentimos orgullosos de formar parte de una comunidad global l\u00edder dedicada a la excelencia en la transferencia de calor en procesos.<\/p>\n<p><img decoding=\"async\" class=\"alignleft wp-image-28415\" src=\"https:\/\/www.intecsaindustrial.com\/wp-content\/uploads\/2025\/07\/HTRI-Membership-2025-2028.png\" alt=\"\" width=\"565\" height=\"426\" \/><\/p>\n<\/div><\/div><\/div><\/div><\/div><div class=\"fusion-clearfix\"><\/div><\/div><\/div><\/div><\/div><div class=\"fusion-fullwidth fullwidth-box fusion-builder-row-4 hundred-percent-fullwidth non-hundred-percent-height-scrolling\" style=\"--awb-border-radius-top-left:0px;--awb-border-radius-top-right:0px;--awb-border-radius-bottom-right:0px;--awb-border-radius-bottom-left:0px;--awb-overflow:visible;--awb-margin-top:20px;--awb-margin-bottom:20px;--awb-background-color:rgba(255,255,255,0);--awb-flex-wrap:wrap;\" ><div class=\"fusion-builder-row fusion-row\"><div class=\"fusion-layout-column fusion_builder_column fusion-builder-column-4 fusion_builder_column_1_1 1_1 fusion-one-full fusion-column-first fusion-column-last fusion-column-no-min-height\" style=\"--awb-bg-size:cover;--awb-margin-bottom:0px;\"><div class=\"fusion-column-wrapper fusion-flex-column-wrapper-legacy\"><div class=\"fusion-sep-clear\"><\/div><div class=\"fusion-separator fusion-full-width-sep\" style=\"margin-left: auto;margin-right: auto;width:100%;\"><\/div><div class=\"fusion-sep-clear\"><\/div><div class=\"fusion-clearfix\"><\/div><\/div><\/div><\/div><\/div><div class=\"fusion-fullwidth fullwidth-box fusion-builder-row-5 hundred-percent-fullwidth non-hundred-percent-height-scrolling\" style=\"--awb-border-radius-top-left:0px;--awb-border-radius-top-right:0px;--awb-border-radius-bottom-right:0px;--awb-border-radius-bottom-left:0px;--awb-padding-top:0px;--awb-padding-right:0px;--awb-padding-bottom:0px;--awb-padding-left:0px;--awb-flex-wrap:wrap;\" ><div class=\"fusion-builder-row fusion-row\"><div class=\"fusion-layout-column fusion_builder_column fusion-builder-column-5 fusion_builder_column_1_1 1_1 fusion-one-full fusion-column-first fusion-column-last fusion-column-no-min-height\" style=\"--awb-padding-top:50px;--awb-padding-bottom:50px;--awb-bg-color:#ededed;--awb-bg-color-hover:#ededed;--awb-bg-size:cover;--awb-margin-bottom:0px;\"><div class=\"fusion-column-wrapper fusion-flex-column-wrapper-legacy\"><div class=\"fusion-title title fusion-title-3 fusion-title-center fusion-title-text fusion-title-size-three\" style=\"--awb-margin-bottom:0px;--awb-margin-top-small:10px;--awb-margin-right-small:0px;--awb-margin-bottom-small:10px;--awb-margin-left-small:0px;--awb-sep-color:#003355;\"><div class=\"title-sep-container title-sep-container-left\"><div class=\"title-sep sep-single sep-solid\" style=\"border-color:#003355;\"><\/div><\/div><span class=\"awb-title-spacer\"><\/span><h3 class=\"fusion-title-heading title-heading-center fusion-responsive-typography-calculated\" style=\"margin:0;--fontSize:17;--minFontSize:17;line-height:1.41;\"><span style=\"color: #004289; font-size: 3.0em;\"><strong>Experiencia y Globalizaci\u00f3n<\/strong><\/span><\/h3><span class=\"awb-title-spacer\"><\/span><div class=\"title-sep-container title-sep-container-right\"><div class=\"title-sep sep-single sep-solid\" style=\"border-color:#003355;\"><\/div><\/div><\/div><div class=\"fusion-text fusion-text-2\"><p style=\"text-align: center;\"><span style=\"color: #666666;\">Nuestros clientes han confiado sus proyectos de ingenier\u00eda y construcci\u00f3n durante los \u00faltimos 60 a\u00f1os en m\u00e1s de 120 pa\u00edses de los 5 continentes<\/span><\/p>\n<\/div><div class=\"fusion-clearfix\"><\/div><\/div><\/div><\/div><\/div><div class=\"fusion-fullwidth fullwidth-box fusion-builder-row-6 fusion-flex-container has-pattern-background has-mask-background hundred-percent-fullwidth non-hundred-percent-height-scrolling\" style=\"--awb-border-radius-top-left:0px;--awb-border-radius-top-right:0px;--awb-border-radius-bottom-right:0px;--awb-border-radius-bottom-left:0px;--awb-padding-right:0px;--awb-padding-left:0px;--awb-flex-wrap:wrap;\" ><div class=\"fusion-builder-row fusion-row fusion-flex-align-items-flex-start fusion-flex-content-wrap\" style=\"width:104% !important;max-width:104% !important;margin-left: calc(-4% \/ 2 );margin-right: calc(-4% \/ 2 );\"><div class=\"fusion-layout-column fusion_builder_column fusion-builder-column-6 fusion_builder_column_1_1 1_1 fusion-flex-column\" style=\"--awb-bg-size:cover;--awb-width-large:100%;--awb-margin-top-large:0px;--awb-spacing-right-large:1.92%;--awb-margin-bottom-large:20px;--awb-spacing-left-large:1.92%;--awb-width-medium:100%;--awb-order-medium:0;--awb-spacing-right-medium:1.92%;--awb-spacing-left-medium:1.92%;--awb-width-small:100%;--awb-order-small:0;--awb-spacing-right-small:1.92%;--awb-spacing-left-small:1.92%;\" data-scroll-devices=\"small-visibility,medium-visibility,large-visibility\"><div class=\"fusion-column-wrapper fusion-column-has-shadow fusion-flex-justify-content-flex-start fusion-content-layout-column\"><iframe id=\"panoee-tour-embeded\" name=\"Visita Intecsa Industrial\" src=\"https:\/\/tour.panoee.com\/iframe\/visita-intecsa\" frameBorder=\"0\" width=\"100%\" height=\"600px\" scrolling=\"no\" allowvr=\"yes\" allow=\"vr; xr; accelerometer; gyroscope; autoplay;\" allowFullScreen=\"true\" webkitallowfullscreen=\"true\" mozallowfullscreen=\"true\" loading=\"lazy\"><\/iframe>\n      <script>\n        var pano_iframe_name = \"panoee-tour-embeded\";\n        window.addEventListener(\"devicemotion\", function(e){ var iframe = document.getElementById(pano_iframe_name); if (iframe) iframe.contentWindow.postMessage({ type:\"devicemotion\", deviceMotionEvent:{ acceleration:{ x:e.acceleration.x, y:e.acceleration.y, z:e.acceleration.z }, accelerationIncludingGravity:{ x:e.accelerationIncludingGravity.x, y:e.accelerationIncludingGravity.y, z:e.accelerationIncludingGravity.z }, rotationRate:{ alpha:e.rotationRate.alpha, beta:e.rotationRate.beta, gamma:e.rotationRate.gamma }, interval:e.interval, timeStamp:e.timeStamp } }, \"*\"); });\n      <\/script><\/div><\/div><\/div><\/div><div class=\"fusion-fullwidth fullwidth-box fusion-builder-row-7 fusion-flex-container has-pattern-background has-mask-background fusion-parallax-none hundred-percent-fullwidth non-hundred-percent-height-scrolling\" style=\"--awb-background-repeat:repeat;--awb-border-radius-top-left:0px;--awb-border-radius-top-right:0px;--awb-border-radius-bottom-right:0px;--awb-border-radius-bottom-left:0px;--awb-padding-top:0px;--awb-padding-right:30px;--awb-padding-bottom:0px;--awb-padding-left:30px;--awb-margin-top:0px;--awb-margin-bottom:0px;--awb-background-color:#ffffff;--awb-background-image:url(&quot;https:\/\/www.intecsaindustrial.com\/wp-content\/uploads\/2022\/09\/fondo-areas-de-negocio-ingenieria-1.jpg&quot;);--awb-flex-wrap:wrap;\" ><div class=\"fusion-builder-row fusion-row fusion-flex-align-items-flex-start fusion-flex-content-wrap\" style=\"width:104% !important;max-width:104% !important;margin-left: calc(-4% \/ 2 );margin-right: calc(-4% \/ 2 );\"><div class=\"fusion-layout-column fusion_builder_column fusion-builder-column-7 fusion_builder_column_1_1 1_1 fusion-flex-column\" style=\"--awb-padding-top:15px;--awb-padding-bottom:15px;--awb-bg-size:cover;--awb-width-large:100%;--awb-margin-top-large:0px;--awb-spacing-right-large:1.92%;--awb-margin-bottom-large:0px;--awb-spacing-left-large:1.92%;--awb-width-medium:100%;--awb-order-medium:0;--awb-spacing-right-medium:1.92%;--awb-spacing-left-medium:1.92%;--awb-width-small:100%;--awb-order-small:0;--awb-spacing-right-small:1.92%;--awb-spacing-left-small:1.92%;\" data-scroll-devices=\"small-visibility,medium-visibility,large-visibility\"><div class=\"fusion-column-wrapper fusion-column-has-shadow fusion-flex-justify-content-flex-start fusion-content-layout-column\"><div class=\"fusion-separator fusion-full-width-sep\" style=\"align-self: center;margin-left: auto;margin-right: auto;margin-top:30px;margin-bottom:30px;width:100%;\"><\/div><\/div><\/div><\/div><\/div><\/p>\n","protected":false},"excerpt":{"rendered":"","protected":false},"author":3,"featured_media":0,"parent":0,"menu_order":0,"comment_status":"open","ping_status":"open","template":"100-width.php","meta":{"footnotes":""},"class_list":["post-22964","page","type-page","status-publish","hentry"],"_links":{"self":[{"href":"https:\/\/www.intecsaindustrial.com\/es\/wp-json\/wp\/v2\/pages\/22964","targetHints":{"allow":["GET"]}}],"collection":[{"href":"https:\/\/www.intecsaindustrial.com\/es\/wp-json\/wp\/v2\/pages"}],"about":[{"href":"https:\/\/www.intecsaindustrial.com\/es\/wp-json\/wp\/v2\/types\/page"}],"author":[{"embeddable":true,"href":"https:\/\/www.intecsaindustrial.com\/es\/wp-json\/wp\/v2\/users\/3"}],"replies":[{"embeddable":true,"href":"https:\/\/www.intecsaindustrial.com\/es\/wp-json\/wp\/v2\/comments?post=22964"}],"version-history":[{"count":33,"href":"https:\/\/www.intecsaindustrial.com\/es\/wp-json\/wp\/v2\/pages\/22964\/revisions"}],"predecessor-version":[{"id":28752,"href":"https:\/\/www.intecsaindustrial.com\/es\/wp-json\/wp\/v2\/pages\/22964\/revisions\/28752"}],"wp:attachment":[{"href":"https:\/\/www.intecsaindustrial.com\/es\/wp-json\/wp\/v2\/media?parent=22964"}],"curies":[{"name":"wp","href":"https:\/\/api.w.org\/{rel}","templated":true}]}}