{"id":24905,"date":"2023-07-13T09:26:28","date_gmt":"2023-07-13T09:26:28","guid":{"rendered":"https:\/\/www.intecsaindustrial.com\/?page_id=24905"},"modified":"2023-07-21T10:50:36","modified_gmt":"2023-07-21T10:50:36","slug":"sector-energia","status":"publish","type":"page","link":"https:\/\/www.intecsaindustrial.com\/es\/sector-energia\/","title":{"rendered":"Sector Energ\u00eda"},"content":{"rendered":"<p><div class=\"fusion-fullwidth fullwidth-box fusion-builder-row-1 fusion-flex-container has-pattern-background has-mask-background fusion-parallax-none hundred-percent-fullwidth non-hundred-percent-height-scrolling\" style=\"--awb-background-position:center top;--awb-background-repeat:repeat;--awb-border-radius-top-left:0px;--awb-border-radius-top-right:0px;--awb-border-radius-bottom-right:0px;--awb-border-radius-bottom-left:0px;--awb-padding-top:60px;--awb-padding-bottom:50px;--awb-margin-top:0px;--awb-margin-bottom:0px;--awb-background-color:#f5f6f7;--awb-background-image:url(&quot;https:\/\/www.intecsaindustrial.com\/wp-content\/uploads\/2022\/09\/fondo-areas-de-negocio-ingenieria-1.jpg&quot;);--awb-flex-wrap:wrap;\" ><div class=\"fusion-builder-row fusion-row fusion-flex-align-items-stretch fusion-flex-justify-content-center fusion-flex-content-wrap\" style=\"width:calc( 100% + 24px ) !important;max-width:calc( 100% + 24px ) !important;margin-left: calc(-24px \/ 2 );margin-right: calc(-24px \/ 2 );\"><div class=\"fusion-layout-column fusion_builder_column fusion-builder-column-0 fusion_builder_column_1_1 1_1 fusion-flex-column\" style=\"--awb-bg-size:cover;--awb-width-large:100%;--awb-margin-top-large:0px;--awb-spacing-right-large:12px;--awb-margin-bottom-large:0px;--awb-spacing-left-large:12px;--awb-width-medium:100%;--awb-order-medium:0;--awb-spacing-right-medium:12px;--awb-spacing-left-medium:12px;--awb-width-small:100%;--awb-order-small:0;--awb-spacing-right-small:12px;--awb-margin-bottom-small:64px;--awb-spacing-left-small:12px;\" data-scroll-devices=\"small-visibility,medium-visibility,large-visibility\"><div class=\"fusion-column-wrapper fusion-column-has-shadow fusion-flex-justify-content-flex-start fusion-content-layout-column\"><div class=\"fusion-title title fusion-title-1 fusion-title-center fusion-title-text fusion-title-size-two\" style=\"--awb-text-color:#003355;--awb-margin-top-small:10px;--awb-margin-right-small:0px;--awb-margin-bottom-small:10px;--awb-margin-left-small:0px;--awb-sep-color:#e8e9ea;--awb-font-size:60px;\"><div class=\"title-sep-container title-sep-container-left\"><div class=\"title-sep sep-single sep-solid\" style=\"border-color:#e8e9ea;\"><\/div><\/div><span class=\"awb-title-spacer\"><\/span><h2 class=\"fusion-title-heading title-heading-center fusion-responsive-typography-calculated\" style=\"font-family:&quot;Inter&quot;;font-style:normal;font-weight:800;margin:0;letter-spacing:-0.03em;font-size:1em;--fontSize:60;line-height:1.16;\">L\u00edder en la Industria Energ\u00e9tica con<br \/>\nm\u00e1s de 15,000 MW Dise\u00f1ados y Construidos<\/h2><span class=\"awb-title-spacer\"><\/span><div class=\"title-sep-container title-sep-container-right\"><div class=\"title-sep sep-single sep-solid\" style=\"border-color:#e8e9ea;\"><\/div><\/div><\/div><\/div><\/div><\/div><\/div><div id=\"ejecucion\" class=\"fusion-container-anchor\"><section class=\"fusion-fullwidth fullwidth-box fusion-builder-row-2 has-pattern-background has-mask-background hundred-percent-fullwidth non-hundred-percent-height-scrolling fusion-equal-height-columns\" style=\"--awb-background-position:left center;--awb-background-blend-mode:multiply;--awb-border-sizes-top:0px;--awb-border-sizes-bottom:0px;--awb-border-sizes-left:0px;--awb-border-sizes-right:0px;--awb-border-radius-top-left:0px;--awb-border-radius-top-right:0px;--awb-border-radius-bottom-right:0px;--awb-border-radius-bottom-left:0px;--awb-padding-top:0px;--awb-padding-right:0px;--awb-padding-bottom:0px;--awb-padding-left:0px;--awb-margin-top:0px;--awb-margin-bottom:0px;--awb-background-color:rgba(97,176,244,0.21);--awb-flex-wrap:wrap;\" ><div class=\"awb-background-mask\" style=\"background-image:  url(data:image\/svg+xml;utf8,%3Csvg%20width%3D%221920%22%20height%3D%22954%22%20fill%3D%22none%22%20xmlns%3D%22http%3A%2F%2Fwww.w3.org%2F2000%2Fsvg%22%3E%3Cpath%20fill-rule%3D%22evenodd%22%20clip-rule%3D%22evenodd%22%20d%3D%22M904.977%200H0v954h807.883l581.057-580.912.16-.153c117.27-117.238%20307.32-117.316%20424.49-.174%20117.17%20117.143%20117.09%20307.146-.17%20424.384L1656.52%20954H1920V0h-166.39l-580.96%20580.813c-117.27%20117.239-307.318%20117.317-424.491.174-117.172-117.142-117.094-307.145.174-424.383L904.977%200z%22%20fill%3D%22rgba%28201%2C238%2C255%2C0.77%29%22%2F%3E%3C%2Fsvg%3E);opacity: 0.82 ;transform: scale(-1, 1);mix-blend-mode:overlay;\"><\/div><div class=\"fusion-builder-row fusion-row\"><div class=\"fusion-layout-column fusion_builder_column fusion-builder-column-1 fusion_builder_column_3_4 3_4 fusion-three-fourth fusion-column-first fusion-column-no-min-height\" style=\"--awb-padding-top:40px;--awb-padding-right:60px;--awb-padding-bottom:30px;--awb-padding-left:60px;--awb-bg-size:cover;--awb-margin-bottom:0px;\" data-scroll-devices=\"small-visibility,medium-visibility,large-visibility\"><div class=\"fusion-column-wrapper fusion-column-has-shadow fusion-flex-column-wrapper-legacy\"><div class=\"fusion-title title fusion-title-2 fusion-title-text fusion-title-size-three\" style=\"--awb-text-color:#003355;--awb-margin-bottom:10px;--awb-margin-top-small:10px;--awb-margin-right-small:0px;--awb-margin-bottom-small:10px;--awb-margin-left-small:0px;--awb-sep-color:#003355;--awb-font-size:60px;\"><h3 class=\"fusion-title-heading title-heading-left fusion-responsive-typography-calculated\" style=\"font-family:&quot;Inter&quot;;font-style:normal;font-weight:800;margin:0;font-size:1em;--fontSize:60;line-height:1;\">Pr\u00e1cticamente 60 a\u00f1os de Experiencia<\/h3><span class=\"awb-title-spacer\"><\/span><div class=\"title-sep-container\"><div class=\"title-sep sep-single sep-solid\" style=\"border-color:#003355;\"><\/div><\/div><\/div><div class=\"fusion-text fusion-text-1 fusion-text-no-margin\" style=\"--awb-content-alignment:justify;--awb-line-height:1.5;--awb-text-color:#727272;--awb-margin-top:0px;--awb-margin-right:0px;--awb-margin-bottom:15px;--awb-margin-left:0px;\"><p>Intecsa industrial, tras su fusi\u00f3n por adquisici\u00f3n con Initec Energ\u00eda, cuenta con uno de los mayores historiales de referencias dentro del sector de la energ\u00eda en Europa. Las referencias van desde las plantas de energ\u00eda convencional abarcando todas las tecnolog\u00edas, as\u00ed como las plantas de energ\u00eda renovable con las \u00faltimas tecnolog\u00edas disponibles, alguna desarrolladas internamente por la compa\u00f1\u00eda.<\/p>\n<p>Gracias a esta amplia experiencia, Intecsa Industrial se ha convertido en un referente en el dise\u00f1o, construcci\u00f3n y puesta en marcha de proyectos energ\u00e9ticos de gran envergadura a nivel nacional e internacional<\/p>\n<p>En el \u00e1mbito de las plantas de energ\u00eda convencional, Intecsa Industrial ha participado en la construcci\u00f3n de centrales de ciclo combinado, que aprovechan tanto el gas natural como el vapor de agua para generar electricidad de manera eficiente.<\/p>\n<p>La adquisici\u00f3n de Initec Energ\u00eda ha fortalecido a\u00fan m\u00e1s la posici\u00f3n de Intecsa Industrial en el mercado energ\u00e9tico, permitiendo a la empresa ampliar su alcance y ofrecer soluciones integrales a sus clientes.<\/p>\n<p>Desde el dise\u00f1o conceptual y la ingenier\u00eda b\u00e1sica hasta la construcci\u00f3n, la puesta en marcha y el mantenimiento de las instalaciones, Intecsa Industrial se ha consolidado como un socio confiable y experimentado en el desarrollo de proyectos energ\u00e9ticos de cualquier escala y complejidad. Su experiencia en este tipo de proyectos ha permitido a la empresa desempe\u00f1ar un papel fundamental en la expansi\u00f3n y modernizaci\u00f3n de la energ\u00eda convencional en diferentes pa\u00edses.<\/p>\n<\/div><div class=\"fusion-clearfix\"><\/div><\/div><\/div><div class=\"fusion-layout-column fusion_builder_column fusion-builder-column-2 fusion_builder_column_1_4 1_4 fusion-one-fourth fusion-column-last\" style=\"--awb-padding-right:100px;--awb-padding-bottom:100px;--awb-bg-color:#ffffff;--awb-bg-color-hover:#ffffff;--awb-bg-image:url(&#039;https:\/\/www.intecsaindustrial.com\/wp-content\/uploads\/2023\/07\/Ejecucion-energia-ejemplar-3.jpg&#039;);--awb-bg-position:center top;--awb-bg-size:cover;--awb-margin-bottom:0px;\" data-scroll-devices=\"small-visibility,medium-visibility,large-visibility\"><div class=\"fusion-column-wrapper fusion-column-has-shadow fusion-flex-column-wrapper-legacy fusion-empty-column-bg-image fusion-column-has-bg-image\" data-bg-url=\"https:\/\/www.intecsaindustrial.com\/wp-content\/uploads\/2023\/07\/Ejecucion-energia-ejemplar-3.jpg\"><div class=\"fusion-column-content-centered\"><div class=\"fusion-column-content\"><img decoding=\"async\" class=\"fusion-empty-dims-img-placeholder fusion-no-large-visibility\" src=\"data:image\/gif;base64,R0lGODlhAQABAAAAACH5BAEKAAEALAAAAAABAAEAAAICTAEAOw==\"><\/div><\/div><div class=\"fusion-clearfix\"><\/div><\/div><\/div><\/div><\/section><\/div><div class=\"fusion-fullwidth fullwidth-box fusion-builder-row-3 fusion-flex-container has-pattern-background has-mask-background fusion-parallax-none hundred-percent-fullwidth non-hundred-percent-height-scrolling\" style=\"--awb-background-repeat:repeat;--awb-border-radius-top-left:0px;--awb-border-radius-top-right:0px;--awb-border-radius-bottom-right:0px;--awb-border-radius-bottom-left:0px;--awb-padding-top:0px;--awb-padding-right:30px;--awb-padding-bottom:0px;--awb-padding-left:30px;--awb-margin-top:0px;--awb-margin-bottom:0px;--awb-background-color:#ffffff;--awb-background-image:url(&quot;https:\/\/www.intecsaindustrial.com\/wp-content\/uploads\/2022\/09\/fondo-areas-de-negocio-ingenieria-1.jpg&quot;);--awb-flex-wrap:wrap;\" ><div class=\"fusion-builder-row fusion-row fusion-flex-align-items-flex-start fusion-flex-content-wrap\" style=\"width:104% !important;max-width:104% !important;margin-left: calc(-4% \/ 2 );margin-right: calc(-4% \/ 2 );\"><div class=\"fusion-layout-column fusion_builder_column fusion-builder-column-3 fusion_builder_column_1_1 1_1 fusion-flex-column\" style=\"--awb-padding-top:15px;--awb-padding-bottom:15px;--awb-bg-size:cover;--awb-width-large:100%;--awb-margin-top-large:0px;--awb-spacing-right-large:1.92%;--awb-margin-bottom-large:0px;--awb-spacing-left-large:1.92%;--awb-width-medium:100%;--awb-order-medium:0;--awb-spacing-right-medium:1.92%;--awb-spacing-left-medium:1.92%;--awb-width-small:100%;--awb-order-small:0;--awb-spacing-right-small:1.92%;--awb-spacing-left-small:1.92%;\" data-scroll-devices=\"small-visibility,medium-visibility,large-visibility\"><div class=\"fusion-column-wrapper fusion-column-has-shadow fusion-flex-justify-content-flex-start fusion-content-layout-column\"><div class=\"fusion-separator fusion-full-width-sep\" style=\"align-self: center;margin-left: auto;margin-right: auto;margin-top:30px;margin-bottom:30px;width:100%;\"><\/div><\/div><\/div><\/div><\/div><div id=\"ejecucion\" class=\"fusion-container-anchor\"><section class=\"fusion-fullwidth fullwidth-box fusion-builder-row-4 has-pattern-background has-mask-background hundred-percent-fullwidth non-hundred-percent-height-scrolling fusion-equal-height-columns\" style=\"--awb-background-position:left center;--awb-background-blend-mode:multiply;--awb-border-sizes-top:0px;--awb-border-sizes-bottom:0px;--awb-border-sizes-left:0px;--awb-border-sizes-right:0px;--awb-border-radius-top-left:0px;--awb-border-radius-top-right:0px;--awb-border-radius-bottom-right:0px;--awb-border-radius-bottom-left:0px;--awb-padding-top:0px;--awb-padding-right:0px;--awb-padding-bottom:0px;--awb-padding-left:0px;--awb-margin-top:0px;--awb-margin-bottom:0px;--awb-background-color:rgba(249,212,117,0.21);--awb-flex-wrap:wrap;\" ><div class=\"awb-background-mask\" style=\"background-image:  url(data:image\/svg+xml;utf8,%3Csvg%20width%3D%221920%22%20height%3D%22954%22%20fill%3D%22none%22%20xmlns%3D%22http%3A%2F%2Fwww.w3.org%2F2000%2Fsvg%22%3E%3Cpath%20fill-rule%3D%22evenodd%22%20clip-rule%3D%22evenodd%22%20d%3D%22M904.977%200H0v954h807.883l581.057-580.912.16-.153c117.27-117.238%20307.32-117.316%20424.49-.174%20117.17%20117.143%20117.09%20307.146-.17%20424.384L1656.52%20954H1920V0h-166.39l-580.96%20580.813c-117.27%20117.239-307.318%20117.317-424.491.174-117.172-117.142-117.094-307.145.174-424.383L904.977%200z%22%20fill%3D%22rgba%28255%2C255%2C255%2C1%29%22%2F%3E%3C%2Fsvg%3E);opacity: 0.82 ;mix-blend-mode:overlay;\"><\/div><div class=\"fusion-builder-row fusion-row\"><div class=\"fusion-layout-column fusion_builder_column fusion-builder-column-4 fusion_builder_column_1_4 1_4 fusion-one-fourth fusion-column-first\" style=\"--awb-padding-top:100px;--awb-padding-bottom:100px;--awb-bg-color:#ffffff;--awb-bg-color-hover:#ffffff;--awb-bg-image:url(&#039;https:\/\/www.intecsaindustrial.com\/wp-content\/uploads\/2023\/07\/Vision-energia.jpg&#039;);--awb-bg-position:center top;--awb-bg-size:cover;--awb-margin-bottom:0px;\" data-scroll-devices=\"small-visibility,medium-visibility,large-visibility\"><div class=\"fusion-column-wrapper fusion-column-has-shadow fusion-flex-column-wrapper-legacy fusion-empty-column-bg-image fusion-column-has-bg-image\" data-bg-url=\"https:\/\/www.intecsaindustrial.com\/wp-content\/uploads\/2023\/07\/Vision-energia.jpg\"><div class=\"fusion-column-content-centered\"><div class=\"fusion-column-content\"><img decoding=\"async\" class=\"fusion-empty-dims-img-placeholder fusion-no-large-visibility\" src=\"data:image\/gif;base64,R0lGODlhAQABAAAAACH5BAEKAAEALAAAAAABAAEAAAICTAEAOw==\"><\/div><\/div><div class=\"fusion-clearfix\"><\/div><\/div><\/div><div class=\"fusion-layout-column fusion_builder_column fusion-builder-column-5 fusion_builder_column_3_4 3_4 fusion-three-fourth fusion-column-last fusion-column-no-min-height\" style=\"--awb-padding-top:40px;--awb-padding-right:60px;--awb-padding-bottom:30px;--awb-padding-left:60px;--awb-bg-size:cover;--awb-margin-bottom:0px;\" data-scroll-devices=\"small-visibility,medium-visibility,large-visibility\"><div class=\"fusion-column-wrapper fusion-column-has-shadow fusion-flex-column-wrapper-legacy\"><div class=\"fusion-title title fusion-title-3 fusion-title-text fusion-title-size-three\" style=\"--awb-text-color:#003355;--awb-margin-bottom:10px;--awb-margin-top-small:10px;--awb-margin-right-small:0px;--awb-margin-bottom-small:10px;--awb-margin-left-small:0px;--awb-sep-color:#003355;--awb-font-size:60px;\"><h3 class=\"fusion-title-heading title-heading-left fusion-responsive-typography-calculated\" style=\"font-family:&quot;Inter&quot;;font-style:normal;font-weight:800;margin:0;font-size:1em;--fontSize:60;line-height:1;\">Pioneros en Energ\u00edas Sostenibles<\/h3><span class=\"awb-title-spacer\"><\/span><div class=\"title-sep-container\"><div class=\"title-sep sep-single sep-solid\" style=\"border-color:#003355;\"><\/div><\/div><\/div><div class=\"fusion-text fusion-text-2 fusion-text-no-margin\" style=\"--awb-content-alignment:justify;--awb-line-height:1.5;--awb-text-color:#727272;--awb-margin-top:0px;--awb-margin-right:0px;--awb-margin-bottom:15px;--awb-margin-left:0px;\"><p>En cuanto a las energ\u00edas renovables, Intecsa Industrial desempe\u00f1a un papel destacado a nivel internacional.<\/p>\n<p>Ha incursionado en la producci\u00f3n de energ\u00eda a partir de biomasa, utilizando residuos org\u00e1nicos y materiales biodegradables para generar electricidad y calor. Estas plantas de biomasa han demostrado ser una alternativa viable y sostenible para diversificar la matriz energ\u00e9tica, reducir la dependencia de los combustibles f\u00f3siles y disminuir las emisiones de gases de efecto invernadero.<\/p>\n<p>Proyectos que se basan en tecnolog\u00edas limpias y sostenibles que aprovechan los recursos naturales disponibles, para generar electricidad de forma respetuosa con el medio ambiente. La empresa ha implementado soluciones innovadoras y eficientes para maximizar la producci\u00f3n de energ\u00eda renovable y as\u00ed minimizar el impacto ambiental.<\/p>\n<p>Con una visi\u00f3n orientada hacia el futuro, Intecsa Industrial contin\u00faa invirtiendo en investigaci\u00f3n y desarrollo para estar a la vanguardia de las nuevas tecnolog\u00edas y tendencias en el sector energ\u00e9tico. Su compromiso con la innovaci\u00f3n y la sostenibilidad le permite adaptarse a los cambios del mercado y brindar soluciones energ\u00e9ticas eficientes y respetuosas con el medio ambiente.<\/p>\n<p>En resumen, la amplia experiencia de Intecsa Industrial en el sector de la energ\u00eda, tanto en plantas convencionales como en energ\u00edas renovables, respalda su posici\u00f3n como un l\u00edder reconocido en la industria. Su capacidad para llevar a cabo proyectos de gran envergadura y su compromiso con la excelencia y la sostenibilidad son los pilares que han impulsado su \u00e9xito a lo largo de los a\u00f1os y seguir\u00e1n guiando su crecimiento en el futuro.<\/p>\n<\/div><div class=\"fusion-clearfix\"><\/div><\/div><\/div><\/div><\/section><\/div><div class=\"fusion-fullwidth fullwidth-box fusion-builder-row-5 fusion-flex-container has-pattern-background has-mask-background fusion-parallax-none hundred-percent-fullwidth non-hundred-percent-height-scrolling\" style=\"--awb-background-repeat:repeat;--awb-border-radius-top-left:0px;--awb-border-radius-top-right:0px;--awb-border-radius-bottom-right:0px;--awb-border-radius-bottom-left:0px;--awb-padding-top:0px;--awb-padding-right:30px;--awb-padding-bottom:0px;--awb-padding-left:30px;--awb-margin-top:0px;--awb-margin-bottom:0px;--awb-background-color:#ffffff;--awb-background-image:url(&quot;https:\/\/www.intecsaindustrial.com\/wp-content\/uploads\/2022\/09\/fondo-areas-de-negocio-ingenieria-1.jpg&quot;);--awb-flex-wrap:wrap;\" ><div class=\"fusion-builder-row fusion-row fusion-flex-align-items-flex-start fusion-flex-content-wrap\" style=\"width:104% !important;max-width:104% !important;margin-left: calc(-4% \/ 2 );margin-right: calc(-4% \/ 2 );\"><div class=\"fusion-layout-column fusion_builder_column fusion-builder-column-6 fusion_builder_column_1_1 1_1 fusion-flex-column\" style=\"--awb-padding-top:15px;--awb-padding-bottom:15px;--awb-bg-size:cover;--awb-width-large:100%;--awb-margin-top-large:0px;--awb-spacing-right-large:1.92%;--awb-margin-bottom-large:0px;--awb-spacing-left-large:1.92%;--awb-width-medium:100%;--awb-order-medium:0;--awb-spacing-right-medium:1.92%;--awb-spacing-left-medium:1.92%;--awb-width-small:100%;--awb-order-small:0;--awb-spacing-right-small:1.92%;--awb-spacing-left-small:1.92%;\" data-scroll-devices=\"small-visibility,medium-visibility,large-visibility\"><div class=\"fusion-column-wrapper fusion-column-has-shadow fusion-flex-justify-content-flex-start fusion-content-layout-column\"><div class=\"fusion-separator fusion-full-width-sep\" style=\"align-self: center;margin-left: auto;margin-right: auto;margin-top:30px;margin-bottom:30px;width:100%;\"><\/div><\/div><\/div><\/div><\/div><\/p>\n","protected":false},"excerpt":{"rendered":"","protected":false},"author":3,"featured_media":0,"parent":0,"menu_order":0,"comment_status":"closed","ping_status":"closed","template":"100-width.php","meta":{"footnotes":""},"class_list":["post-24905","page","type-page","status-publish","hentry"],"_links":{"self":[{"href":"https:\/\/www.intecsaindustrial.com\/es\/wp-json\/wp\/v2\/pages\/24905","targetHints":{"allow":["GET"]}}],"collection":[{"href":"https:\/\/www.intecsaindustrial.com\/es\/wp-json\/wp\/v2\/pages"}],"about":[{"href":"https:\/\/www.intecsaindustrial.com\/es\/wp-json\/wp\/v2\/types\/page"}],"author":[{"embeddable":true,"href":"https:\/\/www.intecsaindustrial.com\/es\/wp-json\/wp\/v2\/users\/3"}],"replies":[{"embeddable":true,"href":"https:\/\/www.intecsaindustrial.com\/es\/wp-json\/wp\/v2\/comments?post=24905"}],"version-history":[{"count":66,"href":"https:\/\/www.intecsaindustrial.com\/es\/wp-json\/wp\/v2\/pages\/24905\/revisions"}],"predecessor-version":[{"id":27460,"href":"https:\/\/www.intecsaindustrial.com\/es\/wp-json\/wp\/v2\/pages\/24905\/revisions\/27460"}],"wp:attachment":[{"href":"https:\/\/www.intecsaindustrial.com\/es\/wp-json\/wp\/v2\/media?parent=24905"}],"curies":[{"name":"wp","href":"https:\/\/api.w.org\/{rel}","templated":true}]}}