{"id":28194,"date":"2025-03-27T09:20:41","date_gmt":"2025-03-27T08:20:41","guid":{"rendered":"https:\/\/www.intecsaindustrial.com\/?page_id=28194"},"modified":"2025-04-24T12:54:41","modified_gmt":"2025-04-24T10:54:41","slug":"aviso-legal","status":"publish","type":"page","link":"https:\/\/www.intecsaindustrial.com\/es\/aviso-legal\/","title":{"rendered":"Aviso Legal"},"content":{"rendered":"<div class=\"fusion-fullwidth fullwidth-box fusion-builder-row-1 fusion-flex-container nonhundred-percent-fullwidth non-hundred-percent-height-scrolling\" style=\"--awb-border-radius-top-left:0px;--awb-border-radius-top-right:0px;--awb-border-radius-bottom-right:0px;--awb-border-radius-bottom-left:0px;--awb-flex-wrap:wrap;\" ><div class=\"fusion-builder-row fusion-row fusion-flex-align-items-flex-start fusion-flex-content-wrap\" style=\"max-width:1310.4px;margin-left: calc(-4% \/ 2 );margin-right: calc(-4% \/ 2 );\"><div class=\"fusion-layout-column fusion_builder_column fusion-builder-column-0 fusion_builder_column_1_1 1_1 fusion-flex-column\" style=\"--awb-bg-size:cover;--awb-width-large:100%;--awb-margin-top-large:0px;--awb-spacing-right-large:1.92%;--awb-margin-bottom-large:0px;--awb-spacing-left-large:1.92%;--awb-width-medium:100%;--awb-spacing-right-medium:1.92%;--awb-spacing-left-medium:1.92%;--awb-width-small:100%;--awb-spacing-right-small:1.92%;--awb-spacing-left-small:1.92%;\"><div class=\"fusion-column-wrapper fusion-flex-justify-content-flex-start fusion-content-layout-column\"><div class=\"fusion-text fusion-text-1\" style=\"--awb-content-alignment:justify;\"><p><strong>1- DATOS IDENTIFICATIVOS<\/strong><\/p>\n<p>En cumplimiento del deber de informaci\u00f3n establecido en la Ley 34\/2002, de 11 de julio, de Servicios de la Sociedad de la Informaci\u00f3n y de comercio electr\u00f3nico (en adelante, \u201cLSSI\u201d), a continuaci\u00f3n se facilitan los siguientes datos: la empresa titular de www.intecsaindustrial.com (en adelante, el \u201cSitio Web\u201d) es INTECSA INGENIERIA INDUSTRIAL, S.A. con NIF A79036851, empresa domiciliada en C\/ V\u00eda de los Poblados, 9. 28033 \u041cadrid (Espa\u00f1a), entidad inscrita en Registro Mercantil de Madrid, al tomo 711, folio 1, hoja M-14.500 (en adelante, INTECSA).<\/p>\n<p>Datos de contacto:<\/p>\n<p>Tel\u00e9fono: +34 91 749 7000<\/p>\n<p>E-mail: <a href=\"mailto:sales@intecsaindustrial.com\">sales@intecsaindustrial.com<\/a><\/p>\n<p><strong>2- RESPONSABILIDAD DEL USUARIO<\/strong><\/p>\n<p>Toda persona que acceda a este sitio web asume la condici\u00f3n de USUARIO, comprometi\u00e9ndose a no utilizar el SITIO WEB ni la informaci\u00f3n contenida en el mismo para la realizaci\u00f3n de actividades contrarias a la Ley, a la moral o al orden p\u00fablico y, en general, a hacer un uso conforme a las condiciones establecidas por la entidad.<\/p>\n<p>El Usuario se responsabiliza de las opiniones, contenidos y, en general, de todas las actividades que realice, no pudiendo responsabilizar a la entidad de los da\u00f1os y perjuicios que pudieran derivarse de dichas actividades ajenas a su voluntad y de las que sea efectivamente desconocedor<\/p>\n<p><strong>3- RESPONSABILIDAD DE INTECSA<\/strong><\/p>\n<p>La entidad no ser\u00e1 responsable de los posibles errores en el acceso al SITIO WEB o de sus contenidos, pero har\u00e1 lo posible para que \u00e9stos no se produzcan.<\/p>\n<p>La entidad se reserva el derecho, sin previo aviso, de suspender temporalmente la accesibilidad al SITIO WEB en caso de que sea necesario realizar tareas de mantenimiento, reparaci\u00f3n o mejora.<\/p>\n<p><strong>4- PROPIEDAD INTELECTUAL E INDUSTRIAL<\/strong><\/p>\n<p>Todos los contenidos del SITIO WEB (incluyendo, sin car\u00e1cter limitativo, bases de datos, im\u00e1genes, dibujos, gr\u00e1ficos, archivos de texto, audio, v\u00eddeo y software) son propiedad de la entidad y est\u00e1n protegidos por la normativa nacional e internacional de propiedad intelectual e industrial, quedando reservados todos los derechos.<\/p>\n<p>El nombre de dominio, las marcas, r\u00f3tulos, signos distintivos o logos que aparecen en el SITIO WEB son propiedad de la entidad.<\/p>\n<p>Los textos, dibujos gr\u00e1ficos, v\u00eddeos o soportes de audio que puedan encontrarse en este SITIO WEB, ahora o en el futuro, son propiedad de la entidad, por lo que no est\u00e1 permitida su:<\/p>\n<ul>\n<li>Reproducci\u00f3n, distribuci\u00f3n o modificaci\u00f3n, a menos que se cuente con la autorizaci\u00f3n de la entidad o ello resulte legalmente permitido.<\/li>\n<li>Cualquier vulneraci\u00f3n de los derechos de la entidad o de los leg\u00edtimos titulares de los mismos.<\/li>\n<li>Utilizaci\u00f3n para cualquier tipo de fines comerciales o publicitarios distintos de los estrictamente permitidos.<\/li>\n<li>Cualquier intento de obtener los contenidos del SITIO WEB por cualquier medio distinto a los facilitados a los USUARIOS, y a los habitualmente utilizados en el SITIO WEB.<\/li>\n<\/ul>\n<p><strong>5- EXCLUSI\u00d3N DE GARANT\u00cdAS Y RESPONSABILIDAD<\/strong><\/p>\n<p>La entidad no se hace responsable, en ning\u00fan caso, de los da\u00f1os y perjuicios de cualquier naturaleza que pudieran ocasionar los USUARIOS, a t\u00edtulo enunciativo: errores u omisiones en los contenidos, falta de disponibilidad del portal o la transmisi\u00f3n de virus o programas maliciosos o lesivos en los contenidos, a pesar de haber adoptado todas las medidas tecnol\u00f3gicas necesarias para evitarlo.<\/p>\n<p><strong>6- MODIFICACIONES<\/strong><\/p>\n<p>La entidad se reserva el derecho de efectuar sin previo aviso las modificaciones que considere oportunas en su SITIO WEB, pudiendo cambiar, suprimir o a\u00f1adir tanto los contenidos y servicios que se presten a trav\u00e9s del mismo, como la forma en la que \u00e9stos aparezcan presentados o localizados en su SITIO WEB.<\/p>\n<p><strong>7- HIPERV\u00cdNCULOS<\/strong><\/p>\n<p>El establecimiento de cualquier hiperv\u00ednculo desde una p\u00e1gina web a cualquiera de las p\u00e1ginas del SITIO WEB de la entidad estar\u00e1 sujeto a las siguientes condiciones:<\/p>\n<ul>\n<li>No se permite la reproducci\u00f3n total o parcial de ninguno de los servicios del SITIO WEB de la entidad.<\/li>\n<li>No se establecer\u00e1n \u201cdeep links\u201d con las p\u00e1ginas del SITIO WEB de la entidad, ni se crear\u00e1 un buscador o un entorno en relaci\u00f3n con las mismas.<\/li>\n<li>La p\u00e1gina web en la que se establezca el hiperenlace no contendr\u00e1 ninguna marca, nombre comercial, r\u00f3tulo de establecimiento, denominaci\u00f3n, logotipo, eslogan u otros signos distintivos pertenecientes a la entidad.<\/li>\n<li>En ning\u00fan caso la entidad ser\u00e1 responsable de los contenidos, informaciones, manifestaciones, opiniones o servicios facilitados al p\u00fablico en general de la p\u00e1gina web en la que se establezca el hiperv\u00ednculo a este SITIO WEB.<\/li>\n<li>Cualquier hiperv\u00ednculo se efectuar\u00e1 a la p\u00e1gina principal del SITIO WEB.<\/li>\n<\/ul>\n<p>Los hiperv\u00ednculos en el SITIO WEB han sido previamente acordados con los titulares de las p\u00e1ginas web enlazadas. La entidad no se responsabiliza del mal uso o de las actividades contrarias a la ley, moral o el orden p\u00fablico que realicen los usuarios de estas p\u00e1ginas web enlazadas.<\/p>\n<p><strong>8- VIGENCIA DE LAS CONDICIONES DE USO<\/strong><\/p>\n<p>La entidad podr\u00e1 modificar en cualquier momento las condiciones aqu\u00ed determinadas, siendo debidamente publicadas como aqu\u00ed aparecen. La vigencia de las citadas condiciones depender\u00e1 en funci\u00f3n de su exposici\u00f3n y estar\u00e1n vigentes hasta que sean modificadas por otras debidamente publicadas.<\/p>\n<p><strong>9- LEY APLICABLE Y JURISDICCI\u00d3N<\/strong><\/p>\n<p>La prestaci\u00f3n del servicio de este SITIO WEB y las presentes condiciones de uso se rigen por la ley espa\u00f1ola. Toda cuesti\u00f3n litigiosa que incumba a los servicios prestados a trav\u00e9s de este SITIO WEB, ser\u00e1 resuelta a trav\u00e9s de los tribunales arbitrales de consumo, mediadores o semejantes a los que se encuentre adherida INTECSA en el momento de producirse la controversia, as\u00ed como los juzgados y tribunales correspondientes de conformidad con la legislaci\u00f3n espa\u00f1ola.<\/p>\n<p>INTECSA INGENIERIA INDUSTRIAL, S.A.\u00a0 2025<\/p>\n<\/div><\/div><\/div><\/div><\/div>\n","protected":false},"excerpt":{"rendered":"","protected":false},"author":3,"featured_media":0,"parent":0,"menu_order":0,"comment_status":"open","ping_status":"open","template":"","meta":{"footnotes":""},"class_list":["post-28194","page","type-page","status-publish","hentry"],"_links":{"self":[{"href":"https:\/\/www.intecsaindustrial.com\/es\/wp-json\/wp\/v2\/pages\/28194","targetHints":{"allow":["GET"]}}],"collection":[{"href":"https:\/\/www.intecsaindustrial.com\/es\/wp-json\/wp\/v2\/pages"}],"about":[{"href":"https:\/\/www.intecsaindustrial.com\/es\/wp-json\/wp\/v2\/types\/page"}],"author":[{"embeddable":true,"href":"https:\/\/www.intecsaindustrial.com\/es\/wp-json\/wp\/v2\/users\/3"}],"replies":[{"embeddable":true,"href":"https:\/\/www.intecsaindustrial.com\/es\/wp-json\/wp\/v2\/comments?post=28194"}],"version-history":[{"count":3,"href":"https:\/\/www.intecsaindustrial.com\/es\/wp-json\/wp\/v2\/pages\/28194\/revisions"}],"predecessor-version":[{"id":28355,"href":"https:\/\/www.intecsaindustrial.com\/es\/wp-json\/wp\/v2\/pages\/28194\/revisions\/28355"}],"wp:attachment":[{"href":"https:\/\/www.intecsaindustrial.com\/es\/wp-json\/wp\/v2\/media?parent=28194"}],"curies":[{"name":"wp","href":"https:\/\/api.w.org\/{rel}","templated":true}]}}